{"id":9910,"date":"2026-03-31T19:19:59","date_gmt":"2026-03-31T17:19:59","guid":{"rendered":"https:\/\/secihouse.lt\/?post_type=product&#038;p=9910"},"modified":"2026-04-05T17:45:14","modified_gmt":"2026-04-05T15:45:14","slug":"secihouse-paper-world","status":"publish","type":"product","link":"https:\/\/secihouse.lt\/index.php\/product\/secihouse-paper-world\/","title":{"rendered":"SeciHouse &#8211; Paper World"},"content":{"rendered":"<p dir=\"auto\"><strong>PAPER WORLD \u2013 popierin\u0117s l\u0117lyt\u0117s k\u016brybi\u0161kam \u017eaidimui<\/strong><\/p>\n<p dir=\"auto\">\u201ePaper World\u201c \u2013 tai \u017eaismingas, rank\u0173 darbo lavinantis rinkinys vaikams, kuris skatina kurti savo istorijas ir pasinerti \u012f vaidmen\u0173 \u017eaidimus.<\/p>\n<h3 dir=\"auto\">Rinkinyje rasite:<\/h3>\n<ul dir=\"auto\">\n<li>Vien\u0105 popierin\u0119 l\u0117lyt\u0119<\/li>\n<li>\u012evairius kei\u010diamus r\u016bbelius<\/li>\n<li>Smulkius aksesuarus ir daiktelius \u017eaidimui<\/li>\n<\/ul>\n<p dir=\"auto\">R\u016bbeliai lengvai prisitvirtina prie l\u0117lyt\u0117s ir puikiai laikosi, tod\u0117l vaikai gali nevar\u017eomai keisti aprang\u0105, kurti derinius ir kurti vis naujus persona\u017eus.<\/p>\n<h3 dir=\"auto\">Kod\u0117l verta rinktis \u201ePaper World\u201c?<\/h3>\n<ul dir=\"auto\">\n<li>Skatina k\u016brybi\u0161kum\u0105 ir vaizduot\u0119<\/li>\n<li>Lavina smulki\u0105j\u0105 motorik\u0105<\/li>\n<li>Padeda ugdyti savaranki\u0161k\u0105 ir ram\u0173 \u017eaidim\u0105<\/li>\n<li>Puikiai tinka \u017eaisti namuose ir kelion\u0117se<\/li>\n<\/ul>\n<p dir=\"auto\">Tai puiki dovana vaikams, kurie m\u0117gsta kurti, d\u0117lioti ir pasinerti \u012f savo ma\u017e\u0105 \u201epopierin\u012f pasaul\u012f\u201c.<\/p>\n","protected":false},"excerpt":{"rendered":"<p>PAPER WORLD \u2013 popierin\u0117s l\u0117lyt\u0117s k\u016brybi\u0161kam \u017eaidimui \u201ePaper World\u201c \u2013 tai \u017eaismingas, rank\u0173 darbo lavinantis rinkinys vaikams, kuris skatina kurti savo istorijas ir pasinerti \u012f vaidmen\u0173 \u017eaidimus. Rinkinyje rasite: Vien\u0105 popierin\u0119 l\u0117lyt\u0119 \u012evairius kei\u010diamus r\u016bbelius Smulkius aksesuarus ir daiktelius \u017eaidimui R\u016bbeliai lengvai prisitvirtina prie l\u0117lyt\u0117s ir puikiai laikosi, tod\u0117l vaikai gali nevar\u017eomai keisti aprang\u0105, kurti [&hellip;]<\/p>\n","protected":false},"featured_media":9917,"template":"","meta":[],"product_brand":[],"product_cat":[186,66],"product_tag":[882,881,42],"class_list":{"0":"post-9910","1":"product","2":"type-product","3":"status-publish","4":"has-post-thumbnail","6":"product_cat-naujienos","7":"product_cat-zaislai","8":"product_tag-paper-doll","9":"product_tag-popierine-lelyte","10":"product_tag-zaislai","11":"","13":"first","14":"instock","15":"taxable","16":"shipping-taxable","17":"purchasable","18":"product-type-variable"},"_links":{"self":[{"href":"https:\/\/secihouse.lt\/index.php\/wp-json\/wp\/v2\/product\/9910","targetHints":{"allow":["GET"]}}],"collection":[{"href":"https:\/\/secihouse.lt\/index.php\/wp-json\/wp\/v2\/product"}],"about":[{"href":"https:\/\/secihouse.lt\/index.php\/wp-json\/wp\/v2\/types\/product"}],"wp:featuredmedia":[{"embeddable":true,"href":"https:\/\/secihouse.lt\/index.php\/wp-json\/wp\/v2\/media\/9917"}],"wp:attachment":[{"href":"https:\/\/secihouse.lt\/index.php\/wp-json\/wp\/v2\/media?parent=9910"}],"wp:term":[{"taxonomy":"product_brand","embeddable":true,"href":"https:\/\/secihouse.lt\/index.php\/wp-json\/wp\/v2\/product_brand?post=9910"},{"taxonomy":"product_cat","embeddable":true,"href":"https:\/\/secihouse.lt\/index.php\/wp-json\/wp\/v2\/product_cat?post=9910"},{"taxonomy":"product_tag","embeddable":true,"href":"https:\/\/secihouse.lt\/index.php\/wp-json\/wp\/v2\/product_tag?post=9910"}],"curies":[{"name":"wp","href":"https:\/\/api.w.org\/{rel}","templated":true}]}}