{"id":9686,"date":"2026-01-07T19:15:54","date_gmt":"2026-01-07T17:15:54","guid":{"rendered":"https:\/\/secihouse.lt\/?post_type=product&#038;p=9686"},"modified":"2026-01-07T19:15:54","modified_gmt":"2026-01-07T17:15:54","slug":"konges-slojd-mini-kuprine-strawberry","status":"publish","type":"product","link":"https:\/\/secihouse.lt\/index.php\/product\/konges-slojd-mini-kuprine-strawberry\/","title":{"rendered":"Konges Slojd mini kuprin\u0117 &#8211; Strawberry"},"content":{"rendered":"<p data-start=\"0\" data-end=\"145\">Tos \u017eavios bei sald\u017eios bra\u0161k\u0117s mmmm&#8230; ta\u010diau \u0161\u012f kartel\u012f apie nuostabi\u0105 kuprin\u0119!<\/p>\n<p data-start=\"0\" data-end=\"145\">Mini kuprin\u0117, sukurta kaip gardi ma\u017eyt\u0117 bra\u0161k\u0117. Ji turi reguliuojamus nugaros dir\u017eelius, mink\u0161t\u0105 pamink\u0161tinim\u0105 ir lengvai u\u017esegam\u0105 u\u017etrauktuk\u0105.<\/p>\n<p data-start=\"147\" data-end=\"212\">\n<p data-start=\"147\" data-end=\"212\">\n<p data-start=\"147\" data-end=\"212\"><strong>Sud\u0117tis<\/strong>: Poliesteris 100%<\/p>\n<p data-start=\"147\" data-end=\"212\"><strong>Dydis<\/strong>:\u00a0Auk\u0161tis: 26,5 cm \u00d7 Plotis: 25 cm \u00d7 Gylis: 4,5 cm<\/p>\n<p data-start=\"214\" data-end=\"323\" data-is-last-node=\"\" data-is-only-node=\"\">\u0160is produktas sertifikuotas pagal <strong data-start=\"248\" data-end=\"283\">OEKO-TEX\u00ae STANDARD 100, 1 klas\u0119<\/strong>, patvirtinta DTI Tekstil, DTI 2276-361.<\/p>\n","protected":false},"excerpt":{"rendered":"<p>Tos \u017eavios bei sald\u017eios bra\u0161k\u0117s mmmm&#8230; ta\u010diau \u0161\u012f kartel\u012f apie nuostabi\u0105 kuprin\u0119! Mini kuprin\u0117, sukurta kaip gardi ma\u017eyt\u0117 bra\u0161k\u0117. Ji turi reguliuojamus nugaros dir\u017eelius, mink\u0161t\u0105 pamink\u0161tinim\u0105 ir lengvai u\u017esegam\u0105 u\u017etrauktuk\u0105. Sud\u0117tis: Poliesteris 100% Dydis:\u00a0Auk\u0161tis: 26,5 cm \u00d7 Plotis: 25 cm \u00d7 Gylis: 4,5 cm \u0160is produktas sertifikuotas pagal OEKO-TEX\u00ae STANDARD 100, 1 klas\u0119, patvirtinta DTI [&hellip;]<\/p>\n","protected":false},"featured_media":9690,"template":"","meta":[],"product_brand":[],"product_cat":[67,186],"product_tag":[224,236,490,839],"class_list":{"0":"post-9686","1":"product","2":"type-product","3":"status-publish","4":"has-post-thumbnail","6":"product_cat-apranga-aksesuarai","7":"product_cat-naujienos","8":"product_tag-aksesuarai","9":"product_tag-konges-slojd","10":"product_tag-kuprine","11":"product_tag-mini-kuprine","12":"","14":"first","15":"instock","16":"taxable","17":"shipping-taxable","18":"purchasable","19":"product-type-simple"},"_links":{"self":[{"href":"https:\/\/secihouse.lt\/index.php\/wp-json\/wp\/v2\/product\/9686","targetHints":{"allow":["GET"]}}],"collection":[{"href":"https:\/\/secihouse.lt\/index.php\/wp-json\/wp\/v2\/product"}],"about":[{"href":"https:\/\/secihouse.lt\/index.php\/wp-json\/wp\/v2\/types\/product"}],"wp:featuredmedia":[{"embeddable":true,"href":"https:\/\/secihouse.lt\/index.php\/wp-json\/wp\/v2\/media\/9690"}],"wp:attachment":[{"href":"https:\/\/secihouse.lt\/index.php\/wp-json\/wp\/v2\/media?parent=9686"}],"wp:term":[{"taxonomy":"product_brand","embeddable":true,"href":"https:\/\/secihouse.lt\/index.php\/wp-json\/wp\/v2\/product_brand?post=9686"},{"taxonomy":"product_cat","embeddable":true,"href":"https:\/\/secihouse.lt\/index.php\/wp-json\/wp\/v2\/product_cat?post=9686"},{"taxonomy":"product_tag","embeddable":true,"href":"https:\/\/secihouse.lt\/index.php\/wp-json\/wp\/v2\/product_tag?post=9686"}],"curies":[{"name":"wp","href":"https:\/\/api.w.org\/{rel}","templated":true}]}}