{"id":9680,"date":"2026-01-07T19:09:12","date_gmt":"2026-01-07T17:09:12","guid":{"rendered":"https:\/\/secihouse.lt\/?post_type=product&#038;p=9680"},"modified":"2026-01-13T23:16:20","modified_gmt":"2026-01-13T21:16:20","slug":"konges-slojd-radijas","status":"publish","type":"product","link":"https:\/\/secihouse.lt\/index.php\/product\/konges-slojd-radijas\/","title":{"rendered":"Konges Slojd radijas"},"content":{"rendered":"<p data-start=\"0\" data-end=\"76\">K\u016bdiki\u0173 radijas sukurtas d\u017eiuginti ma\u017eas rankytes ir smalsias mintis.<\/p>\n<p data-start=\"78\" data-end=\"230\">Su mygtukais paspausti, ratukais pasukti ir atsiranda linksmas garso efektas, jis skatina smulki\u0105j\u0105 motorik\u0105 ir padeda suprasti prie\u017easties ir pasekm\u0117s ry\u0161\u012f.<\/p>\n<p data-start=\"232\" data-end=\"362\">Pagamintas kompakti\u0161ko, ne\u0161iojamo dizaino, su lygiomis kra\u0161tin\u0117mis ir taktilin\u0117mis savyb\u0117mis, kurias lengva paimti ir paspausti.<\/p>\n<p data-start=\"364\" data-end=\"424\" data-is-last-node=\"\" data-is-only-node=\"\">\n<p data-start=\"364\" data-end=\"424\" data-is-last-node=\"\" data-is-only-node=\"\"><strong>Baterijos:<\/strong> 2 \u00d7 AA (ne\u012ftrauktos)<br data-start=\"395\" data-end=\"398\" \/><strong>Rekomenduojamas am\u017eius:<\/strong> Vaikams nuo 12 m\u0117n.+<\/p>\n","protected":false},"excerpt":{"rendered":"<p>K\u016bdiki\u0173 radijas sukurtas d\u017eiuginti ma\u017eas rankytes ir smalsias mintis. Su mygtukais paspausti, ratukais pasukti ir atsiranda linksmas garso efektas, jis skatina smulki\u0105j\u0105 motorik\u0105 ir padeda suprasti prie\u017easties ir pasekm\u0117s ry\u0161\u012f. Pagamintas kompakti\u0161ko, ne\u0161iojamo dizaino, su lygiomis kra\u0161tin\u0117mis ir taktilin\u0117mis savyb\u0117mis, kurias lengva paimti ir paspausti. Baterijos: 2 \u00d7 AA (ne\u012ftrauktos)Rekomenduojamas am\u017eius: Vaikams nuo 12 m\u0117n.+<\/p>\n","protected":false},"featured_media":9681,"template":"","meta":[],"product_brand":[],"product_cat":[186,66],"product_tag":[236,450,632,42],"class_list":{"0":"post-9680","1":"product","2":"type-product","3":"status-publish","4":"has-post-thumbnail","6":"product_cat-naujienos","7":"product_cat-zaislai","8":"product_tag-konges-slojd","9":"product_tag-konges-slojd-zaislai","10":"product_tag-muzikinis-zaislas","11":"product_tag-zaislai","12":"","14":"first","15":"instock","16":"taxable","17":"shipping-taxable","18":"purchasable","19":"product-type-simple"},"_links":{"self":[{"href":"https:\/\/secihouse.lt\/index.php\/wp-json\/wp\/v2\/product\/9680","targetHints":{"allow":["GET"]}}],"collection":[{"href":"https:\/\/secihouse.lt\/index.php\/wp-json\/wp\/v2\/product"}],"about":[{"href":"https:\/\/secihouse.lt\/index.php\/wp-json\/wp\/v2\/types\/product"}],"wp:featuredmedia":[{"embeddable":true,"href":"https:\/\/secihouse.lt\/index.php\/wp-json\/wp\/v2\/media\/9681"}],"wp:attachment":[{"href":"https:\/\/secihouse.lt\/index.php\/wp-json\/wp\/v2\/media?parent=9680"}],"wp:term":[{"taxonomy":"product_brand","embeddable":true,"href":"https:\/\/secihouse.lt\/index.php\/wp-json\/wp\/v2\/product_brand?post=9680"},{"taxonomy":"product_cat","embeddable":true,"href":"https:\/\/secihouse.lt\/index.php\/wp-json\/wp\/v2\/product_cat?post=9680"},{"taxonomy":"product_tag","embeddable":true,"href":"https:\/\/secihouse.lt\/index.php\/wp-json\/wp\/v2\/product_tag?post=9680"}],"curies":[{"name":"wp","href":"https:\/\/api.w.org\/{rel}","templated":true}]}}