{"id":9672,"date":"2026-01-07T19:02:59","date_gmt":"2026-01-07T17:02:59","guid":{"rendered":"https:\/\/secihouse.lt\/?post_type=product&#038;p=9672"},"modified":"2026-01-07T19:09:54","modified_gmt":"2026-01-07T17:09:54","slug":"konges-slojd","status":"publish","type":"product","link":"https:\/\/secihouse.lt\/index.php\/product\/konges-slojd\/","title":{"rendered":"Konges Slojd valgymo \u012frankiai"},"content":{"rendered":"<p data-start=\"0\" data-end=\"51\">Be galo \u017eaismingas ind\u0173 rinkinys i\u0161 kurio bus gardu ! \u00a0Ind\u0173 rinkinys, pagamintas i\u0161 100 % perdirbto PET.<\/p>\n<p data-start=\"53\" data-end=\"164\">Rinkin\u012f sudaro duben\u0117lis, l\u0117k\u0161t\u0117, puodelis ir stalo \u012franki\u0173 rinkinys, puikiai pritaikytas ma\u017eyt\u0117ms rankyt\u0117ms.<\/p>\n<p data-start=\"166\" data-end=\"192\" data-is-last-node=\"\" data-is-only-node=\"\">\n<p data-start=\"166\" data-end=\"192\" data-is-last-node=\"\" data-is-only-node=\"\"><strong>Rekomenduojamas am\u017eius:<\/strong> \u00a0Vaikams nuo 18 m\u0117n.+<\/p>\n<p data-start=\"166\" data-end=\"192\" data-is-last-node=\"\" data-is-only-node=\"\">\n","protected":false},"excerpt":{"rendered":"<p>Be galo \u017eaismingas ind\u0173 rinkinys i\u0161 kurio bus gardu ! \u00a0Ind\u0173 rinkinys, pagamintas i\u0161 100 % perdirbto PET. Rinkin\u012f sudaro duben\u0117lis, l\u0117k\u0161t\u0117, puodelis ir stalo \u012franki\u0173 rinkinys, puikiai pritaikytas ma\u017eyt\u0117ms rankyt\u0117ms. Rekomenduojamas am\u017eius: \u00a0Vaikams nuo 18 m\u0117n.+<\/p>\n","protected":false},"featured_media":9673,"template":"","meta":[],"product_brand":[],"product_cat":[186],"product_tag":[838,236,164,837],"class_list":{"0":"post-9672","1":"product","2":"type-product","3":"status-publish","4":"has-post-thumbnail","6":"product_cat-naujienos","7":"product_tag-irankiai-maistui","8":"product_tag-konges-slojd","9":"product_tag-laikas-pietums","10":"product_tag-valgymo-rinkinys","11":"","13":"first","14":"instock","15":"taxable","16":"shipping-taxable","17":"purchasable","18":"product-type-simple"},"_links":{"self":[{"href":"https:\/\/secihouse.lt\/index.php\/wp-json\/wp\/v2\/product\/9672","targetHints":{"allow":["GET"]}}],"collection":[{"href":"https:\/\/secihouse.lt\/index.php\/wp-json\/wp\/v2\/product"}],"about":[{"href":"https:\/\/secihouse.lt\/index.php\/wp-json\/wp\/v2\/types\/product"}],"wp:featuredmedia":[{"embeddable":true,"href":"https:\/\/secihouse.lt\/index.php\/wp-json\/wp\/v2\/media\/9673"}],"wp:attachment":[{"href":"https:\/\/secihouse.lt\/index.php\/wp-json\/wp\/v2\/media?parent=9672"}],"wp:term":[{"taxonomy":"product_brand","embeddable":true,"href":"https:\/\/secihouse.lt\/index.php\/wp-json\/wp\/v2\/product_brand?post=9672"},{"taxonomy":"product_cat","embeddable":true,"href":"https:\/\/secihouse.lt\/index.php\/wp-json\/wp\/v2\/product_cat?post=9672"},{"taxonomy":"product_tag","embeddable":true,"href":"https:\/\/secihouse.lt\/index.php\/wp-json\/wp\/v2\/product_tag?post=9672"}],"curies":[{"name":"wp","href":"https:\/\/api.w.org\/{rel}","templated":true}]}}