{"id":9664,"date":"2026-01-07T18:57:46","date_gmt":"2026-01-07T16:57:46","guid":{"rendered":"https:\/\/secihouse.lt\/?post_type=product&#038;p=9664"},"modified":"2026-01-07T18:57:46","modified_gmt":"2026-01-07T16:57:46","slug":"konges-slojd-mano-pirmasis-indu-rinkinys","status":"publish","type":"product","link":"https:\/\/secihouse.lt\/index.php\/product\/konges-slojd-mano-pirmasis-indu-rinkinys\/","title":{"rendered":"Konges Slojd mano pirmasis ind\u0173 rinkinys"},"content":{"rendered":"<p data-start=\"0\" data-end=\"318\">Visada yra pirm\u0173 kart\u0173 su k\u016bdik\u0117liais. \u0160is ind\u0173 rinkinys sukurtas specialiai k\u016bdikiams, kurie tik pradeda pa\u017eint\u012f su kieto maisto pasauliu. Rinkin\u012f sudaro nepraleid\u017eiantis puodelis su snapeliu ir prakti\u0161ka l\u0117k\u0161t\u0117 su skyriais maistui, kad j\u016bs\u0173 k\u016bdikiui b\u016bt\u0173 lengviau tyrin\u0117ti naujus skonius.<\/p>\n<p data-start=\"320\" data-end=\"438\">\n<p data-start=\"440\" data-end=\"518\">\n<p data-start=\"440\" data-end=\"518\"><strong>Prie\u017ei\u016bra:<\/strong><br data-start=\"450\" data-end=\"453\" \/>Rinkinys tinkamas naudoti mikrobang\u0173 krosnel\u0117je ir indaplov\u0117je.<\/p>\n<p data-start=\"520\" data-end=\"545\" data-is-last-node=\"\" data-is-only-node=\"\">\n<p data-start=\"520\" data-end=\"545\" data-is-last-node=\"\" data-is-only-node=\"\"><strong>Rekomenduojamas am\u017eius:<\/strong> Vaikams nuo 6 m\u0117n.+<\/p>\n<p>&nbsp;<\/p>\n<p><strong>Sud\u0117tis:<\/strong>100 % perdirbtas PET (polietileno tereftalatas)<\/p>\n","protected":false},"excerpt":{"rendered":"<p>Visada yra pirm\u0173 kart\u0173 su k\u016bdik\u0117liais. \u0160is ind\u0173 rinkinys sukurtas specialiai k\u016bdikiams, kurie tik pradeda pa\u017eint\u012f su kieto maisto pasauliu. Rinkin\u012f sudaro nepraleid\u017eiantis puodelis su snapeliu ir prakti\u0161ka l\u0117k\u0161t\u0117 su skyriais maistui, kad j\u016bs\u0173 k\u016bdikiui b\u016bt\u0173 lengviau tyrin\u0117ti naujus skonius. Prie\u017ei\u016bra:Rinkinys tinkamas naudoti mikrobang\u0173 krosnel\u0117je ir indaplov\u0117je. Rekomenduojamas am\u017eius: Vaikams nuo 6 m\u0117n.+ &nbsp; Sud\u0117tis:100 [&hellip;]<\/p>\n","protected":false},"featured_media":9666,"template":"","meta":[],"product_brand":[],"product_cat":[65,186],"product_tag":[330,836,164,773,331,837],"class_list":{"0":"post-9664","1":"product","2":"type-product","3":"status-publish","4":"has-post-thumbnail","6":"product_cat-laikas-pietums","7":"product_cat-naujienos","8":"product_tag-indeliai","9":"product_tag-konges-slojd-valgymo-rinkinys","10":"product_tag-laikas-pietums","11":"product_tag-valgymo-indeliai","12":"product_tag-valgymo-indeliu-komplektas","13":"product_tag-valgymo-rinkinys","14":"","16":"first","17":"instock","18":"taxable","19":"shipping-taxable","20":"purchasable","21":"product-type-simple"},"_links":{"self":[{"href":"https:\/\/secihouse.lt\/index.php\/wp-json\/wp\/v2\/product\/9664","targetHints":{"allow":["GET"]}}],"collection":[{"href":"https:\/\/secihouse.lt\/index.php\/wp-json\/wp\/v2\/product"}],"about":[{"href":"https:\/\/secihouse.lt\/index.php\/wp-json\/wp\/v2\/types\/product"}],"wp:featuredmedia":[{"embeddable":true,"href":"https:\/\/secihouse.lt\/index.php\/wp-json\/wp\/v2\/media\/9666"}],"wp:attachment":[{"href":"https:\/\/secihouse.lt\/index.php\/wp-json\/wp\/v2\/media?parent=9664"}],"wp:term":[{"taxonomy":"product_brand","embeddable":true,"href":"https:\/\/secihouse.lt\/index.php\/wp-json\/wp\/v2\/product_brand?post=9664"},{"taxonomy":"product_cat","embeddable":true,"href":"https:\/\/secihouse.lt\/index.php\/wp-json\/wp\/v2\/product_cat?post=9664"},{"taxonomy":"product_tag","embeddable":true,"href":"https:\/\/secihouse.lt\/index.php\/wp-json\/wp\/v2\/product_tag?post=9664"}],"curies":[{"name":"wp","href":"https:\/\/api.w.org\/{rel}","templated":true}]}}