{"id":9656,"date":"2026-01-07T18:49:02","date_gmt":"2026-01-07T16:49:02","guid":{"rendered":"https:\/\/secihouse.lt\/?post_type=product&#038;p=9656"},"modified":"2026-04-15T14:27:10","modified_gmt":"2026-04-15T12:27:10","slug":"konges-slojd-rankinukas-sunelis","status":"publish","type":"product","link":"https:\/\/secihouse.lt\/index.php\/product\/konges-slojd-rankinukas-sunelis\/","title":{"rendered":"Konges Slojd rankinukas \u0161unelis"},"content":{"rendered":"<p data-start=\"0\" data-end=\"288\">\u0161uniuko formos rankin\u0117 \u2013 tikra svajon\u0117. Pagaminta i\u0161 itin mink\u0161tos ir purios med\u017eiagos, be galo \u0161velni. Rankin\u0117 turi piln\u0105 u\u017etrauktuko u\u017esegim\u0105 ir dir\u017eel\u012f vir\u0161uje, tod\u0117l gal\u0117site patogiai ne\u0161iotis visus b\u016btiniausius daiktus.<\/p>\n<p data-start=\"290\" data-end=\"337\" data-is-last-node=\"\" data-is-only-node=\"\">\n<p data-start=\"290\" data-end=\"337\" data-is-last-node=\"\" data-is-only-node=\"\"><strong>Rekomenduojamas a\u017emius:<\/strong> Vaikams nuo 24 m\u0117n.+<br data-start=\"316\" data-end=\"319\" \/><strong>Sud\u0117tis:<\/strong> 100% poliestreris<\/p>\n","protected":false},"excerpt":{"rendered":"<p>\u0161uniuko formos rankin\u0117 \u2013 tikra svajon\u0117. Pagaminta i\u0161 itin mink\u0161tos ir purios med\u017eiagos, be galo \u0161velni. Rankin\u0117 turi piln\u0105 u\u017etrauktuko u\u017esegim\u0105 ir dir\u017eel\u012f vir\u0161uje, tod\u0117l gal\u0117site patogiai ne\u0161iotis visus b\u016btiniausius daiktus. Rekomenduojamas a\u017emius: Vaikams nuo 24 m\u0117n.+Sud\u0117tis: 100% poliestreris<\/p>\n","protected":false},"featured_media":9657,"template":"","meta":[],"product_brand":[],"product_cat":[67,186,66],"product_tag":[224,236,833,835,834,139,42],"class_list":{"0":"post-9656","1":"product","2":"type-product","3":"status-publish","4":"has-post-thumbnail","6":"product_cat-apranga-aksesuarai","7":"product_cat-naujienos","8":"product_cat-zaislai","9":"product_tag-aksesuarai","10":"product_tag-konges-slojd","11":"product_tag-konges-slojd-rankinukas","12":"product_tag-rankine","13":"product_tag-rankinukas","14":"product_tag-sunelis","15":"product_tag-zaislai","16":"","18":"first","19":"instock","20":"taxable","21":"shipping-taxable","22":"purchasable","23":"product-type-simple"},"_links":{"self":[{"href":"https:\/\/secihouse.lt\/index.php\/wp-json\/wp\/v2\/product\/9656","targetHints":{"allow":["GET"]}}],"collection":[{"href":"https:\/\/secihouse.lt\/index.php\/wp-json\/wp\/v2\/product"}],"about":[{"href":"https:\/\/secihouse.lt\/index.php\/wp-json\/wp\/v2\/types\/product"}],"wp:featuredmedia":[{"embeddable":true,"href":"https:\/\/secihouse.lt\/index.php\/wp-json\/wp\/v2\/media\/9657"}],"wp:attachment":[{"href":"https:\/\/secihouse.lt\/index.php\/wp-json\/wp\/v2\/media?parent=9656"}],"wp:term":[{"taxonomy":"product_brand","embeddable":true,"href":"https:\/\/secihouse.lt\/index.php\/wp-json\/wp\/v2\/product_brand?post=9656"},{"taxonomy":"product_cat","embeddable":true,"href":"https:\/\/secihouse.lt\/index.php\/wp-json\/wp\/v2\/product_cat?post=9656"},{"taxonomy":"product_tag","embeddable":true,"href":"https:\/\/secihouse.lt\/index.php\/wp-json\/wp\/v2\/product_tag?post=9656"}],"curies":[{"name":"wp","href":"https:\/\/api.w.org\/{rel}","templated":true}]}}