{"id":9640,"date":"2026-01-07T18:34:49","date_gmt":"2026-01-07T16:34:49","guid":{"rendered":"https:\/\/secihouse.lt\/?post_type=product&#038;p=9640"},"modified":"2026-01-07T18:34:49","modified_gmt":"2026-01-07T16:34:49","slug":"konges-slojd-mazasis-meskutis-dress-up","status":"publish","type":"product","link":"https:\/\/secihouse.lt\/index.php\/product\/konges-slojd-mazasis-meskutis-dress-up\/","title":{"rendered":"Konges Slojd ma\u017easis me\u0161kutis &#8211; Dress up"},"content":{"rendered":"<p data-start=\"0\" data-end=\"216\">Susipa\u017einkite su ma\u017e\u0105ja me\u0161kiuke, kuri dievina persirengin\u0117ti. Kiekvien\u0105 dien\u0105 ji sukasi prie\u0161ais savo ma\u017eyt\u012f \u0161irdel\u0117s formos veidrod\u012f, vilk\u0117dama mielas sukneles, ir labai m\u0117gsta kurti linksmus, naujus derinius.<\/p>\n<p data-start=\"218\" data-end=\"367\">M\u016bs\u0173 ma\u017eoji me\u0161kiuk\u0117 gyvena ir miega savo ma\u017eoje spintel\u0117je \u2013 tereikia j\u0105 \u0161velniai atidaryti, ir ji jau pasiruo\u0161usi naujai linksmybi\u0173 kupinai dienai.<\/p>\n<p>Rinkin\u012f sudaro me\u0161kiukas, ma\u017eas namelis su \u0161irdel\u0117s formos veidrod\u017eiu ir trys skirtingos suknel\u0117s, kurias eis u\u017ekabinti ant pakab\u0173.<\/p>\n<p data-start=\"503\" data-end=\"528\" data-is-last-node=\"\" data-is-only-node=\"\">\n<p data-start=\"503\" data-end=\"528\" data-is-last-node=\"\" data-is-only-node=\"\"><strong>Rekomenduojamas am\u017eius:<\/strong> Vaikams nuo 3 met\u0173+<\/p>\n<p data-start=\"503\" data-end=\"528\" data-is-last-node=\"\" data-is-only-node=\"\"><strong>Sud\u0117tis:\u00a0<\/strong>50 % medviln\u0117\/\u00a025 % poliesteris\/\u00a020 % popierius\/\u00a05 % metalas<\/p>\n","protected":false},"excerpt":{"rendered":"<p>Susipa\u017einkite su ma\u017e\u0105ja me\u0161kiuke, kuri dievina persirengin\u0117ti. Kiekvien\u0105 dien\u0105 ji sukasi prie\u0161ais savo ma\u017eyt\u012f \u0161irdel\u0117s formos veidrod\u012f, vilk\u0117dama mielas sukneles, ir labai m\u0117gsta kurti linksmus, naujus derinius. M\u016bs\u0173 ma\u017eoji me\u0161kiuk\u0117 gyvena ir miega savo ma\u017eoje spintel\u0117je \u2013 tereikia j\u0105 \u0161velniai atidaryti, ir ji jau pasiruo\u0161usi naujai linksmybi\u0173 kupinai dienai. Rinkin\u012f sudaro me\u0161kiukas, ma\u017eas namelis su [&hellip;]<\/p>\n","protected":false},"featured_media":9641,"template":"","meta":[],"product_brand":[],"product_cat":[186,66],"product_tag":[762,236,369,815,832,613,42],"class_list":{"0":"post-9640","1":"product","2":"type-product","3":"status-publish","4":"has-post-thumbnail","6":"product_cat-naujienos","7":"product_cat-zaislai","8":"product_tag-konges-sloj-zaislai","9":"product_tag-konges-slojd","10":"product_tag-konges-slojd-meskutis","11":"product_tag-konges-slojd-rinkinys-meskutis","12":"product_tag-pliusinis-meskutis","13":"product_tag-pliusinis-zaislas","14":"product_tag-zaislai","15":"","17":"first","18":"instock","19":"taxable","20":"shipping-taxable","21":"purchasable","22":"product-type-simple"},"_links":{"self":[{"href":"https:\/\/secihouse.lt\/index.php\/wp-json\/wp\/v2\/product\/9640","targetHints":{"allow":["GET"]}}],"collection":[{"href":"https:\/\/secihouse.lt\/index.php\/wp-json\/wp\/v2\/product"}],"about":[{"href":"https:\/\/secihouse.lt\/index.php\/wp-json\/wp\/v2\/types\/product"}],"wp:featuredmedia":[{"embeddable":true,"href":"https:\/\/secihouse.lt\/index.php\/wp-json\/wp\/v2\/media\/9641"}],"wp:attachment":[{"href":"https:\/\/secihouse.lt\/index.php\/wp-json\/wp\/v2\/media?parent=9640"}],"wp:term":[{"taxonomy":"product_brand","embeddable":true,"href":"https:\/\/secihouse.lt\/index.php\/wp-json\/wp\/v2\/product_brand?post=9640"},{"taxonomy":"product_cat","embeddable":true,"href":"https:\/\/secihouse.lt\/index.php\/wp-json\/wp\/v2\/product_cat?post=9640"},{"taxonomy":"product_tag","embeddable":true,"href":"https:\/\/secihouse.lt\/index.php\/wp-json\/wp\/v2\/product_tag?post=9640"}],"curies":[{"name":"wp","href":"https:\/\/api.w.org\/{rel}","templated":true}]}}