{"id":9628,"date":"2026-01-07T18:00:30","date_gmt":"2026-01-07T16:00:30","guid":{"rendered":"https:\/\/secihouse.lt\/?post_type=product&#038;p=9628"},"modified":"2026-01-07T18:36:44","modified_gmt":"2026-01-07T16:36:44","slug":"konges-slojd-mazasis-meskutis-travel","status":"publish","type":"product","link":"https:\/\/secihouse.lt\/index.php\/product\/konges-slojd-mazasis-meskutis-travel\/","title":{"rendered":"Konges Slojd ma\u017easis me\u0161kutis &#8211; Travel"},"content":{"rendered":"<p data-start=\"0\" data-end=\"130\">Ma\u017easis me\u0161kiukas leid\u017eiasi \u012f kelion\u0119! Jis susipakavo visus savo m\u0117gstamiausius daiktus ir b\u016btiniausias reikmenis nuotykiams, kuriuos \u017eada praleisti linksmai.<\/p>\n<p data-start=\"132\" data-end=\"320\">Ma\u017easis keliaujantis me\u0161kiukas gyvena ir miega savo ma\u017eame lagamin\u0117lyje. Norint j\u012f pa\u017eadinti, tereikia \u0161velniai atidaryti lagamin\u0105 \u2013 ir jis jau pasiruo\u0161\u0119s naujai linksmybi\u0173 kupinai dienai.<\/p>\n<p data-start=\"322\" data-end=\"469\">Rinkin\u012f sudaro me\u0161kiukas, lagamin\u0117lis, ma\u017eas pasas, papl\u016bdimio k\u0117dut\u0117, rank\u0161luostis, prakti\u0161kas kremas nuo saul\u0117s ir banglent\u0117.<\/p>\n<p data-start=\"471\" data-end=\"516\" data-is-last-node=\"\" data-is-only-node=\"\">\n<p data-start=\"471\" data-end=\"516\" data-is-last-node=\"\" data-is-only-node=\"\"><strong>Rekomenduojamas am\u017eius:<\/strong> Vaikams nuo 3 met\u0173<br data-start=\"495\" data-end=\"498\" \/><strong>Sud\u0117tis rinkinio:\u00a0<\/strong>40 % medviln\u0117,\u00a020 % poliesteris,\u00a020 % popierius,\u00a010 % plastikas,\u00a05 % silikonas,\u00a05 % mediena<\/p>\n","protected":false},"excerpt":{"rendered":"<p>Ma\u017easis me\u0161kiukas leid\u017eiasi \u012f kelion\u0119! Jis susipakavo visus savo m\u0117gstamiausius daiktus ir b\u016btiniausias reikmenis nuotykiams, kuriuos \u017eada praleisti linksmai. Ma\u017easis keliaujantis me\u0161kiukas gyvena ir miega savo ma\u017eame lagamin\u0117lyje. Norint j\u012f pa\u017eadinti, tereikia \u0161velniai atidaryti lagamin\u0105 \u2013 ir jis jau pasiruo\u0161\u0119s naujai linksmybi\u0173 kupinai dienai. Rinkin\u012f sudaro me\u0161kiukas, lagamin\u0117lis, ma\u017eas pasas, papl\u016bdimio k\u0117dut\u0117, rank\u0161luostis, prakti\u0161kas kremas [&hellip;]<\/p>\n","protected":false},"featured_media":9629,"template":"","meta":[],"product_brand":[],"product_cat":[186,243],"product_tag":[762,815,450,216,613,42],"class_list":{"0":"post-9628","1":"product","2":"type-product","3":"status-publish","4":"has-post-thumbnail","6":"product_cat-naujienos","7":"product_cat-vaiku-kambarys","8":"product_tag-konges-sloj-zaislai","9":"product_tag-konges-slojd-rinkinys-meskutis","10":"product_tag-konges-slojd-zaislai","11":"product_tag-meskutis","12":"product_tag-pliusinis-zaislas","13":"product_tag-zaislai","14":"","16":"first","17":"instock","18":"taxable","19":"shipping-taxable","20":"purchasable","21":"product-type-simple"},"_links":{"self":[{"href":"https:\/\/secihouse.lt\/index.php\/wp-json\/wp\/v2\/product\/9628","targetHints":{"allow":["GET"]}}],"collection":[{"href":"https:\/\/secihouse.lt\/index.php\/wp-json\/wp\/v2\/product"}],"about":[{"href":"https:\/\/secihouse.lt\/index.php\/wp-json\/wp\/v2\/types\/product"}],"wp:featuredmedia":[{"embeddable":true,"href":"https:\/\/secihouse.lt\/index.php\/wp-json\/wp\/v2\/media\/9629"}],"wp:attachment":[{"href":"https:\/\/secihouse.lt\/index.php\/wp-json\/wp\/v2\/media?parent=9628"}],"wp:term":[{"taxonomy":"product_brand","embeddable":true,"href":"https:\/\/secihouse.lt\/index.php\/wp-json\/wp\/v2\/product_brand?post=9628"},{"taxonomy":"product_cat","embeddable":true,"href":"https:\/\/secihouse.lt\/index.php\/wp-json\/wp\/v2\/product_cat?post=9628"},{"taxonomy":"product_tag","embeddable":true,"href":"https:\/\/secihouse.lt\/index.php\/wp-json\/wp\/v2\/product_tag?post=9628"}],"curies":[{"name":"wp","href":"https:\/\/api.w.org\/{rel}","templated":true}]}}