{"id":9596,"date":"2025-11-25T23:15:22","date_gmt":"2025-11-25T21:15:22","guid":{"rendered":"https:\/\/secihouse.lt\/?post_type=product&#038;p=9596"},"modified":"2025-11-25T23:15:22","modified_gmt":"2025-11-25T21:15:22","slug":"konges-slojd-papuosalu-verimo-rinkinys-abc","status":"publish","type":"product","link":"https:\/\/secihouse.lt\/index.php\/product\/konges-slojd-papuosalu-verimo-rinkinys-abc\/","title":{"rendered":"Konges Slojd Papuo\u0161al\u0173 v\u0117rimo rinkinys &#8211; ABC"},"content":{"rendered":"<p data-start=\"0\" data-end=\"114\">Nusimato smagus laikas kartu su vaiku\u010diu! Susikurkite \u00a0su vaiku\u010diais gra\u017eiausius aksesuarus. Papuo\u0161al\u0173 rinkinys su 10 skirting\u0173 pasirinkim\u0173, leid\u017eian\u010di\u0173 kurti savo unikalius k\u016brinius.<\/p>\n<p data-start=\"199\" data-end=\"225\">\n<p data-start=\"227\" data-end=\"257\"><strong data-start=\"227\" data-end=\"255\">Tinka vaikams nuo 3 met\u0173<\/strong><\/p>\n<ul data-start=\"276\" data-end=\"343\" data-is-last-node=\"\" data-is-only-node=\"\">\n<li data-start=\"276\" data-end=\"343\" data-is-last-node=\"\">\n<p data-start=\"278\" data-end=\"343\" data-is-last-node=\"\">\n<\/li>\n<\/ul>\n","protected":false},"excerpt":{"rendered":"<p>Nusimato smagus laikas kartu su vaiku\u010diu! Susikurkite \u00a0su vaiku\u010diais gra\u017eiausius aksesuarus. Papuo\u0161al\u0173 rinkinys su 10 skirting\u0173 pasirinkim\u0173, leid\u017eian\u010di\u0173 kurti savo unikalius k\u016brinius. Tinka vaikams nuo 3 met\u0173<\/p>\n","protected":false},"featured_media":9597,"template":"","meta":[],"product_brand":[],"product_cat":[186,66],"product_tag":[236,830,831,42],"class_list":{"0":"post-9596","1":"product","2":"type-product","3":"status-publish","4":"has-post-thumbnail","6":"product_cat-naujienos","7":"product_cat-zaislai","8":"product_tag-konges-slojd","9":"product_tag-konges-slojd-verimo-rinkinys","10":"product_tag-verimo-rinkinys","11":"product_tag-zaislai","12":"","14":"first","15":"instock","16":"taxable","17":"shipping-taxable","18":"purchasable","19":"product-type-simple"},"_links":{"self":[{"href":"https:\/\/secihouse.lt\/index.php\/wp-json\/wp\/v2\/product\/9596","targetHints":{"allow":["GET"]}}],"collection":[{"href":"https:\/\/secihouse.lt\/index.php\/wp-json\/wp\/v2\/product"}],"about":[{"href":"https:\/\/secihouse.lt\/index.php\/wp-json\/wp\/v2\/types\/product"}],"wp:featuredmedia":[{"embeddable":true,"href":"https:\/\/secihouse.lt\/index.php\/wp-json\/wp\/v2\/media\/9597"}],"wp:attachment":[{"href":"https:\/\/secihouse.lt\/index.php\/wp-json\/wp\/v2\/media?parent=9596"}],"wp:term":[{"taxonomy":"product_brand","embeddable":true,"href":"https:\/\/secihouse.lt\/index.php\/wp-json\/wp\/v2\/product_brand?post=9596"},{"taxonomy":"product_cat","embeddable":true,"href":"https:\/\/secihouse.lt\/index.php\/wp-json\/wp\/v2\/product_cat?post=9596"},{"taxonomy":"product_tag","embeddable":true,"href":"https:\/\/secihouse.lt\/index.php\/wp-json\/wp\/v2\/product_tag?post=9596"}],"curies":[{"name":"wp","href":"https:\/\/api.w.org\/{rel}","templated":true}]}}