{"id":9585,"date":"2025-11-25T23:08:45","date_gmt":"2025-11-25T21:08:45","guid":{"rendered":"https:\/\/secihouse.lt\/?post_type=product&#038;p=9585"},"modified":"2025-12-20T15:16:33","modified_gmt":"2025-12-20T13:16:33","slug":"konges-slojd-vaiksciojantis-sunelis","status":"publish","type":"product","link":"https:\/\/secihouse.lt\/index.php\/product\/konges-slojd-vaiksciojantis-sunelis\/","title":{"rendered":"Konges Slojd vaik\u0161\u010diojantis \u0161unelis"},"content":{"rendered":"<p data-start=\"0\" data-end=\"137\">Vaik\u0161tantis \u0161uniukas yra mink\u0161tas ir p\u016bkuotas, m\u0117gsta glostym\u0105, o taip pat vaik\u0161to, loja ir vizgina uodeg\u0105 kaip tikras augintinis. \u0160is \u0161unelis garantuotai pralinksmins J\u016bs\u0173 spindul\u0117l\u012f &#8211; vaikut\u012f,<\/p>\n<p data-start=\"139\" data-end=\"277\">Vaik\u0161tantis \u0161uniukas pateikiamas su savo ma\u017eyte \u0161unelio b\u016bdele, kuri\u0105 galima naudoti mielam ir patogiam daikt\u0173 laikymui vaik\u0173 kambaryje.<\/p>\n<p data-start=\"279\" data-end=\"330\" data-is-last-node=\"\" data-is-only-node=\"\">\n<p data-start=\"279\" data-end=\"330\" data-is-last-node=\"\" data-is-only-node=\"\"><strong>Sud\u0117tis:\u00a0<\/strong>Audinys: 100 % poliesteris<br data-start=\"30\" data-end=\"33\" \/>Judesio mechanizmas: polipropilenas (PP)<\/p>\n<p data-start=\"279\" data-end=\"330\" data-is-last-node=\"\" data-is-only-node=\"\"><strong data-start=\"279\" data-end=\"308\">Rekomenduojamas am\u017eius:<\/strong>Tinka vaikams nuo 12 m\u0117n.<br data-start=\"308\" data-end=\"311\" \/>Pa\u017eym\u0117ta CE \u017eenklu.<\/p>\n<p data-start=\"279\" data-end=\"330\" data-is-last-node=\"\" data-is-only-node=\"\">\u0160uneliui dedamos baterijos ( jos \u012f komplekt\u0105 ne\u012feina)<\/p>\n","protected":false},"excerpt":{"rendered":"<p>Vaik\u0161tantis \u0161uniukas yra mink\u0161tas ir p\u016bkuotas, m\u0117gsta glostym\u0105, o taip pat vaik\u0161to, loja ir vizgina uodeg\u0105 kaip tikras augintinis. \u0160is \u0161unelis garantuotai pralinksmins J\u016bs\u0173 spindul\u0117l\u012f &#8211; vaikut\u012f, Vaik\u0161tantis \u0161uniukas pateikiamas su savo ma\u017eyte \u0161unelio b\u016bdele, kuri\u0105 galima naudoti mielam ir patogiam daikt\u0173 laikymui vaik\u0173 kambaryje. Sud\u0117tis:\u00a0Audinys: 100 % poliesterisJudesio mechanizmas: polipropilenas (PP) Rekomenduojamas am\u017eius:Tinka vaikams [&hellip;]<\/p>\n","protected":false},"featured_media":9586,"template":"","meta":[],"product_brand":[],"product_cat":[186,66],"product_tag":[236,828,450,139,829,42],"class_list":{"0":"post-9585","1":"product","2":"type-product","3":"status-publish","4":"has-post-thumbnail","6":"product_cat-naujienos","7":"product_cat-zaislai","8":"product_tag-konges-slojd","9":"product_tag-konges-slojd-vaiksciojantis-suo","10":"product_tag-konges-slojd-zaislai","11":"product_tag-sunelis","12":"product_tag-vaiksciojantis-sunelis","13":"product_tag-zaislai","14":"","16":"first","17":"instock","18":"taxable","19":"shipping-taxable","20":"purchasable","21":"product-type-simple"},"_links":{"self":[{"href":"https:\/\/secihouse.lt\/index.php\/wp-json\/wp\/v2\/product\/9585","targetHints":{"allow":["GET"]}}],"collection":[{"href":"https:\/\/secihouse.lt\/index.php\/wp-json\/wp\/v2\/product"}],"about":[{"href":"https:\/\/secihouse.lt\/index.php\/wp-json\/wp\/v2\/types\/product"}],"wp:featuredmedia":[{"embeddable":true,"href":"https:\/\/secihouse.lt\/index.php\/wp-json\/wp\/v2\/media\/9586"}],"wp:attachment":[{"href":"https:\/\/secihouse.lt\/index.php\/wp-json\/wp\/v2\/media?parent=9585"}],"wp:term":[{"taxonomy":"product_brand","embeddable":true,"href":"https:\/\/secihouse.lt\/index.php\/wp-json\/wp\/v2\/product_brand?post=9585"},{"taxonomy":"product_cat","embeddable":true,"href":"https:\/\/secihouse.lt\/index.php\/wp-json\/wp\/v2\/product_cat?post=9585"},{"taxonomy":"product_tag","embeddable":true,"href":"https:\/\/secihouse.lt\/index.php\/wp-json\/wp\/v2\/product_tag?post=9585"}],"curies":[{"name":"wp","href":"https:\/\/api.w.org\/{rel}","templated":true}]}}