{"id":9581,"date":"2025-11-25T23:00:45","date_gmt":"2025-11-25T21:00:45","guid":{"rendered":"https:\/\/secihouse.lt\/?post_type=product&#038;p=9581"},"modified":"2025-12-15T12:15:33","modified_gmt":"2025-12-15T10:15:33","slug":"konges-slojd-blizgantis-nagu-lakas-amour-pink","status":"publish","type":"product","link":"https:\/\/secihouse.lt\/index.php\/product\/konges-slojd-blizgantis-nagu-lakas-amour-pink\/","title":{"rendered":"Konges Slojd Blizgantis nag\u0173 lakas &#8211; Amour pink"},"content":{"rendered":"<p data-start=\"0\" data-end=\"122\">Leiskite dukrytei laisvai kurti ir eksperimentuoti su unikaliomis nag\u0173 dail\u0117s id\u0117jomis, kurios kasdien daro nagus gra\u017eius.<\/p>\n<p data-start=\"124\" data-end=\"328\">Nag\u0173 lakai sukurti specialiai vaikams, pa\u017eym\u0117ti CE \u017eenklu ir pagaminti vandens pagrindu, tod\u0117l \u00a0yra saugus. Lengvai tepami ir lengvai nuimami \u2013 tiesiog nulupkite ir prad\u0117kite nauj\u0105 dizain\u0105.<\/p>\n<p data-start=\"330\" data-end=\"360\"><strong data-start=\"330\" data-end=\"358\">Tinka vaikams nuo 3 met\u0173<\/strong><\/p>\n<p data-start=\"362\" data-end=\"378\">\n","protected":false},"excerpt":{"rendered":"<p>Leiskite dukrytei laisvai kurti ir eksperimentuoti su unikaliomis nag\u0173 dail\u0117s id\u0117jomis, kurios kasdien daro nagus gra\u017eius. Nag\u0173 lakai sukurti specialiai vaikams, pa\u017eym\u0117ti CE \u017eenklu ir pagaminti vandens pagrindu, tod\u0117l \u00a0yra saugus. Lengvai tepami ir lengvai nuimami \u2013 tiesiog nulupkite ir prad\u0117kite nauj\u0105 dizain\u0105. Tinka vaikams nuo 3 met\u0173<\/p>\n","protected":false},"featured_media":9582,"template":"","meta":[],"product_brand":[],"product_cat":[186,66],"product_tag":[236,827,826,42],"class_list":{"0":"post-9581","1":"product","2":"type-product","3":"status-publish","4":"has-post-thumbnail","6":"product_cat-naujienos","7":"product_cat-zaislai","8":"product_tag-konges-slojd","9":"product_tag-konges-slojd-nagu-lakas","10":"product_tag-nagu-lakas","11":"product_tag-zaislai","12":"","14":"first","15":"instock","16":"taxable","17":"shipping-taxable","18":"purchasable","19":"product-type-simple"},"_links":{"self":[{"href":"https:\/\/secihouse.lt\/index.php\/wp-json\/wp\/v2\/product\/9581","targetHints":{"allow":["GET"]}}],"collection":[{"href":"https:\/\/secihouse.lt\/index.php\/wp-json\/wp\/v2\/product"}],"about":[{"href":"https:\/\/secihouse.lt\/index.php\/wp-json\/wp\/v2\/types\/product"}],"wp:featuredmedia":[{"embeddable":true,"href":"https:\/\/secihouse.lt\/index.php\/wp-json\/wp\/v2\/media\/9582"}],"wp:attachment":[{"href":"https:\/\/secihouse.lt\/index.php\/wp-json\/wp\/v2\/media?parent=9581"}],"wp:term":[{"taxonomy":"product_brand","embeddable":true,"href":"https:\/\/secihouse.lt\/index.php\/wp-json\/wp\/v2\/product_brand?post=9581"},{"taxonomy":"product_cat","embeddable":true,"href":"https:\/\/secihouse.lt\/index.php\/wp-json\/wp\/v2\/product_cat?post=9581"},{"taxonomy":"product_tag","embeddable":true,"href":"https:\/\/secihouse.lt\/index.php\/wp-json\/wp\/v2\/product_tag?post=9581"}],"curies":[{"name":"wp","href":"https:\/\/api.w.org\/{rel}","templated":true}]}}