{"id":9569,"date":"2025-11-25T22:48:43","date_gmt":"2025-11-25T20:48:43","guid":{"rendered":"https:\/\/secihouse.lt\/?post_type=product&#038;p=9569"},"modified":"2025-11-25T22:48:43","modified_gmt":"2025-11-25T20:48:43","slug":"konges-slojd-lele-suki","status":"publish","type":"product","link":"https:\/\/secihouse.lt\/index.php\/product\/konges-slojd-lele-suki\/","title":{"rendered":"Konges Slojd L\u0117l\u0117 &#8211; Suki"},"content":{"rendered":"<p data-start=\"0\" data-end=\"209\">Miela l\u0117l\u0117, kuri taps j\u016bs\u0173 nauja geriausia drauge. L\u0117l\u0117 pagaminta su mink\u0161tu k\u016bnu, leid\u017eian\u010diu j\u0105 r\u016bpintis kaip tikru k\u016bdik\u0117liu, o galvut\u0117 gali suktis \u012f abi puses, kad patirtis b\u016bt\u0173 kuo realesn\u0117. O jos plauk\u0173 \u0161velnumas, toks kad nuolatos norisi \u0161ukuoti, liesti.<\/p>\n<p data-start=\"211\" data-end=\"233\">\n<p data-start=\"211\" data-end=\"233\"><strong>Dydis:<\/strong> L\u0117l\u0117s auk\u0161tis 42 cm.<\/p>\n<p data-start=\"211\" data-end=\"233\"><strong>Sud\u0117tis: <\/strong>Vinilo korpusas, u\u017epildas \u2013 medviln\u0117, audinys \u2013 poliesteris, medviln\u0117<\/p>\n<p data-start=\"235\" data-end=\"286\" data-is-last-node=\"\" data-is-only-node=\"\"><strong data-start=\"235\" data-end=\"264\">Rekomenduojamas am\u017eius: <\/strong>Tinka vaikams nuo 18 m\u0117n.<br data-start=\"264\" data-end=\"267\" \/>Pa\u017eym\u0117ta CE \u017eenklu.<\/p>\n","protected":false},"excerpt":{"rendered":"<p>Miela l\u0117l\u0117, kuri taps j\u016bs\u0173 nauja geriausia drauge. L\u0117l\u0117 pagaminta su mink\u0161tu k\u016bnu, leid\u017eian\u010diu j\u0105 r\u016bpintis kaip tikru k\u016bdik\u0117liu, o galvut\u0117 gali suktis \u012f abi puses, kad patirtis b\u016bt\u0173 kuo realesn\u0117. O jos plauk\u0173 \u0161velnumas, toks kad nuolatos norisi \u0161ukuoti, liesti. Dydis: L\u0117l\u0117s auk\u0161tis 42 cm. Sud\u0117tis: Vinilo korpusas, u\u017epildas \u2013 medviln\u0117, audinys \u2013 poliesteris, [&hellip;]<\/p>\n","protected":false},"featured_media":9570,"template":"","meta":[],"product_brand":[],"product_cat":[186,66],"product_tag":[236,571,184,460,42],"class_list":{"0":"post-9569","1":"product","2":"type-product","3":"status-publish","4":"has-post-thumbnail","6":"product_cat-naujienos","7":"product_cat-zaislai","8":"product_tag-konges-slojd","9":"product_tag-konges-slojd-lele","10":"product_tag-lele","11":"product_tag-lelytes","12":"product_tag-zaislai","13":"","15":"first","16":"instock","17":"taxable","18":"shipping-taxable","19":"purchasable","20":"product-type-simple"},"_links":{"self":[{"href":"https:\/\/secihouse.lt\/index.php\/wp-json\/wp\/v2\/product\/9569","targetHints":{"allow":["GET"]}}],"collection":[{"href":"https:\/\/secihouse.lt\/index.php\/wp-json\/wp\/v2\/product"}],"about":[{"href":"https:\/\/secihouse.lt\/index.php\/wp-json\/wp\/v2\/types\/product"}],"wp:featuredmedia":[{"embeddable":true,"href":"https:\/\/secihouse.lt\/index.php\/wp-json\/wp\/v2\/media\/9570"}],"wp:attachment":[{"href":"https:\/\/secihouse.lt\/index.php\/wp-json\/wp\/v2\/media?parent=9569"}],"wp:term":[{"taxonomy":"product_brand","embeddable":true,"href":"https:\/\/secihouse.lt\/index.php\/wp-json\/wp\/v2\/product_brand?post=9569"},{"taxonomy":"product_cat","embeddable":true,"href":"https:\/\/secihouse.lt\/index.php\/wp-json\/wp\/v2\/product_cat?post=9569"},{"taxonomy":"product_tag","embeddable":true,"href":"https:\/\/secihouse.lt\/index.php\/wp-json\/wp\/v2\/product_tag?post=9569"}],"curies":[{"name":"wp","href":"https:\/\/api.w.org\/{rel}","templated":true}]}}