{"id":9554,"date":"2025-11-25T22:38:29","date_gmt":"2025-11-25T20:38:29","guid":{"rendered":"https:\/\/secihouse.lt\/?post_type=product&#038;p=9554"},"modified":"2026-02-02T14:13:10","modified_gmt":"2026-02-02T12:13:10","slug":"konges-slojd-didele-daiktadize-cherry","status":"publish","type":"product","link":"https:\/\/secihouse.lt\/index.php\/product\/konges-slojd-didele-daiktadize-cherry\/","title":{"rendered":"Konges Slojd Didel\u0117 daiktad\u0117\u017e\u0117 &#8211; Cherry"},"content":{"rendered":"<p data-start=\"0\" data-end=\"130\">Didel\u0117 daiktadi\u017e\u0117, kuri be galo gra\u017ei ir puikiai tilps daug \u017eaisl\u0173, lego ar kit\u0173 \u012fvairiausi\u0173 daikt\u0173 . Lengvai sulankstoma.<\/p>\n<p data-start=\"132\" data-end=\"216\">\n<p data-start=\"218\" data-end=\"250\"><strong>Sud\u0117tis:<\/strong> Pagamintas i\u0161 100 % medviln\u0117s.<\/p>\n<p data-start=\"252\" data-end=\"311\" data-is-last-node=\"\" data-is-only-node=\"\"><strong data-start=\"252\" data-end=\"268\">Dydis:<\/strong> auk\u0161tis 30 cm \u00d7 plotis 47 cm \u00d7 gylis 32 cm<\/p>\n","protected":false},"excerpt":{"rendered":"<p>Didel\u0117 daiktadi\u017e\u0117, kuri be galo gra\u017ei ir puikiai tilps daug \u017eaisl\u0173, lego ar kit\u0173 \u012fvairiausi\u0173 daikt\u0173 . Lengvai sulankstoma. Sud\u0117tis: Pagamintas i\u0161 100 % medviln\u0117s. Dydis: auk\u0161tis 30 cm \u00d7 plotis 47 cm \u00d7 gylis 32 cm<\/p>\n","protected":false},"featured_media":9555,"template":"","meta":[],"product_brand":[],"product_cat":[186,243],"product_tag":[820,821,313,236,824,823,317,822],"class_list":{"0":"post-9554","1":"product","2":"type-product","3":"status-publish","4":"has-post-thumbnail","6":"product_cat-naujienos","7":"product_cat-vaiku-kambarys","8":"product_tag-daiktadize","9":"product_tag-daiktams-susideti-deze","10":"product_tag-deze","11":"product_tag-konges-slojd","12":"product_tag-storage-basket","13":"product_tag-vaiku-kambariui","14":"product_tag-zaislams","15":"product_tag-zaislams-deze","16":"","18":"first","19":"instock","20":"taxable","21":"shipping-taxable","22":"purchasable","23":"product-type-simple"},"_links":{"self":[{"href":"https:\/\/secihouse.lt\/index.php\/wp-json\/wp\/v2\/product\/9554","targetHints":{"allow":["GET"]}}],"collection":[{"href":"https:\/\/secihouse.lt\/index.php\/wp-json\/wp\/v2\/product"}],"about":[{"href":"https:\/\/secihouse.lt\/index.php\/wp-json\/wp\/v2\/types\/product"}],"wp:featuredmedia":[{"embeddable":true,"href":"https:\/\/secihouse.lt\/index.php\/wp-json\/wp\/v2\/media\/9555"}],"wp:attachment":[{"href":"https:\/\/secihouse.lt\/index.php\/wp-json\/wp\/v2\/media?parent=9554"}],"wp:term":[{"taxonomy":"product_brand","embeddable":true,"href":"https:\/\/secihouse.lt\/index.php\/wp-json\/wp\/v2\/product_brand?post=9554"},{"taxonomy":"product_cat","embeddable":true,"href":"https:\/\/secihouse.lt\/index.php\/wp-json\/wp\/v2\/product_cat?post=9554"},{"taxonomy":"product_tag","embeddable":true,"href":"https:\/\/secihouse.lt\/index.php\/wp-json\/wp\/v2\/product_tag?post=9554"}],"curies":[{"name":"wp","href":"https:\/\/api.w.org\/{rel}","templated":true}]}}