{"id":9519,"date":"2025-11-25T22:13:01","date_gmt":"2025-11-25T20:13:01","guid":{"rendered":"https:\/\/secihouse.lt\/?post_type=product&#038;p=9519"},"modified":"2025-11-25T22:13:02","modified_gmt":"2025-11-25T20:13:02","slug":"konges-slojd-mazojo-meskucio-rinkinys","status":"publish","type":"product","link":"https:\/\/secihouse.lt\/index.php\/product\/konges-slojd-mazojo-meskucio-rinkinys\/","title":{"rendered":"Konges Slojd ma\u017eojo me\u0161ku\u010dio rinkinys"},"content":{"rendered":"<p data-start=\"0\" data-end=\"277\">Tokie ma\u017eu\u010diai tie me\u0161ku\u010diai ir tokie mieli, o \u0161veln\u016bs tarsi debes\u0117lis! \u0160is ma\u017easis namelis sukurtas \u017eaisti tarsi namais su me\u0161ku\u010diais. Namelyje yra virtuv\u0117 ir valgomasis, o komplekte \u2013 ma\u017eyt\u0117 k\u0117d\u0117 ir staliukas, taip pat ma\u017ea bandel\u0117 su pyrag\u0117liu ir g\u0117rimai, paruo\u0161ti virtuv\u0117je. Komplekte \u012ftrauktas mini me\u0161kiukas \u017eaidimams.<\/p>\n<article class=\"text-token-text-primary w-full focus:outline-none [--shadow-height:45px] has-data-writing-block:pointer-events-none has-data-writing-block:-mt-(--shadow-height) has-data-writing-block:pt-(--shadow-height) [&amp;:has([data-writing-block])&gt;*]:pointer-events-auto scroll-mt-[calc(var(--header-height)+min(200px,max(70px,20svh)))]\" dir=\"auto\" style=\"font-style: normal; font-variant-caps: normal; font-weight: 400; letter-spacing: normal; orphans: auto; text-align: start; text-indent: 0px; text-transform: none; white-space: normal; widows: auto; word-spacing: 0px; -webkit-text-size-adjust: auto; -webkit-text-stroke-width: 0px; text-decoration: none; caret-color: #000000; color: #000000;\" tabindex=\"-1\" data-turn-id=\"request-WEB:19571d4e-7053-4388-85fc-9ef765a3d12c-27\" data-testid=\"conversation-turn-56\" data-scroll-anchor=\"true\" data-turn=\"assistant\">\n<div class=\"text-base my-auto mx-auto pb-10 [--thread-content-margin:--spacing(4)] thread-sm:[--thread-content-margin:--spacing(6)] thread-lg:[--thread-content-margin:--spacing(16)] px-(--thread-content-margin)\">\n<div class=\"[--thread-content-max-width:40rem] thread-lg:[--thread-content-max-width:48rem] mx-auto max-w-(--thread-content-max-width) flex-1 group\/turn-messages focus-visible:outline-hidden relative flex w-full min-w-0 flex-col agent-turn\" tabindex=\"-1\">\n<div class=\"flex max-w-full flex-col grow\">\n<div class=\"min-h-8 text-message relative flex w-full flex-col items-end gap-2 text-start break-words whitespace-normal [.text-message+&amp;]:mt-1\" dir=\"auto\" data-message-author-role=\"assistant\" data-message-id=\"5a4a4f85-693e-415f-a990-7fb7eea90017\" data-message-model-slug=\"gpt-5-mini\">\n<div class=\"flex w-full flex-col gap-1 empty:hidden first:pt-[1px]\">\n<div class=\"markdown prose dark:prose-invert w-full break-words dark markdown-new-styling\">\n<p data-start=\"0\" data-end=\"90\" data-is-last-node=\"\" data-is-only-node=\"\">\n<p data-start=\"0\" data-end=\"90\" data-is-last-node=\"\" data-is-only-node=\"\"><strong data-start=\"0\" data-end=\"90\" data-is-last-node=\"\" data-is-only-node=\"\">Sud\u0117tis: <\/strong>50 % popierius, 20 % metalas, 10 % poliesteris, 10 % derva, 5 % keramika, 5 % medviln\u0117<\/p>\n<\/div>\n<\/div>\n<\/div>\n<\/div>\n<\/div>\n<\/div>\n<\/article>\n<p data-start=\"279\" data-end=\"309\"><strong data-start=\"279\" data-end=\"307\">Rekomenduojamas am\u017eius: <\/strong>Tinka vaikams nuo 3 met\u0173<\/p>\n<p data-start=\"311\" data-end=\"330\" data-is-last-node=\"\" data-is-only-node=\"\">Pa\u017eym\u0117ta CE \u017eenklu.<\/p>\n","protected":false},"excerpt":{"rendered":"<p>Tokie ma\u017eu\u010diai tie me\u0161ku\u010diai ir tokie mieli, o \u0161veln\u016bs tarsi debes\u0117lis! \u0160is ma\u017easis namelis sukurtas \u017eaisti tarsi namais su me\u0161ku\u010diais. Namelyje yra virtuv\u0117 ir valgomasis, o komplekte \u2013 ma\u017eyt\u0117 k\u0117d\u0117 ir staliukas, taip pat ma\u017ea bandel\u0117 su pyrag\u0117liu ir g\u0117rimai, paruo\u0161ti virtuv\u0117je. Komplekte \u012ftrauktas mini me\u0161kiukas \u017eaidimams. Sud\u0117tis: 50 % popierius, 20 % metalas, 10 [&hellip;]<\/p>\n","protected":false},"featured_media":9520,"template":"","meta":[],"product_brand":[],"product_cat":[186,66],"product_tag":[236,815,450,216,816,42],"class_list":{"0":"post-9519","1":"product","2":"type-product","3":"status-publish","4":"has-post-thumbnail","6":"product_cat-naujienos","7":"product_cat-zaislai","8":"product_tag-konges-slojd","9":"product_tag-konges-slojd-rinkinys-meskutis","10":"product_tag-konges-slojd-zaislai","11":"product_tag-meskutis","12":"product_tag-mini-meskucio-rinkinys","13":"product_tag-zaislai","14":"","16":"first","17":"instock","18":"taxable","19":"shipping-taxable","20":"purchasable","21":"product-type-simple"},"_links":{"self":[{"href":"https:\/\/secihouse.lt\/index.php\/wp-json\/wp\/v2\/product\/9519","targetHints":{"allow":["GET"]}}],"collection":[{"href":"https:\/\/secihouse.lt\/index.php\/wp-json\/wp\/v2\/product"}],"about":[{"href":"https:\/\/secihouse.lt\/index.php\/wp-json\/wp\/v2\/types\/product"}],"wp:featuredmedia":[{"embeddable":true,"href":"https:\/\/secihouse.lt\/index.php\/wp-json\/wp\/v2\/media\/9520"}],"wp:attachment":[{"href":"https:\/\/secihouse.lt\/index.php\/wp-json\/wp\/v2\/media?parent=9519"}],"wp:term":[{"taxonomy":"product_brand","embeddable":true,"href":"https:\/\/secihouse.lt\/index.php\/wp-json\/wp\/v2\/product_brand?post=9519"},{"taxonomy":"product_cat","embeddable":true,"href":"https:\/\/secihouse.lt\/index.php\/wp-json\/wp\/v2\/product_cat?post=9519"},{"taxonomy":"product_tag","embeddable":true,"href":"https:\/\/secihouse.lt\/index.php\/wp-json\/wp\/v2\/product_tag?post=9519"}],"curies":[{"name":"wp","href":"https:\/\/api.w.org\/{rel}","templated":true}]}}