{"id":9514,"date":"2025-11-25T21:54:36","date_gmt":"2025-11-25T19:54:36","guid":{"rendered":"https:\/\/secihouse.lt\/?post_type=product&#038;p=9514"},"modified":"2025-11-25T21:56:58","modified_gmt":"2025-11-25T19:56:58","slug":"konges-slojd-gyvunelis-dezuteje-tiger","status":"publish","type":"product","link":"https:\/\/secihouse.lt\/index.php\/product\/konges-slojd-gyvunelis-dezuteje-tiger\/","title":{"rendered":"Konges Slojd gyv\u016bn\u0117lis d\u0117\u017eut\u0117je &#8211; Tiger"},"content":{"rendered":"<p data-start=\"0\" data-end=\"195\">Labai mielas tigriukas su kuriuo bus smagu \u017eaisti ir kurti \u012fvairiausius nuotykius. \u0160is tigriukas nedidukas, tod\u0117l puikiai tiks \u012f ma\u017eylio ki\u0161en\u0117l\u0119 \u012fsid\u0117ti ar \u012f mamyt\u0117s rankinuk\u0105, kuriame neu\u017eims daug vietos!<\/p>\n<p data-start=\"0\" data-end=\"195\">D\u0117\u017eut\u0117 tarsi degtuk\u0173 d\u0117\u017eut\u0117, kurioje gyvena ma\u017eas miela Atitraukite dangtel\u012f ir rasite savo m\u0117gstam\u0105 ma\u017e\u0105 gyv\u016bn\u0117l\u012f pasisl\u0117pus\u012f viduje.<\/p>\n<p data-start=\"197\" data-end=\"228\"><strong>Sud\u0117tis:<\/strong>\u00a0100 % bukmedis<\/p>\n<p data-start=\"197\" data-end=\"228\"><strong data-start=\"197\" data-end=\"226\">Rekomenduojamas a\u017emius: <\/strong>Tinka vaikams nuo 24 m\u0117n.<\/p>\n<p data-start=\"230\" data-end=\"292\"><strong data-start=\"230\" data-end=\"246\">I\u0161matavimai:<\/strong> auk\u0161tis 6,2 cm, ilgis 7,3 cm, plotis 1,5 cm<\/p>\n<p data-start=\"294\" data-end=\"394\" data-is-last-node=\"\" data-is-only-node=\"\">\u0160is produktas pagamintas i\u0161 FSC\u2122 sertifikuotos bukmed\u017eio medienos.<br data-start=\"360\" data-end=\"363\" \/>Licencijos numeris: FSC C177572<\/p>\n","protected":false},"excerpt":{"rendered":"<p>Labai mielas tigriukas su kuriuo bus smagu \u017eaisti ir kurti \u012fvairiausius nuotykius. \u0160is tigriukas nedidukas, tod\u0117l puikiai tiks \u012f ma\u017eylio ki\u0161en\u0117l\u0119 \u012fsid\u0117ti ar \u012f mamyt\u0117s rankinuk\u0105, kuriame neu\u017eims daug vietos! D\u0117\u017eut\u0117 tarsi degtuk\u0173 d\u0117\u017eut\u0117, kurioje gyvena ma\u017eas miela Atitraukite dangtel\u012f ir rasite savo m\u0117gstam\u0105 ma\u017e\u0105 gyv\u016bn\u0117l\u012f pasisl\u0117pus\u012f viduje. Sud\u0117tis:\u00a0100 % bukmedis Rekomenduojamas a\u017emius: Tinka vaikams [&hellip;]<\/p>\n","protected":false},"featured_media":9515,"template":"","meta":[],"product_brand":[],"product_cat":[186,66],"product_tag":[808,809,236,812,450,811,813,814,42],"class_list":{"0":"post-9514","1":"product","2":"type-product","3":"status-publish","4":"has-post-thumbnail","6":"product_cat-naujienos","7":"product_cat-zaislai","8":"product_tag-figurele","9":"product_tag-gyvunu-figurele","10":"product_tag-konges-slojd","11":"product_tag-konges-slojd-gyvunu-figurele","12":"product_tag-konges-slojd-zaislai","13":"product_tag-medine-figurele","14":"product_tag-tiger","15":"product_tag-tigriukas","16":"product_tag-zaislai","17":"","19":"first","20":"instock","21":"taxable","22":"shipping-taxable","23":"purchasable","24":"product-type-simple"},"_links":{"self":[{"href":"https:\/\/secihouse.lt\/index.php\/wp-json\/wp\/v2\/product\/9514","targetHints":{"allow":["GET"]}}],"collection":[{"href":"https:\/\/secihouse.lt\/index.php\/wp-json\/wp\/v2\/product"}],"about":[{"href":"https:\/\/secihouse.lt\/index.php\/wp-json\/wp\/v2\/types\/product"}],"wp:featuredmedia":[{"embeddable":true,"href":"https:\/\/secihouse.lt\/index.php\/wp-json\/wp\/v2\/media\/9515"}],"wp:attachment":[{"href":"https:\/\/secihouse.lt\/index.php\/wp-json\/wp\/v2\/media?parent=9514"}],"wp:term":[{"taxonomy":"product_brand","embeddable":true,"href":"https:\/\/secihouse.lt\/index.php\/wp-json\/wp\/v2\/product_brand?post=9514"},{"taxonomy":"product_cat","embeddable":true,"href":"https:\/\/secihouse.lt\/index.php\/wp-json\/wp\/v2\/product_cat?post=9514"},{"taxonomy":"product_tag","embeddable":true,"href":"https:\/\/secihouse.lt\/index.php\/wp-json\/wp\/v2\/product_tag?post=9514"}],"curies":[{"name":"wp","href":"https:\/\/api.w.org\/{rel}","templated":true}]}}