{"id":9510,"date":"2025-11-25T21:54:17","date_gmt":"2025-11-25T19:54:17","guid":{"rendered":"https:\/\/secihouse.lt\/?post_type=product&#038;p=9510"},"modified":"2025-11-25T21:54:17","modified_gmt":"2025-11-25T19:54:17","slug":"konges-slojd-gyvunelis-dezuteje-panda","status":"publish","type":"product","link":"https:\/\/secihouse.lt\/index.php\/product\/konges-slojd-gyvunelis-dezuteje-panda\/","title":{"rendered":"Konges Slojd gyv\u016bn\u0117lis d\u0117\u017eut\u0117je &#8211; Panda"},"content":{"rendered":"<p data-start=\"0\" data-end=\"195\">Labai miela pandut\u0117 su kuria bus smagu \u017eaisti ir kurti \u012fvairiausius nuotykius. \u0160i pandut\u0117 nediduk\u0117, tod\u0117l puikiai tiks \u012f ma\u017eylio ki\u0161en\u0117l\u0119 \u012fsid\u0117ti ar \u012f mamyt\u0117s rankinuk\u0105, kuriame neu\u017eims daug vietos!<\/p>\n<p data-start=\"0\" data-end=\"195\">D\u0117\u017eut\u0117 tarsi degtuk\u0173 d\u0117\u017eut\u0117, kurioje gyvena ma\u017eas mielas gyv\u016bn\u0117lis. Atitraukite dangtel\u012f ir rasite savo m\u0117gstam\u0105 ma\u017e\u0105 gyv\u016bn\u0117l\u012f pasisl\u0117pus\u012f viduje.<\/p>\n<p data-start=\"197\" data-end=\"228\">\n<p data-start=\"197\" data-end=\"228\"><strong>Sud\u0117tis:<\/strong>\u00a0100 % bukmedis<\/p>\n<p data-start=\"197\" data-end=\"228\"><strong data-start=\"197\" data-end=\"226\">Rekomenduojamas a\u017emius: <\/strong>Tinka vaikams nuo 24 m\u0117n.<\/p>\n<p data-start=\"230\" data-end=\"292\"><strong data-start=\"230\" data-end=\"246\">I\u0161matavimai:<\/strong> auk\u0161tis 6,2 cm, ilgis 7,3 cm, plotis 1,5 cm<\/p>\n<p data-start=\"294\" data-end=\"394\" data-is-last-node=\"\" data-is-only-node=\"\">\u0160is produktas pagamintas i\u0161 FSC\u2122 sertifikuotos bukmed\u017eio medienos.<br data-start=\"360\" data-end=\"363\" \/>Licencijos numeris: FSC C177572<\/p>\n","protected":false},"excerpt":{"rendered":"<p>Labai miela pandut\u0117 su kuria bus smagu \u017eaisti ir kurti \u012fvairiausius nuotykius. \u0160i pandut\u0117 nediduk\u0117, tod\u0117l puikiai tiks \u012f ma\u017eylio ki\u0161en\u0117l\u0119 \u012fsid\u0117ti ar \u012f mamyt\u0117s rankinuk\u0105, kuriame neu\u017eims daug vietos! D\u0117\u017eut\u0117 tarsi degtuk\u0173 d\u0117\u017eut\u0117, kurioje gyvena ma\u017eas mielas gyv\u016bn\u0117lis. Atitraukite dangtel\u012f ir rasite savo m\u0117gstam\u0105 ma\u017e\u0105 gyv\u016bn\u0117l\u012f pasisl\u0117pus\u012f viduje. Sud\u0117tis:\u00a0100 % bukmedis Rekomenduojamas a\u017emius: Tinka [&hellip;]<\/p>\n","protected":false},"featured_media":9511,"template":"","meta":[],"product_brand":[],"product_cat":[186,66],"product_tag":[808,809,236,812,450,811,810,42],"class_list":{"0":"post-9510","1":"product","2":"type-product","3":"status-publish","4":"has-post-thumbnail","6":"product_cat-naujienos","7":"product_cat-zaislai","8":"product_tag-figurele","9":"product_tag-gyvunu-figurele","10":"product_tag-konges-slojd","11":"product_tag-konges-slojd-gyvunu-figurele","12":"product_tag-konges-slojd-zaislai","13":"product_tag-medine-figurele","14":"product_tag-panda","15":"product_tag-zaislai","16":"","18":"first","19":"instock","20":"taxable","21":"shipping-taxable","22":"purchasable","23":"product-type-simple"},"_links":{"self":[{"href":"https:\/\/secihouse.lt\/index.php\/wp-json\/wp\/v2\/product\/9510","targetHints":{"allow":["GET"]}}],"collection":[{"href":"https:\/\/secihouse.lt\/index.php\/wp-json\/wp\/v2\/product"}],"about":[{"href":"https:\/\/secihouse.lt\/index.php\/wp-json\/wp\/v2\/types\/product"}],"wp:featuredmedia":[{"embeddable":true,"href":"https:\/\/secihouse.lt\/index.php\/wp-json\/wp\/v2\/media\/9511"}],"wp:attachment":[{"href":"https:\/\/secihouse.lt\/index.php\/wp-json\/wp\/v2\/media?parent=9510"}],"wp:term":[{"taxonomy":"product_brand","embeddable":true,"href":"https:\/\/secihouse.lt\/index.php\/wp-json\/wp\/v2\/product_brand?post=9510"},{"taxonomy":"product_cat","embeddable":true,"href":"https:\/\/secihouse.lt\/index.php\/wp-json\/wp\/v2\/product_cat?post=9510"},{"taxonomy":"product_tag","embeddable":true,"href":"https:\/\/secihouse.lt\/index.php\/wp-json\/wp\/v2\/product_tag?post=9510"}],"curies":[{"name":"wp","href":"https:\/\/api.w.org\/{rel}","templated":true}]}}