{"id":9504,"date":"2025-11-25T21:44:26","date_gmt":"2025-11-25T19:44:26","guid":{"rendered":"https:\/\/secihouse.lt\/?post_type=product&#038;p=9504"},"modified":"2026-01-26T16:12:45","modified_gmt":"2026-01-26T14:12:45","slug":"konges-slojd-magiska-vandens-piesimo-knyga","status":"publish","type":"product","link":"https:\/\/secihouse.lt\/index.php\/product\/konges-slojd-magiska-vandens-piesimo-knyga\/","title":{"rendered":"Konges Slojd magi\u0161ka vandens pie\u0161imo knyga"},"content":{"rendered":"<p data-start=\"0\" data-end=\"209\">Stebuklinga vandens knyga su septyniomis spalvinimo lentel\u0117mis ir pripildomu vandens teptuku. Sukurta su daugkartinio naudojimo puslapiais, kuriuose paprasti pie\u0161iniai atsiskleid\u017eia spalvomis, kai sudr\u0117kinama vandeniu.<\/p>\n<p data-start=\"211\" data-end=\"365\">Puikiai tinka smulki\u0173j\u0173 motorikos \u012fg\u016bd\u017ei\u0173 ir ankstyvojo ra\u0161ymo \u012fg\u016bd\u017ei\u0173 lavinimui. Ideali k\u016brybin\u0117 veikla, kuri neu\u017eims daug vietos net kelion\u0117s metu.<\/p>\n<p data-start=\"211\" data-end=\"365\">\n<p data-start=\"211\" data-end=\"365\"><strong>Sud\u0117tis:<\/strong> 100% popierius<\/p>\n<p data-start=\"367\" data-end=\"397\"><strong data-start=\"367\" data-end=\"395\">Tinka vaikams nuo 3 met\u0173<\/strong><\/p>\n<p data-start=\"399\" data-end=\"534\" data-is-last-node=\"\" data-is-only-node=\"\">\u0160is produktas pagamintas i\u0161 FSC\u2122 sertifikuotos ir kit\u0173 kontroliuojam\u0173 med\u017eiag\u0173.<br data-start=\"478\" data-end=\"481\" \/>Licencijos numeris: FSC C177572<br data-start=\"512\" data-end=\"515\" \/>Pa\u017eym\u0117ta CE \u017eenklu.<\/p>\n","protected":false},"excerpt":{"rendered":"<p>Stebuklinga vandens knyga su septyniomis spalvinimo lentel\u0117mis ir pripildomu vandens teptuku. Sukurta su daugkartinio naudojimo puslapiais, kuriuose paprasti pie\u0161iniai atsiskleid\u017eia spalvomis, kai sudr\u0117kinama vandeniu. Puikiai tinka smulki\u0173j\u0173 motorikos \u012fg\u016bd\u017ei\u0173 ir ankstyvojo ra\u0161ymo \u012fg\u016bd\u017ei\u0173 lavinimui. Ideali k\u016brybin\u0117 veikla, kuri neu\u017eims daug vietos net kelion\u0117s metu. Sud\u0117tis: 100% popierius Tinka vaikams nuo 3 met\u0173 \u0160is produktas pagamintas [&hellip;]<\/p>\n","protected":false},"featured_media":9505,"template":"","meta":[],"product_brand":[],"product_cat":[186,66],"product_tag":[806,236,805,501,599,807,42],"class_list":{"0":"post-9504","1":"product","2":"type-product","3":"status-publish","4":"has-post-thumbnail","6":"product_cat-naujienos","7":"product_cat-zaislai","8":"product_tag-knyga","9":"product_tag-konges-slojd","10":"product_tag-konges-slojd-vandens-knyga","11":"product_tag-magiska-vandens-knyga","12":"product_tag-vandens-knyga","13":"product_tag-veikla","14":"product_tag-zaislai","15":"","17":"first","18":"instock","19":"taxable","20":"shipping-taxable","21":"purchasable","22":"product-type-simple"},"_links":{"self":[{"href":"https:\/\/secihouse.lt\/index.php\/wp-json\/wp\/v2\/product\/9504","targetHints":{"allow":["GET"]}}],"collection":[{"href":"https:\/\/secihouse.lt\/index.php\/wp-json\/wp\/v2\/product"}],"about":[{"href":"https:\/\/secihouse.lt\/index.php\/wp-json\/wp\/v2\/types\/product"}],"wp:featuredmedia":[{"embeddable":true,"href":"https:\/\/secihouse.lt\/index.php\/wp-json\/wp\/v2\/media\/9505"}],"wp:attachment":[{"href":"https:\/\/secihouse.lt\/index.php\/wp-json\/wp\/v2\/media?parent=9504"}],"wp:term":[{"taxonomy":"product_brand","embeddable":true,"href":"https:\/\/secihouse.lt\/index.php\/wp-json\/wp\/v2\/product_brand?post=9504"},{"taxonomy":"product_cat","embeddable":true,"href":"https:\/\/secihouse.lt\/index.php\/wp-json\/wp\/v2\/product_cat?post=9504"},{"taxonomy":"product_tag","embeddable":true,"href":"https:\/\/secihouse.lt\/index.php\/wp-json\/wp\/v2\/product_tag?post=9504"}],"curies":[{"name":"wp","href":"https:\/\/api.w.org\/{rel}","templated":true}]}}