{"id":9486,"date":"2025-11-25T21:33:29","date_gmt":"2025-11-25T19:33:29","guid":{"rendered":"https:\/\/secihouse.lt\/?post_type=product&#038;p=9486"},"modified":"2025-11-25T21:33:29","modified_gmt":"2025-11-25T19:33:29","slug":"konges-slojd-mano-pirmasis-fotoaparatas-cherry","status":"publish","type":"product","link":"https:\/\/secihouse.lt\/index.php\/product\/konges-slojd-mano-pirmasis-fotoaparatas-cherry\/","title":{"rendered":"Konges Slojd Mano pirmasis fotoaparatas &#8211; Cherry"},"content":{"rendered":"<p data-start=\"0\" data-end=\"310\">N\u0117ra nieko mieliau, kaip pamatyti vaiko akimis \u012fam\u017eintas akimirkas :). Daugiafunkcinis skaitmeninis fotoaparatas su didel\u0117s rai\u0161kos ekranu, leid\u017eian\u010diu vaikams i\u0161 karto per\u017ei\u016br\u0117ti savo \u012fam\u017eintas akimirkas nuotraukose. Kamera turi smagi\u0105 asmenuki\u0173 funkcij\u0105, vaizdo \u012fra\u0161\u0173 nustatymus ir tris i\u0161 anksto \u012fdiegtus \u017eaidimus, taip pat prakti\u0161k\u0105 stov\u0105 primenant\u012f trikoj\u012f, kuris palengvina asmenuki\u0173 fotografavim\u0105.<\/p>\n<p data-start=\"312\" data-end=\"427\">Sukurta valandoms smagaus \u017eaidimo, leid\u017eian\u010dio j\u016bs\u0173 vaikui \u012fam\u017einti nepamir\u0161tamas akimirkas su draugais ir \u0161eima.<\/p>\n<p data-start=\"429\" data-end=\"450\"><strong data-start=\"429\" data-end=\"448\">Specifikacijos:<\/strong><\/p>\n<ul>\n<li data-start=\"451\" data-end=\"472\">\n<p data-start=\"453\" data-end=\"472\">Rai\u0161ka: 240 \u00d7 320<\/p>\n<\/li>\n<li data-start=\"500\" data-end=\"537\">\n<p data-start=\"502\" data-end=\"537\">Galimyb\u0117 pl\u0117sti atmint\u012f iki 32 GB<\/p>\n<\/li>\n<li data-start=\"539\" data-end=\"728\">\u012ekraunama per USB. \u012e komplekt\u0105 \u012feina \u012fkrovimo kabelis.<br data-start=\"593\" data-end=\"596\" \/>Atminties talp\u0105 galima padidinti naudojant micro-SD atminties kortel\u0119 (kortel\u0117 \u012f komplekt\u0105 ne\u012feina ir turi b\u016bti \u012fsigyta atskirai).<\/li>\n<\/ul>\n<p data-start=\"730\" data-end=\"760\"><strong data-start=\"730\" data-end=\"758\">Rekomenduojamas am\u017eius: <\/strong>Tinka vaikams nuo 3 met\u0173<\/p>\n<p data-start=\"762\" data-end=\"797\" data-is-last-node=\"\" data-is-only-node=\"\"><strong data-start=\"762\" data-end=\"774\">Pastaba:<\/strong> Nenaudoti po vandeniu.<\/p>\n","protected":false},"excerpt":{"rendered":"<p>N\u0117ra nieko mieliau, kaip pamatyti vaiko akimis \u012fam\u017eintas akimirkas :). Daugiafunkcinis skaitmeninis fotoaparatas su didel\u0117s rai\u0161kos ekranu, leid\u017eian\u010diu vaikams i\u0161 karto per\u017ei\u016br\u0117ti savo \u012fam\u017eintas akimirkas nuotraukose. Kamera turi smagi\u0105 asmenuki\u0173 funkcij\u0105, vaizdo \u012fra\u0161\u0173 nustatymus ir tris i\u0161 anksto \u012fdiegtus \u017eaidimus, taip pat prakti\u0161k\u0105 stov\u0105 primenant\u012f trikoj\u012f, kuris palengvina asmenuki\u0173 fotografavim\u0105. Sukurta valandoms smagaus \u017eaidimo, leid\u017eian\u010dio [&hellip;]<\/p>\n","protected":false},"featured_media":9487,"template":"","meta":[],"product_brand":[],"product_cat":[186,66],"product_tag":[618,236,804,802,803],"class_list":{"0":"post-9486","1":"product","2":"type-product","3":"status-publish","4":"has-post-thumbnail","6":"product_cat-naujienos","7":"product_cat-zaislai","8":"product_tag-fotoaparatas","9":"product_tag-konges-slojd","10":"product_tag-konges-slojd-fotoaparatas","11":"product_tag-pirmasis-fotoaparatas","12":"product_tag-skaitmeninis-fotoaparatas","13":"","15":"first","16":"instock","17":"taxable","18":"shipping-taxable","19":"purchasable","20":"product-type-simple"},"_links":{"self":[{"href":"https:\/\/secihouse.lt\/index.php\/wp-json\/wp\/v2\/product\/9486","targetHints":{"allow":["GET"]}}],"collection":[{"href":"https:\/\/secihouse.lt\/index.php\/wp-json\/wp\/v2\/product"}],"about":[{"href":"https:\/\/secihouse.lt\/index.php\/wp-json\/wp\/v2\/types\/product"}],"wp:featuredmedia":[{"embeddable":true,"href":"https:\/\/secihouse.lt\/index.php\/wp-json\/wp\/v2\/media\/9487"}],"wp:attachment":[{"href":"https:\/\/secihouse.lt\/index.php\/wp-json\/wp\/v2\/media?parent=9486"}],"wp:term":[{"taxonomy":"product_brand","embeddable":true,"href":"https:\/\/secihouse.lt\/index.php\/wp-json\/wp\/v2\/product_brand?post=9486"},{"taxonomy":"product_cat","embeddable":true,"href":"https:\/\/secihouse.lt\/index.php\/wp-json\/wp\/v2\/product_cat?post=9486"},{"taxonomy":"product_tag","embeddable":true,"href":"https:\/\/secihouse.lt\/index.php\/wp-json\/wp\/v2\/product_tag?post=9486"}],"curies":[{"name":"wp","href":"https:\/\/api.w.org\/{rel}","templated":true}]}}