{"id":9480,"date":"2025-11-25T21:22:27","date_gmt":"2025-11-25T19:22:27","guid":{"rendered":"https:\/\/secihouse.lt\/?post_type=product&#038;p=9480"},"modified":"2025-12-20T15:16:33","modified_gmt":"2025-12-20T13:16:33","slug":"konges-slojd-kalediniu-dovanu-korteles","status":"publish","type":"product","link":"https:\/\/secihouse.lt\/index.php\/product\/konges-slojd-kalediniu-dovanu-korteles\/","title":{"rendered":"Konges Slojd Kal\u0117dini\u0173 dovan\u0173 kortel\u0117s"},"content":{"rendered":"<p>Kal\u0117dini\u0173 dovan\u0173 korteli\u0173 rinkinys, kuriame yra 12 \u0161ventini\u0173 ir kal\u0117d\u0173 \u012fkv\u0117pt\u0173 korteli\u0173 j\u016bs\u0173 dovanoms. Prie supakuotos dovanos atrodys nepriekai\u0161tingai.<\/p>\n<p>&nbsp;<\/p>\n<p>\u0160is produktas pagamintas i\u0161 FSC\u2122 sertifikuotos ir kit\u0173 kontroliuojam\u0173 med\u017eiag\u0173.<br data-start=\"184\" data-end=\"187\" \/>Licencijos numeris: FSC C177572<\/p>\n<p><strong>Sud\u0117tis: <\/strong>Kortel\u0117s: 100 % popierius<\/p>\n<article class=\"text-token-text-primary w-full focus:outline-none [--shadow-height:45px] has-data-writing-block:pointer-events-none has-data-writing-block:-mt-(--shadow-height) has-data-writing-block:pt-(--shadow-height) [&amp;:has([data-writing-block])&gt;*]:pointer-events-auto scroll-mt-[calc(var(--header-height)+min(200px,max(70px,20svh)))]\" dir=\"auto\" style=\"font-style: normal; font-variant-caps: normal; font-weight: 400; letter-spacing: normal; orphans: auto; text-align: start; text-indent: 0px; text-transform: none; white-space: normal; widows: auto; word-spacing: 0px; -webkit-text-size-adjust: auto; -webkit-text-stroke-width: 0px; text-decoration: none; caret-color: #000000; color: #000000;\" tabindex=\"-1\" data-turn-id=\"request-WEB:19571d4e-7053-4388-85fc-9ef765a3d12c-18\" data-testid=\"conversation-turn-38\" data-scroll-anchor=\"true\" data-turn=\"assistant\">\n<div class=\"text-base my-auto mx-auto pb-10 [--thread-content-margin:--spacing(4)] thread-sm:[--thread-content-margin:--spacing(6)] thread-lg:[--thread-content-margin:--spacing(16)] px-(--thread-content-margin)\">\n<div class=\"[--thread-content-max-width:40rem] thread-lg:[--thread-content-max-width:48rem] mx-auto max-w-(--thread-content-max-width) flex-1 group\/turn-messages focus-visible:outline-hidden relative flex w-full min-w-0 flex-col agent-turn\" tabindex=\"-1\">\n<div class=\"flex max-w-full flex-col grow\">\n<div class=\"min-h-8 text-message relative flex w-full flex-col items-end gap-2 text-start break-words whitespace-normal [.text-message+&amp;]:mt-1\" dir=\"auto\" data-message-author-role=\"assistant\" data-message-id=\"f3d14080-33d6-4896-9ecb-aba196baba85\" data-message-model-slug=\"gpt-5-mini\">\n<div class=\"flex w-full flex-col gap-1 empty:hidden first:pt-[1px]\">\n<div class=\"markdown prose dark:prose-invert w-full break-words dark markdown-new-styling\">\n<p data-start=\"0\" data-end=\"59\" data-is-last-node=\"\" data-is-only-node=\"\">Kaspinas: 100 % poliesteris<\/p>\n<\/div>\n<\/div>\n<\/div>\n<\/div>\n<\/div>\n<\/div>\n<\/article>\n","protected":false},"excerpt":{"rendered":"<p>Kal\u0117dini\u0173 dovan\u0173 korteli\u0173 rinkinys, kuriame yra 12 \u0161ventini\u0173 ir kal\u0117d\u0173 \u012fkv\u0117pt\u0173 korteli\u0173 j\u016bs\u0173 dovanoms. Prie supakuotos dovanos atrodys nepriekai\u0161tingai. &nbsp; \u0160is produktas pagamintas i\u0161 FSC\u2122 sertifikuotos ir kit\u0173 kontroliuojam\u0173 med\u017eiag\u0173.Licencijos numeris: FSC C177572 Sud\u0117tis: Kortel\u0117s: 100 % popierius Kaspinas: 100 % poliesteris<\/p>\n","protected":false},"featured_media":9481,"template":"","meta":[],"product_brand":[],"product_cat":[186,243],"product_tag":[236],"class_list":{"0":"post-9480","1":"product","2":"type-product","3":"status-publish","4":"has-post-thumbnail","6":"product_cat-naujienos","7":"product_cat-vaiku-kambarys","8":"product_tag-konges-slojd","9":"","11":"first","12":"instock","13":"taxable","14":"shipping-taxable","15":"purchasable","16":"product-type-simple"},"_links":{"self":[{"href":"https:\/\/secihouse.lt\/index.php\/wp-json\/wp\/v2\/product\/9480","targetHints":{"allow":["GET"]}}],"collection":[{"href":"https:\/\/secihouse.lt\/index.php\/wp-json\/wp\/v2\/product"}],"about":[{"href":"https:\/\/secihouse.lt\/index.php\/wp-json\/wp\/v2\/types\/product"}],"wp:featuredmedia":[{"embeddable":true,"href":"https:\/\/secihouse.lt\/index.php\/wp-json\/wp\/v2\/media\/9481"}],"wp:attachment":[{"href":"https:\/\/secihouse.lt\/index.php\/wp-json\/wp\/v2\/media?parent=9480"}],"wp:term":[{"taxonomy":"product_brand","embeddable":true,"href":"https:\/\/secihouse.lt\/index.php\/wp-json\/wp\/v2\/product_brand?post=9480"},{"taxonomy":"product_cat","embeddable":true,"href":"https:\/\/secihouse.lt\/index.php\/wp-json\/wp\/v2\/product_cat?post=9480"},{"taxonomy":"product_tag","embeddable":true,"href":"https:\/\/secihouse.lt\/index.php\/wp-json\/wp\/v2\/product_tag?post=9480"}],"curies":[{"name":"wp","href":"https:\/\/api.w.org\/{rel}","templated":true}]}}