{"id":9464,"date":"2025-11-25T21:12:10","date_gmt":"2025-11-25T19:12:10","guid":{"rendered":"https:\/\/secihouse.lt\/?post_type=product&#038;p=9464"},"modified":"2025-11-25T21:12:10","modified_gmt":"2025-11-25T19:12:10","slug":"konges-slojd-mazasis-meskutis-kalle","status":"publish","type":"product","link":"https:\/\/secihouse.lt\/index.php\/product\/konges-slojd-mazasis-meskutis-kalle\/","title":{"rendered":"Konges Slojd ma\u017easis me\u0161kutis &#8211; Kalle"},"content":{"rendered":"<p>Mielas ma\u017eas miniati\u016brinis me\u0161kiukas. Kalle pateikiamas ma\u017eoje d\u0117\u017eut\u0117je, kurioje patogu laikyti draug\u0105 me\u0161kut\u012f, o jis netgi turi savo fotel\u012f, \u012fkv\u0117pt\u0105 retro stiliaus.<\/p>\n<p>&nbsp;<\/p>\n<p><strong>Sud\u0117tis:<\/strong> 50 % popierius, 25 % medviln\u0117, 20 % poliesteris, 5 % mediene<\/p>\n<p><span style=\"font-size: inherit;\"><strong>Rekomenduojamas am\u017eius:<\/strong> Tinka vaikams nuo 3 met\u0173<\/span><\/p>\n<p>Pa\u017eym\u0117ta CE \u017eenklu.<\/p>\n","protected":false},"excerpt":{"rendered":"<p>Mielas ma\u017eas miniati\u016brinis me\u0161kiukas. Kalle pateikiamas ma\u017eoje d\u0117\u017eut\u0117je, kurioje patogu laikyti draug\u0105 me\u0161kut\u012f, o jis netgi turi savo fotel\u012f, \u012fkv\u0117pt\u0105 retro stiliaus. &nbsp; Sud\u0117tis: 50 % popierius, 25 % medviln\u0117, 20 % poliesteris, 5 % mediene Rekomenduojamas am\u017eius: Tinka vaikams nuo 3 met\u0173 Pa\u017eym\u0117ta CE \u017eenklu.<\/p>\n","protected":false},"featured_media":9465,"template":"","meta":[],"product_brand":[],"product_cat":[186,66],"product_tag":[236,369,800,450,216,801,42],"class_list":{"0":"post-9464","1":"product","2":"type-product","3":"status-publish","4":"has-post-thumbnail","6":"product_cat-naujienos","7":"product_cat-zaislai","8":"product_tag-konges-slojd","9":"product_tag-konges-slojd-meskutis","10":"product_tag-konges-slojd-tiny-meskutis","11":"product_tag-konges-slojd-zaislai","12":"product_tag-meskutis","13":"product_tag-mini-meskutis","14":"product_tag-zaislai","15":"","17":"first","18":"instock","19":"taxable","20":"shipping-taxable","21":"purchasable","22":"product-type-simple"},"_links":{"self":[{"href":"https:\/\/secihouse.lt\/index.php\/wp-json\/wp\/v2\/product\/9464","targetHints":{"allow":["GET"]}}],"collection":[{"href":"https:\/\/secihouse.lt\/index.php\/wp-json\/wp\/v2\/product"}],"about":[{"href":"https:\/\/secihouse.lt\/index.php\/wp-json\/wp\/v2\/types\/product"}],"wp:featuredmedia":[{"embeddable":true,"href":"https:\/\/secihouse.lt\/index.php\/wp-json\/wp\/v2\/media\/9465"}],"wp:attachment":[{"href":"https:\/\/secihouse.lt\/index.php\/wp-json\/wp\/v2\/media?parent=9464"}],"wp:term":[{"taxonomy":"product_brand","embeddable":true,"href":"https:\/\/secihouse.lt\/index.php\/wp-json\/wp\/v2\/product_brand?post=9464"},{"taxonomy":"product_cat","embeddable":true,"href":"https:\/\/secihouse.lt\/index.php\/wp-json\/wp\/v2\/product_cat?post=9464"},{"taxonomy":"product_tag","embeddable":true,"href":"https:\/\/secihouse.lt\/index.php\/wp-json\/wp\/v2\/product_tag?post=9464"}],"curies":[{"name":"wp","href":"https:\/\/api.w.org\/{rel}","templated":true}]}}