{"id":9454,"date":"2025-11-25T20:51:01","date_gmt":"2025-11-25T18:51:01","guid":{"rendered":"https:\/\/secihouse.lt\/?post_type=product&#038;p=9454"},"modified":"2026-03-30T08:02:10","modified_gmt":"2026-03-30T06:02:10","slug":"konges-slojd-blizgantis-sokinejimo-kamuolys-lemon","status":"publish","type":"product","link":"https:\/\/secihouse.lt\/index.php\/product\/konges-slojd-blizgantis-sokinejimo-kamuolys-lemon\/","title":{"rendered":"Konges Slojd Blizgantis \u0161okin\u0117jimo kamuolys &#8211; Lemon"},"content":{"rendered":"<p data-start=\"0\" data-end=\"300\">\u017davus blizgantis \u0161okin\u0117jantis kamuolys su rankena, u\u017etikrinan\u010dia tvirt\u0105 su\u0117mim\u0105. Tvirtai \u012fsikibk \u2013 ir pirmyn!<br data-start=\"104\" data-end=\"107\" \/>\u0160is didelis \u0161okin\u0117jantis kamuolys skatina aktyv\u0173 \u017eaidim\u0105 ir yra saugus naudoti tiek patalpose, tiek lauke.<br data-start=\"213\" data-end=\"216\" \/>Prek\u0117 siun\u010diama i\u0161leista, o komplekte yra pompa, kad gal\u0117tum\u0117te j\u0105 prip\u016bsti namuose.<\/p>\n<p data-start=\"302\" data-end=\"338\">\n<p data-start=\"302\" data-end=\"338\"><strong data-start=\"302\" data-end=\"318\">Dydis:<\/strong><br data-start=\"318\" data-end=\"321\" \/>50 \u00d7 50 \u00d7 50 cm<\/p>\n<p data-start=\"302\" data-end=\"338\"><strong>Sud\u0117tis:\u00a0<\/strong>\u00a0PVC, blizgu\u010diai, PET<\/p>\n<p data-start=\"340\" data-end=\"370\"><strong data-start=\"340\" data-end=\"368\">Rekomenduojamas am\u017eius: <\/strong>Tinka vaikams nuo 3 met\u0173<\/p>\n<p data-start=\"456\" data-end=\"475\" data-is-last-node=\"\" data-is-only-node=\"\">Pa\u017eym\u0117ta CE \u017eenklu.<\/p>\n","protected":false},"excerpt":{"rendered":"<p>\u017davus blizgantis \u0161okin\u0117jantis kamuolys su rankena, u\u017etikrinan\u010dia tvirt\u0105 su\u0117mim\u0105. Tvirtai \u012fsikibk \u2013 ir pirmyn!\u0160is didelis \u0161okin\u0117jantis kamuolys skatina aktyv\u0173 \u017eaidim\u0105 ir yra saugus naudoti tiek patalpose, tiek lauke.Prek\u0117 siun\u010diama i\u0161leista, o komplekte yra pompa, kad gal\u0117tum\u0117te j\u0105 prip\u016bsti namuose. Dydis:50 \u00d7 50 \u00d7 50 cm Sud\u0117tis:\u00a0\u00a0PVC, blizgu\u010diai, PET Rekomenduojamas am\u017eius: Tinka vaikams nuo 3 met\u0173 [&hellip;]<\/p>\n","protected":false},"featured_media":9455,"template":"","meta":[],"product_brand":[],"product_cat":[186,66],"product_tag":[796,236,794,450,795,42],"class_list":{"0":"post-9454","1":"product","2":"type-product","3":"status-publish","4":"has-post-thumbnail","6":"product_cat-naujienos","7":"product_cat-zaislai","8":"product_tag-kamuolys","9":"product_tag-konges-slojd","10":"product_tag-konges-slojd-sokinejimo-kamuolys","11":"product_tag-konges-slojd-zaislai","12":"product_tag-sokinejimo-kamuolys","13":"product_tag-zaislai","14":"","16":"first","17":"instock","18":"taxable","19":"shipping-taxable","20":"purchasable","21":"product-type-simple"},"_links":{"self":[{"href":"https:\/\/secihouse.lt\/index.php\/wp-json\/wp\/v2\/product\/9454","targetHints":{"allow":["GET"]}}],"collection":[{"href":"https:\/\/secihouse.lt\/index.php\/wp-json\/wp\/v2\/product"}],"about":[{"href":"https:\/\/secihouse.lt\/index.php\/wp-json\/wp\/v2\/types\/product"}],"wp:featuredmedia":[{"embeddable":true,"href":"https:\/\/secihouse.lt\/index.php\/wp-json\/wp\/v2\/media\/9455"}],"wp:attachment":[{"href":"https:\/\/secihouse.lt\/index.php\/wp-json\/wp\/v2\/media?parent=9454"}],"wp:term":[{"taxonomy":"product_brand","embeddable":true,"href":"https:\/\/secihouse.lt\/index.php\/wp-json\/wp\/v2\/product_brand?post=9454"},{"taxonomy":"product_cat","embeddable":true,"href":"https:\/\/secihouse.lt\/index.php\/wp-json\/wp\/v2\/product_cat?post=9454"},{"taxonomy":"product_tag","embeddable":true,"href":"https:\/\/secihouse.lt\/index.php\/wp-json\/wp\/v2\/product_tag?post=9454"}],"curies":[{"name":"wp","href":"https:\/\/api.w.org\/{rel}","templated":true}]}}