{"id":9449,"date":"2025-11-25T20:37:30","date_gmt":"2025-11-25T18:37:30","guid":{"rendered":"https:\/\/secihouse.lt\/?post_type=product&#038;p=9449"},"modified":"2025-11-25T20:39:22","modified_gmt":"2025-11-25T18:39:22","slug":"konges-slojd-maudyniu-lelyte","status":"publish","type":"product","link":"https:\/\/secihouse.lt\/index.php\/product\/konges-slojd-maudyniu-lelyte\/","title":{"rendered":"Konges Slojd maudyni\u0173 l\u0117lyt\u0117"},"content":{"rendered":"<p>Susipa\u017einkite su ma\u017ea, bet ne paprasta l\u0117lyte. Su \u0161ia l\u0117lyt\u0117 maudyn\u0117s bus dar linksmesn\u0117s.<\/p>\n<p>\u0160i l\u0117lyt\u0117 visi\u0161kai tinkama \u017eaisti ne tik vandenyje.<\/p>\n<p>&nbsp;<\/p>\n<p><strong>Sud\u0117tis:<\/strong> L\u0117l\u0117 ir buteliukas: 100 % nat\u016bralus kau\u010diukas<br data-start=\"47\" data-end=\"50\" \/>Audinys ir rank\u0161luostis: 100 % medviln\u0117<\/p>\n<p><strong>Rekomenduojamas am\u017eius:<\/strong> Vaikams nuo 18 m\u0117n.<br data-start=\"229\" data-end=\"232\" \/><strong>Pa\u017eym\u0117ta CE \u017eenklu<\/strong>.<\/p>\n","protected":false},"excerpt":{"rendered":"<p>Susipa\u017einkite su ma\u017ea, bet ne paprasta l\u0117lyte. Su \u0161ia l\u0117lyt\u0117 maudyn\u0117s bus dar linksmesn\u0117s. \u0160i l\u0117lyt\u0117 visi\u0161kai tinkama \u017eaisti ne tik vandenyje. &nbsp; Sud\u0117tis: L\u0117l\u0117 ir buteliukas: 100 % nat\u016bralus kau\u010diukasAudinys ir rank\u0161luostis: 100 % medviln\u0117 Rekomenduojamas am\u017eius: Vaikams nuo 18 m\u0117n.Pa\u017eym\u0117ta CE \u017eenklu.<\/p>\n","protected":false},"featured_media":9450,"template":"","meta":[],"product_brand":[],"product_cat":[63,186,66],"product_tag":[236,450,184,254,793,792,178],"class_list":{"0":"post-9449","1":"product","2":"type-product","3":"status-publish","4":"has-post-thumbnail","6":"product_cat-laikas-maudynems","7":"product_cat-naujienos","8":"product_cat-zaislai","9":"product_tag-konges-slojd","10":"product_tag-konges-slojd-zaislai","11":"product_tag-lele","12":"product_tag-lelyte","13":"product_tag-maudyniu-lele","14":"product_tag-maudyniu-zaislas","15":"product_tag-zaislas","16":"","18":"first","19":"instock","20":"taxable","21":"shipping-taxable","22":"purchasable","23":"product-type-simple"},"_links":{"self":[{"href":"https:\/\/secihouse.lt\/index.php\/wp-json\/wp\/v2\/product\/9449","targetHints":{"allow":["GET"]}}],"collection":[{"href":"https:\/\/secihouse.lt\/index.php\/wp-json\/wp\/v2\/product"}],"about":[{"href":"https:\/\/secihouse.lt\/index.php\/wp-json\/wp\/v2\/types\/product"}],"wp:featuredmedia":[{"embeddable":true,"href":"https:\/\/secihouse.lt\/index.php\/wp-json\/wp\/v2\/media\/9450"}],"wp:attachment":[{"href":"https:\/\/secihouse.lt\/index.php\/wp-json\/wp\/v2\/media?parent=9449"}],"wp:term":[{"taxonomy":"product_brand","embeddable":true,"href":"https:\/\/secihouse.lt\/index.php\/wp-json\/wp\/v2\/product_brand?post=9449"},{"taxonomy":"product_cat","embeddable":true,"href":"https:\/\/secihouse.lt\/index.php\/wp-json\/wp\/v2\/product_cat?post=9449"},{"taxonomy":"product_tag","embeddable":true,"href":"https:\/\/secihouse.lt\/index.php\/wp-json\/wp\/v2\/product_tag?post=9449"}],"curies":[{"name":"wp","href":"https:\/\/api.w.org\/{rel}","templated":true}]}}