{"id":9444,"date":"2025-11-25T20:26:41","date_gmt":"2025-11-25T18:26:41","guid":{"rendered":"https:\/\/secihouse.lt\/?post_type=product&#038;p=9444"},"modified":"2026-03-18T22:36:07","modified_gmt":"2026-03-18T20:36:07","slug":"konges-slojd-plauku-segtukas-mieli-suneliai","status":"publish","type":"product","link":"https:\/\/secihouse.lt\/index.php\/product\/konges-slojd-plauku-segtukas-mieli-suneliai\/","title":{"rendered":"Konges Slojd plauk\u0173 segtukas &#8211; mieli \u0161uneliai"},"content":{"rendered":"<p>Be galo mielas plauk\u0173 segtukas, kuris tiks \u012fvairiausiomis progomis! Sukurtas su lengvai prisegama u\u017esegimo detale.<\/p>\n<p>&nbsp;<\/p>\n<p><strong>Sud\u0117tis:<\/strong> 70% plastikasm, 30%metalas<\/p>\n<p>&nbsp;<\/p>\n","protected":false},"excerpt":{"rendered":"<p>Be galo mielas plauk\u0173 segtukas, kuris tiks \u012fvairiausiomis progomis! Sukurtas su lengvai prisegama u\u017esegimo detale. &nbsp; Sud\u0117tis: 70% plastikasm, 30%metalas &nbsp;<\/p>\n","protected":false},"featured_media":9445,"template":"","meta":[],"product_brand":[],"product_cat":[67,186],"product_tag":[236,789,791,790],"class_list":{"0":"post-9444","1":"product","2":"type-product","3":"status-publish","4":"has-post-thumbnail","6":"product_cat-apranga-aksesuarai","7":"product_cat-naujienos","8":"product_tag-konges-slojd","9":"product_tag-konges-slojd-plauku-aksesuarai","10":"product_tag-konges-slojd-plauku-segtukas","11":"product_tag-plauku-segtukas","12":"","14":"first","15":"instock","16":"taxable","17":"shipping-taxable","18":"purchasable","19":"product-type-simple"},"_links":{"self":[{"href":"https:\/\/secihouse.lt\/index.php\/wp-json\/wp\/v2\/product\/9444","targetHints":{"allow":["GET"]}}],"collection":[{"href":"https:\/\/secihouse.lt\/index.php\/wp-json\/wp\/v2\/product"}],"about":[{"href":"https:\/\/secihouse.lt\/index.php\/wp-json\/wp\/v2\/types\/product"}],"wp:featuredmedia":[{"embeddable":true,"href":"https:\/\/secihouse.lt\/index.php\/wp-json\/wp\/v2\/media\/9445"}],"wp:attachment":[{"href":"https:\/\/secihouse.lt\/index.php\/wp-json\/wp\/v2\/media?parent=9444"}],"wp:term":[{"taxonomy":"product_brand","embeddable":true,"href":"https:\/\/secihouse.lt\/index.php\/wp-json\/wp\/v2\/product_brand?post=9444"},{"taxonomy":"product_cat","embeddable":true,"href":"https:\/\/secihouse.lt\/index.php\/wp-json\/wp\/v2\/product_cat?post=9444"},{"taxonomy":"product_tag","embeddable":true,"href":"https:\/\/secihouse.lt\/index.php\/wp-json\/wp\/v2\/product_tag?post=9444"}],"curies":[{"name":"wp","href":"https:\/\/api.w.org\/{rel}","templated":true}]}}