{"id":9407,"date":"2025-09-09T21:11:20","date_gmt":"2025-09-09T19:11:20","guid":{"rendered":"https:\/\/secihouse.lt\/?post_type=product&#038;p=9407"},"modified":"2025-09-09T21:16:51","modified_gmt":"2025-09-09T19:16:51","slug":"mimi-lula-siltos-ausines-unicorn","status":"publish","type":"product","link":"https:\/\/secihouse.lt\/index.php\/product\/mimi-lula-siltos-ausines-unicorn\/","title":{"rendered":"MIMI &#038; LULA \u0161iltos ausin\u0117s &#8211; Unicorn"},"content":{"rendered":"<p data-start=\"38\" data-end=\"361\"><strong data-start=\"38\" data-end=\"150\">Saugok ma\u017eyli\u0173 ausytes \u0161iltais ir jaukiais v\u0117siais orais su \u00a0naujomis labai mielomis vienaragio ausin\u0117mis!<\/strong><br data-start=\"150\" data-end=\"153\" \/>Mink\u0161tas ir p\u016bkuotas pamu\u0161alas u\u017etikrina komfort\u0105 vis\u0105 dien\u0105, o reguliuojama lankelio dyd\u017eio sistema auga kartu su ma\u017eaisiais. Puikiai tinka \u0161altoms mokyklos rytin\u0117ms dienoms ar \u017eiemos savaitgalio nuotykiams!<\/p>\n<ul data-start=\"363\" data-end=\"423\">\n<li data-start=\"363\" data-end=\"398\">\n<p data-start=\"365\" data-end=\"398\">Tinka vaikams nuo 3 iki 10 met\u0173<\/p>\n<\/li>\n<li data-start=\"399\" data-end=\"423\">\n<p data-start=\"401\" data-end=\"423\">Reguliuojamas lankelis<\/p>\n<\/li>\n<\/ul>\n<p data-start=\"401\" data-end=\"423\">\n<p data-start=\"401\" data-end=\"423\"><strong data-start=\"42\" data-end=\"54\">Sud\u0117tis:<\/strong><br data-start=\"54\" data-end=\"57\" \/>40 % poliesteris (audinys),<br data-start=\"84\" data-end=\"87\" data-is-only-node=\"\" \/>5 % poliuretanas (PU),<br data-start=\"109\" data-end=\"112\" \/>25 % propileno polimeras (PP),<br data-start=\"142\" data-end=\"145\" \/>30 % medviln\u0117<\/p>\n<p>&nbsp;<\/p>\n","protected":false},"excerpt":{"rendered":"<p>Saugok ma\u017eyli\u0173 ausytes \u0161iltais ir jaukiais v\u0117siais orais su \u00a0naujomis labai mielomis vienaragio ausin\u0117mis!Mink\u0161tas ir p\u016bkuotas pamu\u0161alas u\u017etikrina komfort\u0105 vis\u0105 dien\u0105, o reguliuojama lankelio dyd\u017eio sistema auga kartu su ma\u017eaisiais. Puikiai tinka \u0161altoms mokyklos rytin\u0117ms dienoms ar \u017eiemos savaitgalio nuotykiams! Tinka vaikams nuo 3 iki 10 met\u0173 Reguliuojamas lankelis Sud\u0117tis:40 % poliesteris (audinys),5 % poliuretanas [&hellip;]<\/p>\n","protected":false},"featured_media":9408,"template":"","meta":[],"product_brand":[],"product_cat":[67,186],"product_tag":[224,562,46,788,787,669,417],"class_list":{"0":"post-9407","1":"product","2":"type-product","3":"status-publish","4":"has-post-thumbnail","6":"product_cat-apranga-aksesuarai","7":"product_cat-naujienos","8":"product_tag-aksesuarai","9":"product_tag-aksesuarai-plaukams","10":"product_tag-aksesuarai-vaikams","11":"product_tag-ausines","12":"product_tag-mimi-lula","13":"product_tag-plaukams","14":"product_tag-segtukai","15":"","17":"first","18":"instock","19":"taxable","20":"shipping-taxable","21":"purchasable","22":"product-type-simple"},"_links":{"self":[{"href":"https:\/\/secihouse.lt\/index.php\/wp-json\/wp\/v2\/product\/9407","targetHints":{"allow":["GET"]}}],"collection":[{"href":"https:\/\/secihouse.lt\/index.php\/wp-json\/wp\/v2\/product"}],"about":[{"href":"https:\/\/secihouse.lt\/index.php\/wp-json\/wp\/v2\/types\/product"}],"wp:featuredmedia":[{"embeddable":true,"href":"https:\/\/secihouse.lt\/index.php\/wp-json\/wp\/v2\/media\/9408"}],"wp:attachment":[{"href":"https:\/\/secihouse.lt\/index.php\/wp-json\/wp\/v2\/media?parent=9407"}],"wp:term":[{"taxonomy":"product_brand","embeddable":true,"href":"https:\/\/secihouse.lt\/index.php\/wp-json\/wp\/v2\/product_brand?post=9407"},{"taxonomy":"product_cat","embeddable":true,"href":"https:\/\/secihouse.lt\/index.php\/wp-json\/wp\/v2\/product_cat?post=9407"},{"taxonomy":"product_tag","embeddable":true,"href":"https:\/\/secihouse.lt\/index.php\/wp-json\/wp\/v2\/product_tag?post=9407"}],"curies":[{"name":"wp","href":"https:\/\/api.w.org\/{rel}","templated":true}]}}