{"id":9398,"date":"2025-09-09T21:01:21","date_gmt":"2025-09-09T19:01:21","guid":{"rendered":"https:\/\/secihouse.lt\/?post_type=product&#038;p=9398"},"modified":"2025-09-09T21:06:25","modified_gmt":"2025-09-09T19:06:25","slug":"mimi-lula-papuosalu-dezute-kitty-cat","status":"publish","type":"product","link":"https:\/\/secihouse.lt\/index.php\/product\/mimi-lula-papuosalu-dezute-kitty-cat\/","title":{"rendered":"MIMI &#038; LULA papuo\u0161al\u0173 d\u0117\u017eut\u0117 &#8211; Kitty Cat"},"content":{"rendered":"<p data-start=\"38\" data-end=\"242\"><strong data-start=\"38\" data-end=\"125\">Katin\u0117lio formos papuo\u0161al\u0173 d\u0117\u017eut\u0117 \u2013 tobulas sprendimas ma\u017e\u0173j\u0173 lobiams laikyti!<\/strong><br data-start=\"125\" data-end=\"128\" \/>\u0160i miela, kat\u0117s formos d\u0117\u017eut\u0117 yra ne tik prakti\u0161ka, bet ir \u017eaisminga \u2013 puikus papildymas j\u0173 tualetiniam staliukui!<\/p>\n<ul data-start=\"244\" data-end=\"413\">\n<li data-start=\"244\" data-end=\"331\">\n<p data-start=\"246\" data-end=\"331\">Pagaminta i\u0161 itin \u0161velnios pilkos aksomin\u0117s med\u017eiagos su siuvin\u0117tais kat\u0117s bruo\u017eais<\/p>\n<\/li>\n<li data-start=\"332\" data-end=\"356\">\n<p data-start=\"334\" data-end=\"356\">U\u017esegama u\u017etrauktuku<\/p>\n<\/li>\n<li data-start=\"357\" data-end=\"413\">\n<p data-start=\"359\" data-end=\"413\">Viduje elastinga ki\u0161en\u0117l\u0117 bei trys papildomi skyreliai<\/p>\n<\/li>\n<\/ul>\n<p data-start=\"355\" data-end=\"485\"><strong data-start=\"42\" data-end=\"54\">Sud\u0117tis<\/strong><\/p>\n<p data-start=\"355\" data-end=\"485\">I\u0161or\u0117: 95 % poliesteris (audinys), 5 % metalas<br data-start=\"83\" data-end=\"86\" \/>Pamu\u0161alas: 100 % poliesteris (audinys)<\/p>\n<p data-start=\"355\" data-end=\"485\">\n","protected":false},"excerpt":{"rendered":"<p>Katin\u0117lio formos papuo\u0161al\u0173 d\u0117\u017eut\u0117 \u2013 tobulas sprendimas ma\u017e\u0173j\u0173 lobiams laikyti!\u0160i miela, kat\u0117s formos d\u0117\u017eut\u0117 yra ne tik prakti\u0161ka, bet ir \u017eaisminga \u2013 puikus papildymas j\u0173 tualetiniam staliukui! Pagaminta i\u0161 itin \u0161velnios pilkos aksomin\u0117s med\u017eiagos su siuvin\u0117tais kat\u0117s bruo\u017eais U\u017esegama u\u017etrauktuku Viduje elastinga ki\u0161en\u0117l\u0117 bei trys papildomi skyreliai Sud\u0117tis I\u0161or\u0117: 95 % poliesteris (audinys), 5 % [&hellip;]<\/p>\n","protected":false},"featured_media":9399,"template":"","meta":[],"product_brand":[],"product_cat":[67,186],"product_tag":[224,562,46,787,669,417],"class_list":{"0":"post-9398","1":"product","2":"type-product","3":"status-publish","4":"has-post-thumbnail","6":"product_cat-apranga-aksesuarai","7":"product_cat-naujienos","8":"product_tag-aksesuarai","9":"product_tag-aksesuarai-plaukams","10":"product_tag-aksesuarai-vaikams","11":"product_tag-mimi-lula","12":"product_tag-plaukams","13":"product_tag-segtukai","14":"","16":"first","17":"instock","18":"taxable","19":"shipping-taxable","20":"purchasable","21":"product-type-simple"},"_links":{"self":[{"href":"https:\/\/secihouse.lt\/index.php\/wp-json\/wp\/v2\/product\/9398","targetHints":{"allow":["GET"]}}],"collection":[{"href":"https:\/\/secihouse.lt\/index.php\/wp-json\/wp\/v2\/product"}],"about":[{"href":"https:\/\/secihouse.lt\/index.php\/wp-json\/wp\/v2\/types\/product"}],"wp:featuredmedia":[{"embeddable":true,"href":"https:\/\/secihouse.lt\/index.php\/wp-json\/wp\/v2\/media\/9399"}],"wp:attachment":[{"href":"https:\/\/secihouse.lt\/index.php\/wp-json\/wp\/v2\/media?parent=9398"}],"wp:term":[{"taxonomy":"product_brand","embeddable":true,"href":"https:\/\/secihouse.lt\/index.php\/wp-json\/wp\/v2\/product_brand?post=9398"},{"taxonomy":"product_cat","embeddable":true,"href":"https:\/\/secihouse.lt\/index.php\/wp-json\/wp\/v2\/product_cat?post=9398"},{"taxonomy":"product_tag","embeddable":true,"href":"https:\/\/secihouse.lt\/index.php\/wp-json\/wp\/v2\/product_tag?post=9398"}],"curies":[{"name":"wp","href":"https:\/\/api.w.org\/{rel}","templated":true}]}}