{"id":9393,"date":"2025-09-09T20:59:00","date_gmt":"2025-09-09T18:59:00","guid":{"rendered":"https:\/\/secihouse.lt\/?post_type=product&#038;p=9393"},"modified":"2025-09-09T21:01:08","modified_gmt":"2025-09-09T19:01:08","slug":"mimi-lula-plauku-gumyciu-rinkinys-kitty-cat","status":"publish","type":"product","link":"https:\/\/secihouse.lt\/index.php\/product\/mimi-lula-plauku-gumyciu-rinkinys-kitty-cat\/","title":{"rendered":"MIMI &#038; LULA plauk\u0173 gumy\u010di\u0173 rinkinys &#8211; Kitty cat"},"content":{"rendered":"<p data-start=\"38\" data-end=\"194\"><strong data-start=\"38\" data-end=\"96\">Pristatome pa\u010di\u0105 mieliausi\u0105 katin\u0117li\u0173 gumy\u010di\u0173 pakuot\u0119!<\/strong><br data-start=\"96\" data-end=\"99\" \/>Gra\u017e\u016bs mirksintys katin\u0117liai \u012fvairiose pozose \u2013 \u00a0dovana ma\u017eiesiems ka\u010di\u0173 myl\u0117tojams!<\/p>\n<ul data-start=\"196\" data-end=\"369\">\n<li data-start=\"196\" data-end=\"220\">\n<p data-start=\"198\" data-end=\"220\"><strong data-start=\"198\" data-end=\"218\">8 vnt. pakuot\u0117je<\/strong><\/p>\n<\/li>\n<li data-start=\"221\" data-end=\"289\">\n<p data-start=\"223\" data-end=\"289\"><strong data-start=\"223\" data-end=\"287\">5 cm tamprios ir tvirtos gumyt\u0117s \u0161velni\u0173 neutrali\u0173 atspalvi\u0173<\/strong><\/p>\n<\/li>\n<li data-start=\"290\" data-end=\"369\">\n<p data-start=\"292\" data-end=\"369\">Katin\u0117liai pagaminti i\u0161 \u0161velnios odel\u0117s imitacijos ir blizgi\u0173 audini\u0173 derinio<\/p>\n<\/li>\n<\/ul>\n<p data-start=\"355\" data-end=\"485\">\n<p data-start=\"355\" data-end=\"485\"><strong data-start=\"42\" data-end=\"54\">Sud\u0117tis:<\/strong><br data-start=\"54\" data-end=\"57\" \/>40 % poliesteris (audinys)<br data-start=\"84\" data-end=\"87\" data-is-only-node=\"\" \/>30 % poliuretanas (PU)<br data-start=\"110\" data-end=\"113\" \/>30 % gele\u017eis<\/p>\n<p>&nbsp;<\/p>\n","protected":false},"excerpt":{"rendered":"<p>Pristatome pa\u010di\u0105 mieliausi\u0105 katin\u0117li\u0173 gumy\u010di\u0173 pakuot\u0119!Gra\u017e\u016bs mirksintys katin\u0117liai \u012fvairiose pozose \u2013 \u00a0dovana ma\u017eiesiems ka\u010di\u0173 myl\u0117tojams! 8 vnt. pakuot\u0117je 5 cm tamprios ir tvirtos gumyt\u0117s \u0161velni\u0173 neutrali\u0173 atspalvi\u0173 Katin\u0117liai pagaminti i\u0161 \u0161velnios odel\u0117s imitacijos ir blizgi\u0173 audini\u0173 derinio Sud\u0117tis:40 % poliesteris (audinys)30 % poliuretanas (PU)30 % gele\u017eis &nbsp;<\/p>\n","protected":false},"featured_media":9394,"template":"","meta":[],"product_brand":[],"product_cat":[67,186],"product_tag":[224,562,46,787,669,417],"class_list":{"0":"post-9393","1":"product","2":"type-product","3":"status-publish","4":"has-post-thumbnail","6":"product_cat-apranga-aksesuarai","7":"product_cat-naujienos","8":"product_tag-aksesuarai","9":"product_tag-aksesuarai-plaukams","10":"product_tag-aksesuarai-vaikams","11":"product_tag-mimi-lula","12":"product_tag-plaukams","13":"product_tag-segtukai","14":"","16":"first","17":"instock","18":"taxable","19":"shipping-taxable","20":"purchasable","21":"product-type-simple"},"_links":{"self":[{"href":"https:\/\/secihouse.lt\/index.php\/wp-json\/wp\/v2\/product\/9393","targetHints":{"allow":["GET"]}}],"collection":[{"href":"https:\/\/secihouse.lt\/index.php\/wp-json\/wp\/v2\/product"}],"about":[{"href":"https:\/\/secihouse.lt\/index.php\/wp-json\/wp\/v2\/types\/product"}],"wp:featuredmedia":[{"embeddable":true,"href":"https:\/\/secihouse.lt\/index.php\/wp-json\/wp\/v2\/media\/9394"}],"wp:attachment":[{"href":"https:\/\/secihouse.lt\/index.php\/wp-json\/wp\/v2\/media?parent=9393"}],"wp:term":[{"taxonomy":"product_brand","embeddable":true,"href":"https:\/\/secihouse.lt\/index.php\/wp-json\/wp\/v2\/product_brand?post=9393"},{"taxonomy":"product_cat","embeddable":true,"href":"https:\/\/secihouse.lt\/index.php\/wp-json\/wp\/v2\/product_cat?post=9393"},{"taxonomy":"product_tag","embeddable":true,"href":"https:\/\/secihouse.lt\/index.php\/wp-json\/wp\/v2\/product_tag?post=9393"}],"curies":[{"name":"wp","href":"https:\/\/api.w.org\/{rel}","templated":true}]}}