{"id":9389,"date":"2025-09-09T20:54:24","date_gmt":"2025-09-09T18:54:24","guid":{"rendered":"https:\/\/secihouse.lt\/?post_type=product&#038;p=9389"},"modified":"2026-02-17T17:26:34","modified_gmt":"2026-02-17T15:26:34","slug":"mimi-lula-plauku-gumyciu-rinkinys-cat-mouse","status":"publish","type":"product","link":"https:\/\/secihouse.lt\/index.php\/product\/mimi-lula-plauku-gumyciu-rinkinys-cat-mouse\/","title":{"rendered":"MIMI &#038; LULA plauk\u0173 gumy\u010di\u0173 rinkinys &#8211; Cat &#038; Mouse"},"content":{"rendered":"<p data-start=\"38\" data-end=\"264\"><strong data-start=\"38\" data-end=\"104\">Pasisveikinkite su labai mielomis katyt\u0117mis ir peliukais !<\/strong><br data-start=\"104\" data-end=\"107\" \/>Keturi mink\u0161ti ma\u017ey\u010diai kat\u0117s veidukai, dvi mielos ma\u017eos pel\u0117s ir dvi auksin\u0117s blizgan\u010dios \u0161irdel\u0117s \u2013 derinkite kaip norite ir kurkite begal\u0119 \u017eaving\u0173 stili\u0173!<\/p>\n<ul data-start=\"266\" data-end=\"417\">\n<li data-start=\"266\" data-end=\"290\">\n<p data-start=\"268\" data-end=\"290\"><strong data-start=\"268\" data-end=\"288\">8 vnt. pakuot\u0117je<\/strong><\/p>\n<\/li>\n<li data-start=\"291\" data-end=\"331\">\n<p data-start=\"293\" data-end=\"331\"><strong data-start=\"293\" data-end=\"329\">3 cm tamprios ir tvirtos gumyt\u0117s<\/strong><\/p>\n<\/li>\n<li data-start=\"332\" data-end=\"417\">\n<p data-start=\"334\" data-end=\"417\">Kat\u0117s, pel\u0117s ir \u0161irdel\u0117s pagamintos i\u0161 \u0161velnios zom\u0161in\u0117s ir blizgi\u0173 audini\u0173 derinio<\/p>\n<\/li>\n<\/ul>\n<p data-start=\"339\" data-end=\"430\">\n<p data-start=\"355\" data-end=\"485\"><strong data-start=\"42\" data-end=\"54\">Sud\u0117tis:<\/strong><br data-start=\"54\" data-end=\"57\" \/>40 % poliesteris (audinys)<br data-start=\"84\" data-end=\"87\" data-is-only-node=\"\" \/>30 % poliuretanas (PU)<br data-start=\"110\" data-end=\"113\" \/>30 % gele\u017eis<\/p>\n<p>&nbsp;<\/p>\n","protected":false},"excerpt":{"rendered":"<p>Pasisveikinkite su labai mielomis katyt\u0117mis ir peliukais !Keturi mink\u0161ti ma\u017ey\u010diai kat\u0117s veidukai, dvi mielos ma\u017eos pel\u0117s ir dvi auksin\u0117s blizgan\u010dios \u0161irdel\u0117s \u2013 derinkite kaip norite ir kurkite begal\u0119 \u017eaving\u0173 stili\u0173! 8 vnt. pakuot\u0117je 3 cm tamprios ir tvirtos gumyt\u0117s Kat\u0117s, pel\u0117s ir \u0161irdel\u0117s pagamintos i\u0161 \u0161velnios zom\u0161in\u0117s ir blizgi\u0173 audini\u0173 derinio Sud\u0117tis:40 % poliesteris (audinys)30 [&hellip;]<\/p>\n","protected":false},"featured_media":9390,"template":"","meta":[],"product_brand":[],"product_cat":[67,186],"product_tag":[224,562,46,787,669,417],"class_list":{"0":"post-9389","1":"product","2":"type-product","3":"status-publish","4":"has-post-thumbnail","6":"product_cat-apranga-aksesuarai","7":"product_cat-naujienos","8":"product_tag-aksesuarai","9":"product_tag-aksesuarai-plaukams","10":"product_tag-aksesuarai-vaikams","11":"product_tag-mimi-lula","12":"product_tag-plaukams","13":"product_tag-segtukai","14":"","16":"first","17":"instock","18":"taxable","19":"shipping-taxable","20":"purchasable","21":"product-type-simple"},"_links":{"self":[{"href":"https:\/\/secihouse.lt\/index.php\/wp-json\/wp\/v2\/product\/9389","targetHints":{"allow":["GET"]}}],"collection":[{"href":"https:\/\/secihouse.lt\/index.php\/wp-json\/wp\/v2\/product"}],"about":[{"href":"https:\/\/secihouse.lt\/index.php\/wp-json\/wp\/v2\/types\/product"}],"wp:featuredmedia":[{"embeddable":true,"href":"https:\/\/secihouse.lt\/index.php\/wp-json\/wp\/v2\/media\/9390"}],"wp:attachment":[{"href":"https:\/\/secihouse.lt\/index.php\/wp-json\/wp\/v2\/media?parent=9389"}],"wp:term":[{"taxonomy":"product_brand","embeddable":true,"href":"https:\/\/secihouse.lt\/index.php\/wp-json\/wp\/v2\/product_brand?post=9389"},{"taxonomy":"product_cat","embeddable":true,"href":"https:\/\/secihouse.lt\/index.php\/wp-json\/wp\/v2\/product_cat?post=9389"},{"taxonomy":"product_tag","embeddable":true,"href":"https:\/\/secihouse.lt\/index.php\/wp-json\/wp\/v2\/product_tag?post=9389"}],"curies":[{"name":"wp","href":"https:\/\/api.w.org\/{rel}","templated":true}]}}