{"id":9384,"date":"2025-09-09T20:49:31","date_gmt":"2025-09-09T18:49:31","guid":{"rendered":"https:\/\/secihouse.lt\/?post_type=product&#038;p=9384"},"modified":"2025-09-09T20:54:06","modified_gmt":"2025-09-09T18:54:06","slug":"mimi-lula-plauku-segtuku-mini-rinkinys-cat-mouse","status":"publish","type":"product","link":"https:\/\/secihouse.lt\/index.php\/product\/mimi-lula-plauku-segtuku-mini-rinkinys-cat-mouse\/","title":{"rendered":"MIMI &#038; LULA plauk\u0173 segtuk\u0173 mini rinkinys &#8211; Cat &#038; Mouse"},"content":{"rendered":"<p data-start=\"38\" data-end=\"253\"><strong data-start=\"38\" data-end=\"105\">Pasisveikinkite su labai mielais ka\u010diukais ir peliukais segtukais!<\/strong><br data-start=\"105\" data-end=\"108\" \/>Du mink\u0161ti ma\u017ey\u010diai kat\u0117s veidukai, dvi mielos ma\u017eos pel\u0117s ir auksin\u0117 blizganti \u0161irdel\u0117 \u2013 derinkite kaip norite ir kurkite begal\u0119 \u017eaving\u0173 stili\u0173!<\/p>\n<ul data-start=\"255\" data-end=\"430\">\n<li data-start=\"255\" data-end=\"283\">\n<p data-start=\"257\" data-end=\"283\"><strong data-start=\"257\" data-end=\"281\">5 segtukai pakuot\u0117je<\/strong><\/p>\n<\/li>\n<li data-start=\"284\" data-end=\"336\">\n<p data-start=\"286\" data-end=\"336\"><strong data-start=\"286\" data-end=\"334\">4 cm juostele aptraukti \u201eclic clac\u201c segtukai<\/strong><\/p>\n<\/li>\n<li data-start=\"337\" data-end=\"430\">\n<p data-start=\"339\" data-end=\"430\">Kat\u0117s, pel\u0117s ir \u0161irdel\u0117 pagaminti i\u0161 \u0161velnios zom\u0161in\u0117s med\u017eiagos ir blizgi\u0173 audini\u0173 derinio<\/p>\n<\/li>\n<\/ul>\n<p data-start=\"355\" data-end=\"485\">\n<p data-start=\"355\" data-end=\"485\"><strong data-start=\"42\" data-end=\"54\">Sud\u0117tis:<\/strong><br data-start=\"54\" data-end=\"57\" \/>40 % poliesteris (audinys)<br data-start=\"84\" data-end=\"87\" data-is-only-node=\"\" \/>30 % poliuretanas (PU)<br data-start=\"110\" data-end=\"113\" \/>30 % gele\u017eis<\/p>\n<p>&nbsp;<\/p>\n","protected":false},"excerpt":{"rendered":"<p>Pasisveikinkite su labai mielais ka\u010diukais ir peliukais segtukais!Du mink\u0161ti ma\u017ey\u010diai kat\u0117s veidukai, dvi mielos ma\u017eos pel\u0117s ir auksin\u0117 blizganti \u0161irdel\u0117 \u2013 derinkite kaip norite ir kurkite begal\u0119 \u017eaving\u0173 stili\u0173! 5 segtukai pakuot\u0117je 4 cm juostele aptraukti \u201eclic clac\u201c segtukai Kat\u0117s, pel\u0117s ir \u0161irdel\u0117 pagaminti i\u0161 \u0161velnios zom\u0161in\u0117s med\u017eiagos ir blizgi\u0173 audini\u0173 derinio Sud\u0117tis:40 % poliesteris [&hellip;]<\/p>\n","protected":false},"featured_media":9385,"template":"","meta":[],"product_brand":[],"product_cat":[67,186],"product_tag":[224,562,46,787,669,417],"class_list":{"0":"post-9384","1":"product","2":"type-product","3":"status-publish","4":"has-post-thumbnail","6":"product_cat-apranga-aksesuarai","7":"product_cat-naujienos","8":"product_tag-aksesuarai","9":"product_tag-aksesuarai-plaukams","10":"product_tag-aksesuarai-vaikams","11":"product_tag-mimi-lula","12":"product_tag-plaukams","13":"product_tag-segtukai","14":"","16":"first","17":"instock","18":"taxable","19":"shipping-taxable","20":"purchasable","21":"product-type-simple"},"_links":{"self":[{"href":"https:\/\/secihouse.lt\/index.php\/wp-json\/wp\/v2\/product\/9384","targetHints":{"allow":["GET"]}}],"collection":[{"href":"https:\/\/secihouse.lt\/index.php\/wp-json\/wp\/v2\/product"}],"about":[{"href":"https:\/\/secihouse.lt\/index.php\/wp-json\/wp\/v2\/types\/product"}],"wp:featuredmedia":[{"embeddable":true,"href":"https:\/\/secihouse.lt\/index.php\/wp-json\/wp\/v2\/media\/9385"}],"wp:attachment":[{"href":"https:\/\/secihouse.lt\/index.php\/wp-json\/wp\/v2\/media?parent=9384"}],"wp:term":[{"taxonomy":"product_brand","embeddable":true,"href":"https:\/\/secihouse.lt\/index.php\/wp-json\/wp\/v2\/product_brand?post=9384"},{"taxonomy":"product_cat","embeddable":true,"href":"https:\/\/secihouse.lt\/index.php\/wp-json\/wp\/v2\/product_cat?post=9384"},{"taxonomy":"product_tag","embeddable":true,"href":"https:\/\/secihouse.lt\/index.php\/wp-json\/wp\/v2\/product_tag?post=9384"}],"curies":[{"name":"wp","href":"https:\/\/api.w.org\/{rel}","templated":true}]}}