{"id":9374,"date":"2025-09-09T20:40:34","date_gmt":"2025-09-09T18:40:34","guid":{"rendered":"https:\/\/secihouse.lt\/?post_type=product&#038;p=9374"},"modified":"2025-09-09T20:45:16","modified_gmt":"2025-09-09T18:45:16","slug":"mimi-lula-plauku-segtuku-mini-rinkinys-woodland-fairy","status":"publish","type":"product","link":"https:\/\/secihouse.lt\/index.php\/product\/mimi-lula-plauku-segtuku-mini-rinkinys-woodland-fairy\/","title":{"rendered":"MIMI &#038; LULA plauk\u0173 segtuk\u0173 mini rinkinys &#8211; Woodland fairy"},"content":{"rendered":"<p data-start=\"59\" data-end=\"257\"><strong data-start=\"59\" data-end=\"140\">\u012ene\u0161kite mi\u0161ko magijos \u012f ma\u017e\u0105sias \u0161ukuosenas su \u0161iais kerin\u010diais mini segtukais!<\/strong><br data-start=\"140\" data-end=\"143\" \/>\u012ekv\u0117pti spalving\u0173 mi\u0161ko f\u0117j\u0173 ir j\u0173 mi\u0161ko draug\u0173 \u2013 puikiai tinka suteikti kasdien\u0117ms \u0161ukuosenoms \u017eaismingo \u017eavesio!<\/p>\n<ul data-start=\"259\" data-end=\"485\">\n<li data-start=\"259\" data-end=\"287\">\n<p data-start=\"261\" data-end=\"287\"><strong data-start=\"261\" data-end=\"285\">5 segtukai pakuot\u0117je<\/strong><\/p>\n<\/li>\n<li data-start=\"288\" data-end=\"352\">\n<p data-start=\"290\" data-end=\"352\"><strong data-start=\"290\" data-end=\"330\">4 cm ilgio mini \u201eclic clac\u201c segtukai<\/strong>, aptraukti juostele<\/p>\n<\/li>\n<li data-start=\"353\" data-end=\"485\">\n<p data-start=\"355\" data-end=\"485\">F\u0117ja, peliukas, drugelis, tulp\u0117 ir musmir\u0117s \u2013 viskas sukurta i\u0161 magi\u0161ko derinio: odel\u0117s imitacijos, blizgios ir zom\u0161in\u0117s med\u017eiagos<\/p>\n<\/li>\n<\/ul>\n<p data-start=\"355\" data-end=\"485\"><strong data-start=\"42\" data-end=\"54\">Sud\u0117tis:<\/strong><br data-start=\"54\" data-end=\"57\" \/>30 % poliesteris (audinys)<br data-start=\"84\" data-end=\"87\" data-is-only-node=\"\" \/>40 % poliuretanas (PU)<br data-start=\"110\" data-end=\"113\" \/>30 % gele\u017eis<\/p>\n<p>&nbsp;<\/p>\n","protected":false},"excerpt":{"rendered":"<p>\u012ene\u0161kite mi\u0161ko magijos \u012f ma\u017e\u0105sias \u0161ukuosenas su \u0161iais kerin\u010diais mini segtukais!\u012ekv\u0117pti spalving\u0173 mi\u0161ko f\u0117j\u0173 ir j\u0173 mi\u0161ko draug\u0173 \u2013 puikiai tinka suteikti kasdien\u0117ms \u0161ukuosenoms \u017eaismingo \u017eavesio! 5 segtukai pakuot\u0117je 4 cm ilgio mini \u201eclic clac\u201c segtukai, aptraukti juostele F\u0117ja, peliukas, drugelis, tulp\u0117 ir musmir\u0117s \u2013 viskas sukurta i\u0161 magi\u0161ko derinio: odel\u0117s imitacijos, blizgios ir zom\u0161in\u0117s [&hellip;]<\/p>\n","protected":false},"featured_media":9375,"template":"","meta":[],"product_brand":[],"product_cat":[67,186],"product_tag":[224,562,46,787,669,417],"class_list":{"0":"post-9374","1":"product","2":"type-product","3":"status-publish","4":"has-post-thumbnail","6":"product_cat-apranga-aksesuarai","7":"product_cat-naujienos","8":"product_tag-aksesuarai","9":"product_tag-aksesuarai-plaukams","10":"product_tag-aksesuarai-vaikams","11":"product_tag-mimi-lula","12":"product_tag-plaukams","13":"product_tag-segtukai","14":"","16":"first","17":"instock","18":"taxable","19":"shipping-taxable","20":"purchasable","21":"product-type-simple"},"_links":{"self":[{"href":"https:\/\/secihouse.lt\/index.php\/wp-json\/wp\/v2\/product\/9374","targetHints":{"allow":["GET"]}}],"collection":[{"href":"https:\/\/secihouse.lt\/index.php\/wp-json\/wp\/v2\/product"}],"about":[{"href":"https:\/\/secihouse.lt\/index.php\/wp-json\/wp\/v2\/types\/product"}],"wp:featuredmedia":[{"embeddable":true,"href":"https:\/\/secihouse.lt\/index.php\/wp-json\/wp\/v2\/media\/9375"}],"wp:attachment":[{"href":"https:\/\/secihouse.lt\/index.php\/wp-json\/wp\/v2\/media?parent=9374"}],"wp:term":[{"taxonomy":"product_brand","embeddable":true,"href":"https:\/\/secihouse.lt\/index.php\/wp-json\/wp\/v2\/product_brand?post=9374"},{"taxonomy":"product_cat","embeddable":true,"href":"https:\/\/secihouse.lt\/index.php\/wp-json\/wp\/v2\/product_cat?post=9374"},{"taxonomy":"product_tag","embeddable":true,"href":"https:\/\/secihouse.lt\/index.php\/wp-json\/wp\/v2\/product_tag?post=9374"}],"curies":[{"name":"wp","href":"https:\/\/api.w.org\/{rel}","templated":true}]}}