{"id":9369,"date":"2025-09-09T20:32:13","date_gmt":"2025-09-09T18:32:13","guid":{"rendered":"https:\/\/secihouse.lt\/?post_type=product&#038;p=9369"},"modified":"2025-09-09T20:40:04","modified_gmt":"2025-09-09T18:40:04","slug":"mimi-lula-plauku-segtuku-rinkinys-unicorn-rainbow","status":"publish","type":"product","link":"https:\/\/secihouse.lt\/index.php\/product\/mimi-lula-plauku-segtuku-rinkinys-unicorn-rainbow\/","title":{"rendered":"MIMI &#038; LULA plauk\u0173 segtuk\u0173  rinkinys &#8211; Unicorn &#038; Rainbow"},"content":{"rendered":"<p data-start=\"38\" data-end=\"299\"><strong data-start=\"38\" data-end=\"167\">\u012ene\u0161kite \u0161iek tiek magi\u0161kos mitin\u0117s nuotaikos \u012f j\u016bs\u0173 princesi\u0173 \u0161ukuosen\u0105 su \u00a0sparnuot\u0173 vienaragi\u0173 ir vaivoryk\u0161\u010di\u0173 segtukais \u201eclic clac\u201c!<\/strong><br data-start=\"167\" data-end=\"170\" \/>Du grak\u0161t\u016bs metalizuoti vienaragiai ir dvi itin mielos vaivoryk\u0161t\u0117s sudaro nuostabiausi\u0105 segtuk\u0173 rinkin\u012f, kur\u012f princes\u0117 tikrai pamils.<\/p>\n<ul>\n<li data-start=\"301\" data-end=\"329\">\n<p data-start=\"303\" data-end=\"329\"><strong data-start=\"303\" data-end=\"327\">4 segtukai pakuot\u0117je<\/strong><\/p>\n<\/li>\n<li data-start=\"332\" data-end=\"514\"><strong data-start=\"332\" data-end=\"367\">5 cm ilgio \u201eclic clac\u201c segtukai<\/strong>, aptraukti juostele, papuo\u0161ti vienaragiais ir vaivoryk\u0161t\u0117mis, kruop\u0161\u010diai pagamintais i\u0161 gra\u017eiausi\u0173 \u0161velni\u0173 metalizuot\u0173 ir smulkiai blizgi\u0173 audini\u0173<\/li>\n<\/ul>\n<p data-start=\"332\" data-end=\"514\"><strong data-start=\"54\" data-end=\"66\">Sud\u0117tis:<\/strong><br data-start=\"66\" data-end=\"69\" \/>30 % poliesteris (audinys),<br data-start=\"96\" data-end=\"99\" data-is-only-node=\"\" \/>40 % poliuretanas (PU),<br data-start=\"122\" data-end=\"125\" \/>30 % gele\u017eis<\/p>\n<p>&nbsp;<\/p>\n","protected":false},"excerpt":{"rendered":"<p>\u012ene\u0161kite \u0161iek tiek magi\u0161kos mitin\u0117s nuotaikos \u012f j\u016bs\u0173 princesi\u0173 \u0161ukuosen\u0105 su \u00a0sparnuot\u0173 vienaragi\u0173 ir vaivoryk\u0161\u010di\u0173 segtukais \u201eclic clac\u201c!Du grak\u0161t\u016bs metalizuoti vienaragiai ir dvi itin mielos vaivoryk\u0161t\u0117s sudaro nuostabiausi\u0105 segtuk\u0173 rinkin\u012f, kur\u012f princes\u0117 tikrai pamils. 4 segtukai pakuot\u0117je 5 cm ilgio \u201eclic clac\u201c segtukai, aptraukti juostele, papuo\u0161ti vienaragiais ir vaivoryk\u0161t\u0117mis, kruop\u0161\u010diai pagamintais i\u0161 gra\u017eiausi\u0173 \u0161velni\u0173 metalizuot\u0173 [&hellip;]<\/p>\n","protected":false},"featured_media":9370,"template":"","meta":[],"product_brand":[],"product_cat":[67,186],"product_tag":[224,562,46,787,669,417],"class_list":{"0":"post-9369","1":"product","2":"type-product","3":"status-publish","4":"has-post-thumbnail","6":"product_cat-apranga-aksesuarai","7":"product_cat-naujienos","8":"product_tag-aksesuarai","9":"product_tag-aksesuarai-plaukams","10":"product_tag-aksesuarai-vaikams","11":"product_tag-mimi-lula","12":"product_tag-plaukams","13":"product_tag-segtukai","14":"","16":"first","17":"instock","18":"taxable","19":"shipping-taxable","20":"purchasable","21":"product-type-simple"},"_links":{"self":[{"href":"https:\/\/secihouse.lt\/index.php\/wp-json\/wp\/v2\/product\/9369","targetHints":{"allow":["GET"]}}],"collection":[{"href":"https:\/\/secihouse.lt\/index.php\/wp-json\/wp\/v2\/product"}],"about":[{"href":"https:\/\/secihouse.lt\/index.php\/wp-json\/wp\/v2\/types\/product"}],"wp:featuredmedia":[{"embeddable":true,"href":"https:\/\/secihouse.lt\/index.php\/wp-json\/wp\/v2\/media\/9370"}],"wp:attachment":[{"href":"https:\/\/secihouse.lt\/index.php\/wp-json\/wp\/v2\/media?parent=9369"}],"wp:term":[{"taxonomy":"product_brand","embeddable":true,"href":"https:\/\/secihouse.lt\/index.php\/wp-json\/wp\/v2\/product_brand?post=9369"},{"taxonomy":"product_cat","embeddable":true,"href":"https:\/\/secihouse.lt\/index.php\/wp-json\/wp\/v2\/product_cat?post=9369"},{"taxonomy":"product_tag","embeddable":true,"href":"https:\/\/secihouse.lt\/index.php\/wp-json\/wp\/v2\/product_tag?post=9369"}],"curies":[{"name":"wp","href":"https:\/\/api.w.org\/{rel}","templated":true}]}}