{"id":9360,"date":"2025-09-09T20:27:20","date_gmt":"2025-09-09T18:27:20","guid":{"rendered":"https:\/\/secihouse.lt\/?post_type=product&#038;p=9360"},"modified":"2025-09-09T20:27:20","modified_gmt":"2025-09-09T18:27:20","slug":"mimi-lula-plauku-segtuku-rinkinys-farm-animal","status":"publish","type":"product","link":"https:\/\/secihouse.lt\/index.php\/product\/mimi-lula-plauku-segtuku-rinkinys-farm-animal\/","title":{"rendered":"MIMI &#038; LULA plauk\u0173 segtuk\u0173 rinkinys &#8211; Farm animal"},"content":{"rendered":"<p data-start=\"46\" data-end=\"285\"><strong data-start=\"46\" data-end=\"147\">\u012ene\u0161kite \u0161iek tiek kaimi\u0161ko \u017eavesio su \u0161iomis \u017eaismingomis mini segtuk\u0173 rinkinuku!<\/strong><br data-start=\"147\" data-end=\"150\" \/>Segtukai puo\u0161ti mielais vi\u0161\u010diuk\u0173, avi\u0173, g\u0117li\u0173 ir karvi\u0173 dizainais \u2013 puikiai tinka pagyvinti bet koki\u0105 \u0161ukuosen\u0105.<\/p>\n<ul data-start=\"287\" data-end=\"524\">\n<li data-start=\"287\" data-end=\"315\">\n<p data-start=\"289\" data-end=\"315\"><strong data-start=\"289\" data-end=\"313\">8 segtukai pakuot\u0117je<\/strong><\/p>\n<\/li>\n<li data-start=\"316\" data-end=\"524\">\n<p data-start=\"318\" data-end=\"524\"><strong data-start=\"318\" data-end=\"384\">3 cm ilgio blizgia juostele aptraukti \u201ealigator\u201c tipo segtukai<\/strong>, dekoruoti \u017eaismingu vi\u0161\u010diuk\u0173, avi\u0173, g\u0117li\u0173 ir karvi\u0173 deriniu. Pagaminti i\u0161 \u0161velnios zom\u0161in\u0117s med\u017eiagos ir blizgaus auksinio metalo audinio.<\/p>\n<\/li>\n<\/ul>\n","protected":false},"excerpt":{"rendered":"<p>\u012ene\u0161kite \u0161iek tiek kaimi\u0161ko \u017eavesio su \u0161iomis \u017eaismingomis mini segtuk\u0173 rinkinuku!Segtukai puo\u0161ti mielais vi\u0161\u010diuk\u0173, avi\u0173, g\u0117li\u0173 ir karvi\u0173 dizainais \u2013 puikiai tinka pagyvinti bet koki\u0105 \u0161ukuosen\u0105. 8 segtukai pakuot\u0117je 3 cm ilgio blizgia juostele aptraukti \u201ealigator\u201c tipo segtukai, dekoruoti \u017eaismingu vi\u0161\u010diuk\u0173, avi\u0173, g\u0117li\u0173 ir karvi\u0173 deriniu. Pagaminti i\u0161 \u0161velnios zom\u0161in\u0117s med\u017eiagos ir blizgaus auksinio metalo [&hellip;]<\/p>\n","protected":false},"featured_media":9361,"template":"","meta":[],"product_brand":[],"product_cat":[67,186],"product_tag":[224,562,46,787,669,417],"class_list":{"0":"post-9360","1":"product","2":"type-product","3":"status-publish","4":"has-post-thumbnail","6":"product_cat-apranga-aksesuarai","7":"product_cat-naujienos","8":"product_tag-aksesuarai","9":"product_tag-aksesuarai-plaukams","10":"product_tag-aksesuarai-vaikams","11":"product_tag-mimi-lula","12":"product_tag-plaukams","13":"product_tag-segtukai","14":"","16":"first","17":"instock","18":"taxable","19":"shipping-taxable","20":"purchasable","21":"product-type-simple"},"_links":{"self":[{"href":"https:\/\/secihouse.lt\/index.php\/wp-json\/wp\/v2\/product\/9360","targetHints":{"allow":["GET"]}}],"collection":[{"href":"https:\/\/secihouse.lt\/index.php\/wp-json\/wp\/v2\/product"}],"about":[{"href":"https:\/\/secihouse.lt\/index.php\/wp-json\/wp\/v2\/types\/product"}],"wp:featuredmedia":[{"embeddable":true,"href":"https:\/\/secihouse.lt\/index.php\/wp-json\/wp\/v2\/media\/9361"}],"wp:attachment":[{"href":"https:\/\/secihouse.lt\/index.php\/wp-json\/wp\/v2\/media?parent=9360"}],"wp:term":[{"taxonomy":"product_brand","embeddable":true,"href":"https:\/\/secihouse.lt\/index.php\/wp-json\/wp\/v2\/product_brand?post=9360"},{"taxonomy":"product_cat","embeddable":true,"href":"https:\/\/secihouse.lt\/index.php\/wp-json\/wp\/v2\/product_cat?post=9360"},{"taxonomy":"product_tag","embeddable":true,"href":"https:\/\/secihouse.lt\/index.php\/wp-json\/wp\/v2\/product_tag?post=9360"}],"curies":[{"name":"wp","href":"https:\/\/api.w.org\/{rel}","templated":true}]}}