{"id":9286,"date":"2025-06-04T20:07:52","date_gmt":"2025-06-04T18:07:52","guid":{"rendered":"https:\/\/secihouse.lt\/?post_type=product&#038;p=9286"},"modified":"2025-08-10T21:09:50","modified_gmt":"2025-08-10T19:09:50","slug":"olli-ella-dinky-dinkums-sraige-scottie","status":"publish","type":"product","link":"https:\/\/secihouse.lt\/index.php\/product\/olli-ella-dinky-dinkums-sraige-scottie\/","title":{"rendered":"Olli Ella Dinky Dinkums sraig\u0117 &#8211; Scottie"},"content":{"rendered":"<h6 data-start=\"143\" data-end=\"190\"><strong data-start=\"147\" data-end=\"190\">Skotis Sraig\u0117 \u2013 \u0161velnus l\u0117tumo meistras<\/strong><\/h6>\n<p data-start=\"192\" data-end=\"495\">Skotis Sraig\u0117 \u2013 tai l\u0117tas, bet be galo mielas draugas, kuris niekur neskuba, nes&#8230; kam skub\u0117ti, kai turi vis\u0105 pasaulio laik\u0105 apkabinimams?<br data-start=\"331\" data-end=\"334\" \/>Skotis dievina sn\u016bdurius, o dar labiau \u2013 ilgus, jaukius apsikabinimus. Nesvarbu, ar l\u0117tai \u0161liau\u017eia, ar jaukiai susisuk\u0119s ilsisi \u2013 jis visada spinduliuoja ramyb\u0119.<\/p>\n<p data-start=\"497\" data-end=\"830\">Apsireng\u0119s mink\u0161tu, aksominiu oran\u017einiu kombinezonu su deran\u010diu gobtuvu ir anten\u0117l\u0117mis, Skotis yra tikras jaukumo ir \u0161ilumos \u012fsik\u016bnijimas. Ry\u0161k\u016bs, ugnin\u0117s oran\u017ein\u0117s spalvos garbanoti plaukai ir pelen\u0173 rie\u0161ut\u0173 atspalvio akys subtiliai dera su dideliu, s\u016bkuriuotu sraig\u0117s kiautu ant nugaros, kuris puo\u0161iamas dailiu geltonu siuvin\u0117jimu.<\/p>\n<p data-start=\"832\" data-end=\"951\">Skotis \u2013 \u0161velnus, ramus ir l\u0117tas \u2013 tobula draugija tiems, kurie m\u0117gsta sustoti, pasim\u0117gauti tyla ir apkabinti stipriau.<\/p>\n<p data-start=\"603\" data-end=\"722\"><strong>Rekomenduojamas am\u017eius:<\/strong> nuo 18 m\u0117n.<\/p>\n<p data-start=\"603\" data-end=\"722\"><strong data-start=\"128\" data-end=\"144\">I\u0161matavimai:<\/strong> ilgis 22 cm \u00d7 plotis 12 cm \u00d7 auk\u0161tis 8 cm<br data-start=\"186\" data-end=\"189\" \/><strong data-start=\"189\" data-end=\"200\">Svoris:<\/strong> 0,16 kg<\/p>\n<p data-start=\"110\" data-end=\"362\"><strong data-start=\"110\" data-end=\"124\">Prie\u017ei\u016bra:<\/strong><br data-start=\"124\" data-end=\"127\" \/>Skalbti skalbimo ma\u0161inoje \u0161altu vandeniu, \u0161velniu re\u017eimu, naudojant skalbini\u0173 mai\u0161el\u012f.<br data-start=\"213\" data-end=\"216\" \/>I\u0161\u0117mus i\u0161 mai\u0161elio, d\u017eiovinti gulint pav\u0117syje.<br data-start=\"262\" data-end=\"265\" \/>Nebalinti, nemirkyti, netrinti.<br data-start=\"296\" data-end=\"299\" \/>Netinka d\u017eiovinti d\u017eiovykl\u0117je, lyginti ar valyti cheminiu b\u016bdu.<\/p>\n<p data-start=\"603\" data-end=\"722\">\n","protected":false},"excerpt":{"rendered":"<p>Skotis Sraig\u0117 \u2013 \u0161velnus l\u0117tumo meistras Skotis Sraig\u0117 \u2013 tai l\u0117tas, bet be galo mielas draugas, kuris niekur neskuba, nes&#8230; kam skub\u0117ti, kai turi vis\u0105 pasaulio laik\u0105 apkabinimams?Skotis dievina sn\u016bdurius, o dar labiau \u2013 ilgus, jaukius apsikabinimus. Nesvarbu, ar l\u0117tai \u0161liau\u017eia, ar jaukiai susisuk\u0119s ilsisi \u2013 jis visada spinduliuoja ramyb\u0119. Apsireng\u0119s mink\u0161tu, aksominiu oran\u017einiu kombinezonu [&hellip;]<\/p>\n","protected":false},"featured_media":9287,"template":"","meta":[],"product_brand":[],"product_cat":[186,66],"product_tag":[604,250,257,256,42],"class_list":{"0":"post-9286","1":"product","2":"type-product","3":"status-publish","4":"has-post-thumbnail","6":"product_cat-naujienos","7":"product_cat-zaislai","8":"product_tag-minksti-zaislai","9":"product_tag-olli-ella","10":"product_tag-olli-ella-lele","11":"product_tag-olli-ella-lelyte","12":"product_tag-zaislai","13":"","15":"first","16":"instock","17":"taxable","18":"shipping-taxable","19":"purchasable","20":"product-type-simple"},"_links":{"self":[{"href":"https:\/\/secihouse.lt\/index.php\/wp-json\/wp\/v2\/product\/9286","targetHints":{"allow":["GET"]}}],"collection":[{"href":"https:\/\/secihouse.lt\/index.php\/wp-json\/wp\/v2\/product"}],"about":[{"href":"https:\/\/secihouse.lt\/index.php\/wp-json\/wp\/v2\/types\/product"}],"wp:featuredmedia":[{"embeddable":true,"href":"https:\/\/secihouse.lt\/index.php\/wp-json\/wp\/v2\/media\/9287"}],"wp:attachment":[{"href":"https:\/\/secihouse.lt\/index.php\/wp-json\/wp\/v2\/media?parent=9286"}],"wp:term":[{"taxonomy":"product_brand","embeddable":true,"href":"https:\/\/secihouse.lt\/index.php\/wp-json\/wp\/v2\/product_brand?post=9286"},{"taxonomy":"product_cat","embeddable":true,"href":"https:\/\/secihouse.lt\/index.php\/wp-json\/wp\/v2\/product_cat?post=9286"},{"taxonomy":"product_tag","embeddable":true,"href":"https:\/\/secihouse.lt\/index.php\/wp-json\/wp\/v2\/product_tag?post=9286"}],"curies":[{"name":"wp","href":"https:\/\/api.w.org\/{rel}","templated":true}]}}