{"id":9272,"date":"2025-06-04T20:02:36","date_gmt":"2025-06-04T18:02:36","guid":{"rendered":"https:\/\/secihouse.lt\/?post_type=product&#038;p=9272"},"modified":"2025-06-19T07:50:24","modified_gmt":"2025-06-19T05:50:24","slug":"olli-ella-dinky-dinkums-ziogelis-gideon","status":"publish","type":"product","link":"https:\/\/secihouse.lt\/index.php\/product\/olli-ella-dinky-dinkums-ziogelis-gideon\/","title":{"rendered":"Olli Ella Dinky Dinkums \u017eiogelis &#8211; Gideon"},"content":{"rendered":"<h6 data-start=\"137\" data-end=\"196\"><strong data-start=\"141\" data-end=\"196\">Gideonas \u017diogas \u2013 \u0161uoliuojantis nuotyki\u0173 ie\u0161kotojas<\/strong><\/h6>\n<p data-start=\"198\" data-end=\"417\">Gideonas \u017diogas tiesiog dievina \u0161okin\u0117ti \u2013 jis niekada neb\u016bna vienoje vietoje per ilgai, nes visada laukia naujas atradimas!<br data-start=\"322\" data-end=\"325\" \/>Jis nuolat \u012f\u0161ok\u0119s \u012f kit\u0105 kiemo nuotyk\u012f \u2013 pasiruo\u0161\u0119s tyrin\u0117ti, juoktis ir \u017eaisti be perstojo.<\/p>\n<p data-start=\"419\" data-end=\"622\">Apsireng\u0119s \u0161velniu, aksominiu \u017ealiu kostium\u0117liu su blizgan\u010diais sparneliais ir deran\u010diu gobtuvu (\u017einoma, su anten\u0117l\u0117mis!), \u0161is gyvybingas pagalbininkas sukurtas judesiui, i\u0161daigoms ir neribotam \u017eaidimui.<\/p>\n<p data-start=\"624\" data-end=\"757\">\n<p data-start=\"603\" data-end=\"722\"><strong>Rekomenduojamas am\u017eius:<\/strong> nuo 18 m\u0117n.<\/p>\n<p data-start=\"603\" data-end=\"722\"><strong data-start=\"128\" data-end=\"144\">I\u0161matavimai:<\/strong> ilgis 22 cm \u00d7 plotis 12 cm \u00d7 auk\u0161tis 8 cm<br data-start=\"186\" data-end=\"189\" \/><strong data-start=\"189\" data-end=\"200\">Svoris:<\/strong> 0,16 kg<\/p>\n<p data-start=\"110\" data-end=\"362\"><strong data-start=\"110\" data-end=\"124\">Prie\u017ei\u016bra:<\/strong><br data-start=\"124\" data-end=\"127\" \/>Skalbti skalbimo ma\u0161inoje \u0161altu vandeniu, \u0161velniu re\u017eimu, naudojant skalbini\u0173 mai\u0161el\u012f.<br data-start=\"213\" data-end=\"216\" \/>I\u0161\u0117mus i\u0161 mai\u0161elio, d\u017eiovinti gulint pav\u0117syje.<br data-start=\"262\" data-end=\"265\" \/>Nebalinti, nemirkyti, netrinti.<br data-start=\"296\" data-end=\"299\" \/>Netinka d\u017eiovinti d\u017eiovykl\u0117je, lyginti ar valyti cheminiu b\u016bdu.<\/p>\n<p data-start=\"603\" data-end=\"722\">\n","protected":false},"excerpt":{"rendered":"<p>Gideonas \u017diogas \u2013 \u0161uoliuojantis nuotyki\u0173 ie\u0161kotojas Gideonas \u017diogas tiesiog dievina \u0161okin\u0117ti \u2013 jis niekada neb\u016bna vienoje vietoje per ilgai, nes visada laukia naujas atradimas!Jis nuolat \u012f\u0161ok\u0119s \u012f kit\u0105 kiemo nuotyk\u012f \u2013 pasiruo\u0161\u0119s tyrin\u0117ti, juoktis ir \u017eaisti be perstojo. Apsireng\u0119s \u0161velniu, aksominiu \u017ealiu kostium\u0117liu su blizgan\u010diais sparneliais ir deran\u010diu gobtuvu (\u017einoma, su anten\u0117l\u0117mis!), \u0161is gyvybingas pagalbininkas [&hellip;]<\/p>\n","protected":false},"featured_media":9273,"template":"","meta":[],"product_brand":[],"product_cat":[186,66],"product_tag":[604,250,257,256,42],"class_list":{"0":"post-9272","1":"product","2":"type-product","3":"status-publish","4":"has-post-thumbnail","6":"product_cat-naujienos","7":"product_cat-zaislai","8":"product_tag-minksti-zaislai","9":"product_tag-olli-ella","10":"product_tag-olli-ella-lele","11":"product_tag-olli-ella-lelyte","12":"product_tag-zaislai","13":"","15":"first","16":"instock","17":"taxable","18":"shipping-taxable","19":"purchasable","20":"product-type-simple"},"_links":{"self":[{"href":"https:\/\/secihouse.lt\/index.php\/wp-json\/wp\/v2\/product\/9272","targetHints":{"allow":["GET"]}}],"collection":[{"href":"https:\/\/secihouse.lt\/index.php\/wp-json\/wp\/v2\/product"}],"about":[{"href":"https:\/\/secihouse.lt\/index.php\/wp-json\/wp\/v2\/types\/product"}],"wp:featuredmedia":[{"embeddable":true,"href":"https:\/\/secihouse.lt\/index.php\/wp-json\/wp\/v2\/media\/9273"}],"wp:attachment":[{"href":"https:\/\/secihouse.lt\/index.php\/wp-json\/wp\/v2\/media?parent=9272"}],"wp:term":[{"taxonomy":"product_brand","embeddable":true,"href":"https:\/\/secihouse.lt\/index.php\/wp-json\/wp\/v2\/product_brand?post=9272"},{"taxonomy":"product_cat","embeddable":true,"href":"https:\/\/secihouse.lt\/index.php\/wp-json\/wp\/v2\/product_cat?post=9272"},{"taxonomy":"product_tag","embeddable":true,"href":"https:\/\/secihouse.lt\/index.php\/wp-json\/wp\/v2\/product_tag?post=9272"}],"curies":[{"name":"wp","href":"https:\/\/api.w.org\/{rel}","templated":true}]}}