{"id":9263,"date":"2025-06-04T19:56:27","date_gmt":"2025-06-04T17:56:27","guid":{"rendered":"https:\/\/secihouse.lt\/?post_type=product&#038;p=9263"},"modified":"2025-06-19T07:50:16","modified_gmt":"2025-06-19T05:50:16","slug":"olli-ella-dinky-dinkums-boruzele-lola","status":"publish","type":"product","link":"https:\/\/secihouse.lt\/index.php\/product\/olli-ella-dinky-dinkums-boruzele-lola\/","title":{"rendered":"Olli Ella Dinky Dinkums boru\u017e\u0117l\u0117 &#8211; Lola"},"content":{"rendered":"<h6 data-start=\"136\" data-end=\"181\"><strong data-start=\"140\" data-end=\"181\">Lora Boru\u017e\u0117l\u0117 \u2013 ry\u0161ki nuotyki\u0173 vadov\u0117<\/strong><\/h6>\n<p data-start=\"183\" data-end=\"341\">Lora Boru\u017e\u0117l\u0117 \u2013 ji visada turi plan\u0105, u\u017ekand\u017ei\u0173 ir tobulai suplanuot\u0105 mar\u0161rut\u0105 link smagumo.<\/p>\n<p data-start=\"343\" data-end=\"673\">Apsirengusi ry\u0161kiai raudonu kostium\u0117liu su aksominiais, ta\u0161kuotais sparneliais.<br data-start=\"495\" data-end=\"498\" \/>Mink\u0161tas juodas gobtuvas, ma\u017eos anten\u0117l\u0117s su raudonomis burbuliuk\u0173 vir\u0161\u016bn\u0117l\u0117mis ir \u0161iek tiek mielo pasitik\u0117jimo savimi \u2013 Lora ne tik \u017eavinga, bet ir pasitikinti savimi lyder\u0117.<\/p>\n<p data-start=\"675\" data-end=\"825\">\u0160i ki\u0161eninio dyd\u017eio draug\u0117 &#8211; l\u0117lyt\u0117 idealiai tinka didel\u0117ms vaizduot\u0117ms ir ma\u017eiems vabaliuk\u0173 nuotykiams.<\/p>\n<p data-start=\"603\" data-end=\"722\"><strong>Rekomenduojamas am\u017eius:<\/strong> nuo 18 m\u0117n.<\/p>\n<p data-start=\"603\" data-end=\"722\"><strong data-start=\"128\" data-end=\"144\">I\u0161matavimai:<\/strong> ilgis 22 cm \u00d7 plotis 12 cm \u00d7 auk\u0161tis 8 cm<br data-start=\"186\" data-end=\"189\" \/><strong data-start=\"189\" data-end=\"200\">Svoris:<\/strong> 0,16 kg<\/p>\n<p data-start=\"110\" data-end=\"362\"><strong data-start=\"110\" data-end=\"124\">Prie\u017ei\u016bra:<\/strong><br data-start=\"124\" data-end=\"127\" \/>Skalbti skalbimo ma\u0161inoje \u0161altu vandeniu, \u0161velniu re\u017eimu, naudojant skalbini\u0173 mai\u0161el\u012f.<br data-start=\"213\" data-end=\"216\" \/>I\u0161\u0117mus i\u0161 mai\u0161elio, d\u017eiovinti gulint pav\u0117syje.<br data-start=\"262\" data-end=\"265\" \/>Nebalinti, nemirkyti, netrinti.<br data-start=\"296\" data-end=\"299\" \/>Netinka d\u017eiovinti d\u017eiovykl\u0117je, lyginti ar valyti cheminiu b\u016bdu.<\/p>\n<p data-start=\"603\" data-end=\"722\">\n","protected":false},"excerpt":{"rendered":"<p>Lora Boru\u017e\u0117l\u0117 \u2013 ry\u0161ki nuotyki\u0173 vadov\u0117 Lora Boru\u017e\u0117l\u0117 \u2013 ji visada turi plan\u0105, u\u017ekand\u017ei\u0173 ir tobulai suplanuot\u0105 mar\u0161rut\u0105 link smagumo. Apsirengusi ry\u0161kiai raudonu kostium\u0117liu su aksominiais, ta\u0161kuotais sparneliais.Mink\u0161tas juodas gobtuvas, ma\u017eos anten\u0117l\u0117s su raudonomis burbuliuk\u0173 vir\u0161\u016bn\u0117l\u0117mis ir \u0161iek tiek mielo pasitik\u0117jimo savimi \u2013 Lora ne tik \u017eavinga, bet ir pasitikinti savimi lyder\u0117. \u0160i ki\u0161eninio dyd\u017eio [&hellip;]<\/p>\n","protected":false},"featured_media":9264,"template":"","meta":[],"product_brand":[],"product_cat":[186,66],"product_tag":[604,250,257,256,42],"class_list":{"0":"post-9263","1":"product","2":"type-product","3":"status-publish","4":"has-post-thumbnail","6":"product_cat-naujienos","7":"product_cat-zaislai","8":"product_tag-minksti-zaislai","9":"product_tag-olli-ella","10":"product_tag-olli-ella-lele","11":"product_tag-olli-ella-lelyte","12":"product_tag-zaislai","13":"","15":"first","16":"instock","17":"taxable","18":"shipping-taxable","19":"purchasable","20":"product-type-simple"},"_links":{"self":[{"href":"https:\/\/secihouse.lt\/index.php\/wp-json\/wp\/v2\/product\/9263","targetHints":{"allow":["GET"]}}],"collection":[{"href":"https:\/\/secihouse.lt\/index.php\/wp-json\/wp\/v2\/product"}],"about":[{"href":"https:\/\/secihouse.lt\/index.php\/wp-json\/wp\/v2\/types\/product"}],"wp:featuredmedia":[{"embeddable":true,"href":"https:\/\/secihouse.lt\/index.php\/wp-json\/wp\/v2\/media\/9264"}],"wp:attachment":[{"href":"https:\/\/secihouse.lt\/index.php\/wp-json\/wp\/v2\/media?parent=9263"}],"wp:term":[{"taxonomy":"product_brand","embeddable":true,"href":"https:\/\/secihouse.lt\/index.php\/wp-json\/wp\/v2\/product_brand?post=9263"},{"taxonomy":"product_cat","embeddable":true,"href":"https:\/\/secihouse.lt\/index.php\/wp-json\/wp\/v2\/product_cat?post=9263"},{"taxonomy":"product_tag","embeddable":true,"href":"https:\/\/secihouse.lt\/index.php\/wp-json\/wp\/v2\/product_tag?post=9263"}],"curies":[{"name":"wp","href":"https:\/\/api.w.org\/{rel}","templated":true}]}}