{"id":9255,"date":"2025-06-04T19:55:56","date_gmt":"2025-06-04T17:55:56","guid":{"rendered":"https:\/\/secihouse.lt\/?post_type=product&#038;p=9255"},"modified":"2025-06-04T19:55:57","modified_gmt":"2025-06-04T17:55:57","slug":"olli-ella-dinky-dinkums-drugelis-betty","status":"publish","type":"product","link":"https:\/\/secihouse.lt\/index.php\/product\/olli-ella-dinky-dinkums-drugelis-betty\/","title":{"rendered":"Olli Ella Dinky Dinkums drugelis &#8211; Betty"},"content":{"rendered":"<p data-start=\"125\" data-end=\"168\"><strong data-start=\"125\" data-end=\"168\">Bet\u0117 Drugelis \u2013 \u017eaismingas kiemo draugas<\/strong><\/p>\n<p data-start=\"170\" data-end=\"377\">Bet\u0117 Drugelis \u2013 tikras spindesio ir svajoni\u0173 \u012fsik\u016bnijimas! Su \u017evilgan\u010diais aksominiais sparneliais ir \u0161velniu purpuriniu kostium\u0117liu, \u0161i ki\u0161eninio dyd\u017eio draug\u0117 atne\u0161a lengvumo ir magijos \u012f kiekvien\u0105 nuotyk\u012f.<\/p>\n<p data-start=\"379\" data-end=\"601\">I\u0161 patogaus gobtuvo i\u0161lind\u0119 ma\u017ei purpuriniai \u016bsai ir kuok\u0161telis rudos spalvos plauk\u0173 atskleid\u017eia Bet\u0117s \u017eaisming\u0105 bei miel\u0105 charakter\u012f. Ar ji sukt\u0173si \u012fsivaizduojamoje pievoje, ar ils\u0117t\u0173si po skryd\u017eio \u2013 su ja visada linksma!<\/p>\n<p data-start=\"603\" data-end=\"722\">\u00a0\u0160i l\u0117lyt\u0117 ideali ma\u017eoms rankyt\u0117ms, dideliems nuotykiams ir viskam tarp j\u0173.<\/p>\n<p data-start=\"603\" data-end=\"722\">\n<p data-start=\"603\" data-end=\"722\"><strong>Rekomenduojamas am\u017eius:<\/strong> nuo 18 m\u0117n.<\/p>\n<p data-start=\"603\" data-end=\"722\"><strong data-start=\"128\" data-end=\"144\">I\u0161matavimai:<\/strong> ilgis 22 cm \u00d7 plotis 12 cm \u00d7 auk\u0161tis 8 cm<br data-start=\"186\" data-end=\"189\" \/><strong data-start=\"189\" data-end=\"200\">Svoris:<\/strong> 0,16 kg<\/p>\n<p data-start=\"110\" data-end=\"362\"><strong data-start=\"110\" data-end=\"124\">Prie\u017ei\u016bra:<\/strong><br data-start=\"124\" data-end=\"127\" \/>Skalbti skalbimo ma\u0161inoje \u0161altu vandeniu, \u0161velniu re\u017eimu, naudojant skalbini\u0173 mai\u0161el\u012f.<br data-start=\"213\" data-end=\"216\" \/>I\u0161\u0117mus i\u0161 mai\u0161elio, d\u017eiovinti gulint pav\u0117syje.<br data-start=\"262\" data-end=\"265\" \/>Nebalinti, nemirkyti, netrinti.<br data-start=\"296\" data-end=\"299\" \/>Netinka d\u017eiovinti d\u017eiovykl\u0117je, lyginti ar valyti cheminiu b\u016bdu.<\/p>\n<p data-start=\"603\" data-end=\"722\">\n","protected":false},"excerpt":{"rendered":"<p>Bet\u0117 Drugelis \u2013 \u017eaismingas kiemo draugas Bet\u0117 Drugelis \u2013 tikras spindesio ir svajoni\u0173 \u012fsik\u016bnijimas! Su \u017evilgan\u010diais aksominiais sparneliais ir \u0161velniu purpuriniu kostium\u0117liu, \u0161i ki\u0161eninio dyd\u017eio draug\u0117 atne\u0161a lengvumo ir magijos \u012f kiekvien\u0105 nuotyk\u012f. I\u0161 patogaus gobtuvo i\u0161lind\u0119 ma\u017ei purpuriniai \u016bsai ir kuok\u0161telis rudos spalvos plauk\u0173 atskleid\u017eia Bet\u0117s \u017eaisming\u0105 bei miel\u0105 charakter\u012f. Ar ji sukt\u0173si \u012fsivaizduojamoje [&hellip;]<\/p>\n","protected":false},"featured_media":9256,"template":"","meta":[],"product_brand":[],"product_cat":[186,66],"product_tag":[604,250,257,256,42],"class_list":{"0":"post-9255","1":"product","2":"type-product","3":"status-publish","4":"has-post-thumbnail","6":"product_cat-naujienos","7":"product_cat-zaislai","8":"product_tag-minksti-zaislai","9":"product_tag-olli-ella","10":"product_tag-olli-ella-lele","11":"product_tag-olli-ella-lelyte","12":"product_tag-zaislai","13":"","15":"first","16":"instock","17":"taxable","18":"shipping-taxable","19":"purchasable","20":"product-type-simple"},"_links":{"self":[{"href":"https:\/\/secihouse.lt\/index.php\/wp-json\/wp\/v2\/product\/9255","targetHints":{"allow":["GET"]}}],"collection":[{"href":"https:\/\/secihouse.lt\/index.php\/wp-json\/wp\/v2\/product"}],"about":[{"href":"https:\/\/secihouse.lt\/index.php\/wp-json\/wp\/v2\/types\/product"}],"wp:featuredmedia":[{"embeddable":true,"href":"https:\/\/secihouse.lt\/index.php\/wp-json\/wp\/v2\/media\/9256"}],"wp:attachment":[{"href":"https:\/\/secihouse.lt\/index.php\/wp-json\/wp\/v2\/media?parent=9255"}],"wp:term":[{"taxonomy":"product_brand","embeddable":true,"href":"https:\/\/secihouse.lt\/index.php\/wp-json\/wp\/v2\/product_brand?post=9255"},{"taxonomy":"product_cat","embeddable":true,"href":"https:\/\/secihouse.lt\/index.php\/wp-json\/wp\/v2\/product_cat?post=9255"},{"taxonomy":"product_tag","embeddable":true,"href":"https:\/\/secihouse.lt\/index.php\/wp-json\/wp\/v2\/product_tag?post=9255"}],"curies":[{"name":"wp","href":"https:\/\/api.w.org\/{rel}","templated":true}]}}