{"id":9227,"date":"2025-05-06T13:36:48","date_gmt":"2025-05-06T11:36:48","guid":{"rendered":"https:\/\/secihouse.lt\/?post_type=product&#038;p=9227"},"modified":"2025-05-06T13:42:45","modified_gmt":"2025-05-06T11:42:45","slug":"tender-leaf-vezliu-seimynele","status":"publish","type":"product","link":"https:\/\/secihouse.lt\/index.php\/product\/tender-leaf-vezliu-seimynele\/","title":{"rendered":"Tender leaf v\u0117\u017eli\u0173 \u0161eimyn\u0117l\u0117"},"content":{"rendered":"<p class=\"\" data-start=\"33\" data-end=\"94\">V\u0117\u017eli\u0173 \u0161eimyn\u0117l\u0117 \u2013 mamyt\u0117 ir ma\u017eylis j\u0173 jaukiuose namuose<\/p>\n<p class=\"\" data-start=\"96\" data-end=\"382\">Mamyt\u0117 ir ma\u017eylis v\u0117\u017eliukai gyvena jaukiuose namuose su \u0161ildan\u010dia lempa ir atskira miegamojo zona. Rinkinyje taip pat yra vandens duben\u0117lis, du lapeliai, obuolio skiltel\u0117 ir bra\u0161k\u0117.<\/p>\n<p data-start=\"384\" data-end=\"487\">\n<p class=\"\" data-start=\"384\" data-end=\"487\"><strong data-start=\"384\" data-end=\"411\">Rekomenduojamas am\u017eius:<\/strong> nuo 3 met\u0173<br data-start=\"422\" data-end=\"425\" \/><strong data-start=\"425\" data-end=\"444\">Produkto dydis:<\/strong> 18 x 6,5 x 7,5 cm<br data-start=\"462\" data-end=\"465\" \/><strong data-start=\"465\" data-end=\"476\">Svoris:<\/strong> apie 140 g<\/p>\n","protected":false},"excerpt":{"rendered":"<p>V\u0117\u017eli\u0173 \u0161eimyn\u0117l\u0117 \u2013 mamyt\u0117 ir ma\u017eylis j\u0173 jaukiuose namuose Mamyt\u0117 ir ma\u017eylis v\u0117\u017eliukai gyvena jaukiuose namuose su \u0161ildan\u010dia lempa ir atskira miegamojo zona. Rinkinyje taip pat yra vandens duben\u0117lis, du lapeliai, obuolio skiltel\u0117 ir bra\u0161k\u0117. Rekomenduojamas am\u017eius: nuo 3 met\u0173Produkto dydis: 18 x 6,5 x 7,5 cmSvoris: apie 140 g<\/p>\n","protected":false},"featured_media":9228,"template":"","meta":[],"product_brand":[],"product_cat":[186,66],"product_tag":[441,781,782,785,42],"class_list":{"0":"post-9227","1":"product","2":"type-product","3":"status-publish","4":"has-post-thumbnail","6":"product_cat-naujienos","7":"product_cat-zaislai","8":"product_tag-mediniai-zaislai","9":"product_tag-tender-leaf","10":"product_tag-tender-leaf-figurele","11":"product_tag-tender-leaf-zaislai","12":"product_tag-zaislai","13":"","15":"first","16":"instock","17":"taxable","18":"shipping-taxable","19":"purchasable","20":"product-type-simple"},"_links":{"self":[{"href":"https:\/\/secihouse.lt\/index.php\/wp-json\/wp\/v2\/product\/9227","targetHints":{"allow":["GET"]}}],"collection":[{"href":"https:\/\/secihouse.lt\/index.php\/wp-json\/wp\/v2\/product"}],"about":[{"href":"https:\/\/secihouse.lt\/index.php\/wp-json\/wp\/v2\/types\/product"}],"wp:featuredmedia":[{"embeddable":true,"href":"https:\/\/secihouse.lt\/index.php\/wp-json\/wp\/v2\/media\/9228"}],"wp:attachment":[{"href":"https:\/\/secihouse.lt\/index.php\/wp-json\/wp\/v2\/media?parent=9227"}],"wp:term":[{"taxonomy":"product_brand","embeddable":true,"href":"https:\/\/secihouse.lt\/index.php\/wp-json\/wp\/v2\/product_brand?post=9227"},{"taxonomy":"product_cat","embeddable":true,"href":"https:\/\/secihouse.lt\/index.php\/wp-json\/wp\/v2\/product_cat?post=9227"},{"taxonomy":"product_tag","embeddable":true,"href":"https:\/\/secihouse.lt\/index.php\/wp-json\/wp\/v2\/product_tag?post=9227"}],"curies":[{"name":"wp","href":"https:\/\/api.w.org\/{rel}","templated":true}]}}