{"id":9221,"date":"2025-05-06T13:15:28","date_gmt":"2025-05-06T11:15:28","guid":{"rendered":"https:\/\/secihouse.lt\/?post_type=product&#038;p=9221"},"modified":"2026-01-06T01:05:03","modified_gmt":"2026-01-05T23:05:03","slug":"tender-leaf-seimos-leles-ivory-boy","status":"publish","type":"product","link":"https:\/\/secihouse.lt\/index.php\/product\/tender-leaf-seimos-leles-ivory-boy\/","title":{"rendered":"Tender leaf  \u0160eimos l\u0117l\u0117s &#8211; Ivory boy"},"content":{"rendered":"<p class=\"\" data-start=\"38\" data-end=\"302\">Pagamintos fig\u016br\u0117l\u0117s i\u0161 gra\u017eios, tvariai i\u0161gaunamos kau\u010diukmed\u017eio medienos, \u0161ios l\u0117l\u0117s taip pat turi lankstomas rankas ir gra\u017eius nupie\u0161tus veidelius. \u017daidim\u0173 laikas bus tikrai neli\u016bdnas!<\/p>\n<p class=\"\" data-start=\"304\" data-end=\"395\"><strong>Rekomenduojamas am\u017eius:<\/strong> \u00a0nuo 3 met\u0173<br data-start=\"328\" data-end=\"331\" \/><strong>Produkto dydis: \u00a0<\/strong>5\u00a0x 3 x 8.6<\/p>\n<p class=\"\" data-start=\"304\" data-end=\"395\"><strong>Svoris:<\/strong> apie 32 g<\/p>\n<p data-start=\"304\" data-end=\"395\">\n","protected":false},"excerpt":{"rendered":"<p>Pagamintos fig\u016br\u0117l\u0117s i\u0161 gra\u017eios, tvariai i\u0161gaunamos kau\u010diukmed\u017eio medienos, \u0161ios l\u0117l\u0117s taip pat turi lankstomas rankas ir gra\u017eius nupie\u0161tus veidelius. \u017daidim\u0173 laikas bus tikrai neli\u016bdnas! Rekomenduojamas am\u017eius: \u00a0nuo 3 met\u0173Produkto dydis: \u00a05\u00a0x 3 x 8.6 Svoris: apie 32 g<\/p>\n","protected":false},"featured_media":9222,"template":"","meta":[],"product_brand":[],"product_cat":[186,66],"product_tag":[441,783,781,782,784,42],"class_list":{"0":"post-9221","1":"product","2":"type-product","3":"status-publish","4":"has-post-thumbnail","6":"product_cat-naujienos","7":"product_cat-zaislai","8":"product_tag-mediniai-zaislai","9":"product_tag-seimos-figureles","10":"product_tag-tender-leaf","11":"product_tag-tender-leaf-figurele","12":"product_tag-tender-leaf-seimos-lele","13":"product_tag-zaislai","14":"","16":"first","17":"instock","18":"taxable","19":"shipping-taxable","20":"purchasable","21":"product-type-simple"},"_links":{"self":[{"href":"https:\/\/secihouse.lt\/index.php\/wp-json\/wp\/v2\/product\/9221","targetHints":{"allow":["GET"]}}],"collection":[{"href":"https:\/\/secihouse.lt\/index.php\/wp-json\/wp\/v2\/product"}],"about":[{"href":"https:\/\/secihouse.lt\/index.php\/wp-json\/wp\/v2\/types\/product"}],"wp:featuredmedia":[{"embeddable":true,"href":"https:\/\/secihouse.lt\/index.php\/wp-json\/wp\/v2\/media\/9222"}],"wp:attachment":[{"href":"https:\/\/secihouse.lt\/index.php\/wp-json\/wp\/v2\/media?parent=9221"}],"wp:term":[{"taxonomy":"product_brand","embeddable":true,"href":"https:\/\/secihouse.lt\/index.php\/wp-json\/wp\/v2\/product_brand?post=9221"},{"taxonomy":"product_cat","embeddable":true,"href":"https:\/\/secihouse.lt\/index.php\/wp-json\/wp\/v2\/product_cat?post=9221"},{"taxonomy":"product_tag","embeddable":true,"href":"https:\/\/secihouse.lt\/index.php\/wp-json\/wp\/v2\/product_tag?post=9221"}],"curies":[{"name":"wp","href":"https:\/\/api.w.org\/{rel}","templated":true}]}}