{"id":9161,"date":"2025-04-25T08:13:41","date_gmt":"2025-04-25T06:13:41","guid":{"rendered":"https:\/\/secihouse.lt\/?post_type=product&#038;p=9161"},"modified":"2025-04-25T08:13:41","modified_gmt":"2025-04-25T06:13:41","slug":"done-by-deer-barskutis-dotti-sand","status":"publish","type":"product","link":"https:\/\/secihouse.lt\/index.php\/product\/done-by-deer-barskutis-dotti-sand\/","title":{"rendered":"Done by Deer bar\u0161kutis Dotti &#8211; Sand"},"content":{"rendered":"<p class=\"\" data-start=\"38\" data-end=\"274\">\u0160is linksmas sensorinis bar\u0161kutis sukurtas tam, kad nuramint\u0173 ir \u012ftraukt\u0173 k\u016bdikio poj\u016b\u010dius. Kramtukas ( \u017eiedelis ) puikiai tinka nie\u017etin\u010dioms dantenoms palengvinti, o bar\u0161kutis ir \u012fvairios tekst\u016bros suteikia stimuliacijos ir skatina tyrin\u0117jim\u0105.<\/p>\n<p class=\"\" data-start=\"276\" data-end=\"585\">Dotti, \u0161velnios sm\u0117lio spalvos su kontrastingais akcentais, suteikia \u0161velni\u0105 vizualin\u0119 stimuliacij\u0105, tod\u0117l \u0161is kramtukas yra puikus palydovas j\u016bs\u0173 k\u016bdikio vystymuisi. Nesvarbu, ar jis ramina skaudan\u010dias dantenas, ar u\u017eima ma\u017eas rankas, \u0161is sensorinis bar\u0161kutis yra b\u016btinas kiekviename j\u016bs\u0173 k\u016bdikio augimo etape<\/p>\n<p class=\"\" data-start=\"38\" data-end=\"75\"><strong data-start=\"38\" data-end=\"65\">Rekomenduojamas am\u017eius:\u00a0<\/strong>0+ m\u0117n.<\/p>\n<p class=\"\" data-start=\"77\" data-end=\"106\"><strong data-start=\"77\" data-end=\"92\">Dydis:\u00a0<\/strong>11 x 9,5 cm<\/p>\n<p class=\"\" data-start=\"108\" data-end=\"175\"><strong data-start=\"108\" data-end=\"133\">Kaip pasr\u016bpinti bar\u0161ku\u010diu:<\/strong><br data-start=\"133\" data-end=\"136\" \/>Plauti iki 40\u00b0C. Nenaudoti d\u017eiovykl\u0117je,<\/p>\n<p class=\"\" data-start=\"108\" data-end=\"175\"><strong data-start=\"38\" data-end=\"63\">I\u0161 ko Dotti bar\u0161kutis pagamintas:<\/strong><br data-start=\"63\" data-end=\"66\" \/>Audinys: 100 % poliesteris.<br data-start=\"93\" data-end=\"96\" \/>U\u017epildas: 100 % poliesterio pluo\u0161tai.<br data-start=\"133\" data-end=\"136\" \/>Rankena: TPE .<\/p>\n<p>&nbsp;<\/p>\n","protected":false},"excerpt":{"rendered":"<p>\u0160is linksmas sensorinis bar\u0161kutis sukurtas tam, kad nuramint\u0173 ir \u012ftraukt\u0173 k\u016bdikio poj\u016b\u010dius. Kramtukas ( \u017eiedelis ) puikiai tinka nie\u017etin\u010dioms dantenoms palengvinti, o bar\u0161kutis ir \u012fvairios tekst\u016bros suteikia stimuliacijos ir skatina tyrin\u0117jim\u0105. Dotti, \u0161velnios sm\u0117lio spalvos su kontrastingais akcentais, suteikia \u0161velni\u0105 vizualin\u0119 stimuliacij\u0105, tod\u0117l \u0161is kramtukas yra puikus palydovas j\u016bs\u0173 k\u016bdikio vystymuisi. Nesvarbu, ar jis ramina [&hellip;]<\/p>\n","protected":false},"featured_media":9162,"template":"","meta":[],"product_brand":[],"product_cat":[186,66],"product_tag":[218,177,779,42,780],"class_list":{"0":"post-9161","1":"product","2":"type-product","3":"status-publish","4":"has-post-thumbnail","6":"product_cat-naujienos","7":"product_cat-zaislai","8":"product_tag-barskutis","9":"product_tag-done-by-deer","10":"product_tag-done-by-deer-barskutis","11":"product_tag-zaislai","12":"product_tag-zaislai-kudikiui","13":"","15":"first","16":"instock","17":"taxable","18":"shipping-taxable","19":"purchasable","20":"product-type-simple"},"_links":{"self":[{"href":"https:\/\/secihouse.lt\/index.php\/wp-json\/wp\/v2\/product\/9161","targetHints":{"allow":["GET"]}}],"collection":[{"href":"https:\/\/secihouse.lt\/index.php\/wp-json\/wp\/v2\/product"}],"about":[{"href":"https:\/\/secihouse.lt\/index.php\/wp-json\/wp\/v2\/types\/product"}],"wp:featuredmedia":[{"embeddable":true,"href":"https:\/\/secihouse.lt\/index.php\/wp-json\/wp\/v2\/media\/9162"}],"wp:attachment":[{"href":"https:\/\/secihouse.lt\/index.php\/wp-json\/wp\/v2\/media?parent=9161"}],"wp:term":[{"taxonomy":"product_brand","embeddable":true,"href":"https:\/\/secihouse.lt\/index.php\/wp-json\/wp\/v2\/product_brand?post=9161"},{"taxonomy":"product_cat","embeddable":true,"href":"https:\/\/secihouse.lt\/index.php\/wp-json\/wp\/v2\/product_cat?post=9161"},{"taxonomy":"product_tag","embeddable":true,"href":"https:\/\/secihouse.lt\/index.php\/wp-json\/wp\/v2\/product_tag?post=9161"}],"curies":[{"name":"wp","href":"https:\/\/api.w.org\/{rel}","templated":true}]}}