{"id":9156,"date":"2025-04-25T08:05:02","date_gmt":"2025-04-25T06:05:02","guid":{"rendered":"https:\/\/secihouse.lt\/?post_type=product&#038;p=9156"},"modified":"2025-04-25T08:05:02","modified_gmt":"2025-04-25T06:05:02","slug":"done-by-deer-silikoninis-ciulptuko-deklas-sheep-sand","status":"publish","type":"product","link":"https:\/\/secihouse.lt\/index.php\/product\/done-by-deer-silikoninis-ciulptuko-deklas-sheep-sand\/","title":{"rendered":"Done by Deer silikoninis \u010diulptuko d\u0117klas &#8211; Sheep sand"},"content":{"rendered":"<p>Miela ma\u017ea avyt\u0117 i\u0161saugos \u010diulptuk\u0105 \u0161var\u0173 ir visada bus \u0161alia kai tik prireiks ma\u017eyliui<\/p>\n<p class=\"\" data-start=\"49\" data-end=\"556\">\u2022 \u010ciulptuko laikiklis i\u0161laiko k\u016bdikio \u010diulptukus \u0161varius, paruo\u0161tus naudoti ir lengvai pasiekiamus<br data-start=\"125\" data-end=\"128\" \/>\u2022 Pagaminta i\u0161 mink\u0161to silikono, su vieta 2-3 \u010diulptukams<br data-start=\"185\" data-end=\"188\" \/>\u2022 Reguliuojama juostel\u0117 patogiam pritvirtinimui prie ve\u017eim\u0117lio arba vystykl\u0173 krep\u0161io<br data-start=\"272\" data-end=\"275\" \/>\u2022 Ma\u017eas atidarymas apa\u010dioje leid\u017eia skys\u010diams nutek\u0117ti<br data-start=\"329\" data-end=\"332\" \/>\u2022 \u0160velniai suspauskite, kad atidarytum\u0117te d\u0117kliuk\u0105 ir i\u0161imtum\u0117te \u010diulptukus<br data-start=\"406\" data-end=\"409\" \/>\u2022 \u0160velni sm\u0117lio spalva su \u017eaisminga Sheepy fig\u016bra ir motyvu<br data-start=\"468\" data-end=\"471\" \/>\u2022 Bus pasir\u016bpinta, kad j\u016bs\u0173 ma\u017eylio \u010diulptukas b\u016bt\u0173 \u0161varus ir saugus.<\/p>\n<p class=\"\" data-start=\"38\" data-end=\"71\"><strong data-start=\"38\" data-end=\"53\">Dydis:<\/strong>18 x 9,5 x 4 cm<\/p>\n<p class=\"\" data-start=\"73\" data-end=\"145\"><strong data-start=\"73\" data-end=\"98\">Kaip pasir\u016bpinti \u010diulptuko d\u0117klu:<\/strong><br data-start=\"98\" data-end=\"101\" \/>Atsparus temperat\u016brai: nuo -40 \u00b0C iki 230 \u00b0C<\/p>\n<p class=\"\" data-start=\"21\" data-end=\"73\"><strong data-start=\"21\" data-end=\"46\">Pagamintas:\u00a0<\/strong>100 % maistinio silikono<\/p>\n<p>&nbsp;<\/p>\n","protected":false},"excerpt":{"rendered":"<p>Miela ma\u017ea avyt\u0117 i\u0161saugos \u010diulptuk\u0105 \u0161var\u0173 ir visada bus \u0161alia kai tik prireiks ma\u017eyliui \u2022 \u010ciulptuko laikiklis i\u0161laiko k\u016bdikio \u010diulptukus \u0161varius, paruo\u0161tus naudoti ir lengvai pasiekiamus\u2022 Pagaminta i\u0161 mink\u0161to silikono, su vieta 2-3 \u010diulptukams\u2022 Reguliuojama juostel\u0117 patogiam pritvirtinimui prie ve\u017eim\u0117lio arba vystykl\u0173 krep\u0161io\u2022 Ma\u017eas atidarymas apa\u010dioje leid\u017eia skys\u010diams nutek\u0117ti\u2022 \u0160velniai suspauskite, kad atidarytum\u0117te d\u0117kliuk\u0105 ir [&hellip;]<\/p>\n","protected":false},"featured_media":9157,"template":"","meta":[],"product_brand":[],"product_cat":[62,186],"product_tag":[778,395,177,777],"class_list":{"0":"post-9156","1":"product","2":"type-product","3":"status-publish","4":"has-post-thumbnail","6":"product_cat-ciulptukai","7":"product_cat-naujienos","8":"product_tag-ciulptuko-deklas","9":"product_tag-ciulptukui","10":"product_tag-done-by-deer","11":"product_tag-silikoninis-ciulptuko-deklas","12":"","14":"first","15":"instock","16":"taxable","17":"shipping-taxable","18":"purchasable","19":"product-type-simple"},"_links":{"self":[{"href":"https:\/\/secihouse.lt\/index.php\/wp-json\/wp\/v2\/product\/9156","targetHints":{"allow":["GET"]}}],"collection":[{"href":"https:\/\/secihouse.lt\/index.php\/wp-json\/wp\/v2\/product"}],"about":[{"href":"https:\/\/secihouse.lt\/index.php\/wp-json\/wp\/v2\/types\/product"}],"wp:featuredmedia":[{"embeddable":true,"href":"https:\/\/secihouse.lt\/index.php\/wp-json\/wp\/v2\/media\/9157"}],"wp:attachment":[{"href":"https:\/\/secihouse.lt\/index.php\/wp-json\/wp\/v2\/media?parent=9156"}],"wp:term":[{"taxonomy":"product_brand","embeddable":true,"href":"https:\/\/secihouse.lt\/index.php\/wp-json\/wp\/v2\/product_brand?post=9156"},{"taxonomy":"product_cat","embeddable":true,"href":"https:\/\/secihouse.lt\/index.php\/wp-json\/wp\/v2\/product_cat?post=9156"},{"taxonomy":"product_tag","embeddable":true,"href":"https:\/\/secihouse.lt\/index.php\/wp-json\/wp\/v2\/product_tag?post=9156"}],"curies":[{"name":"wp","href":"https:\/\/api.w.org\/{rel}","templated":true}]}}