{"id":9152,"date":"2025-04-25T07:57:34","date_gmt":"2025-04-25T05:57:34","guid":{"rendered":"https:\/\/secihouse.lt\/?post_type=product&#038;p=9152"},"modified":"2025-04-25T07:57:34","modified_gmt":"2025-04-25T05:57:34","slug":"done-by-deer-silikonine-lekste-tiny-farm-sand","status":"publish","type":"product","link":"https:\/\/secihouse.lt\/index.php\/product\/done-by-deer-silikonine-lekste-tiny-farm-sand\/","title":{"rendered":"Done by Deer silikonin\u0117 l\u0117k\u0161t\u0117 tiny farm &#8211; Sand"},"content":{"rendered":"<p>\u017daisminga l\u0117k\u0161t\u0117, kuri puikiai prisitvirtina prie pavir\u0161iaus ir n\u0117ra galimyb\u0117s ma\u017eyliui i\u0161mesti l\u0117k\u0161tut\u0119 ant grind\u0173.<\/p>\n<p>\u2022 Prakti\u0161kas siurbtuko pagrindas neleid\u017eia ma\u017eyliui stumdyti, versti ar m\u0117tyti \u00a0l\u0117k\u0161t\u0117s<br data-start=\"146\" data-end=\"149\" \/>\u2022 Pagaminta i\u0161 maistinio silikono, be BPA ir kit\u0173 kenksming\u0173 med\u017eiag\u0173<br data-start=\"218\" data-end=\"221\" \/>\u2022 Saugiai galima naudoti mikrobang\u0173 krosnel\u0117je, orkait\u0117je ir \u0161aldiklyje<br data-start=\"292\" data-end=\"295\" \/>\u2022 Tinka plauti indaplov\u0117je \u2013 rekomenduojama naudoti bekvap\u012f plovikl\u012f, skirt\u0105 silikonui<br data-start=\"381\" data-end=\"384\" \/>\u2022 Patvari ir ilgaam\u017e\u0117 med\u017eiaga<br data-start=\"414\" data-end=\"417\" \/>\u2022 \u0160velni sm\u0117lio spalva su \u017eaismingu Sheepy ir Dotti motyvu<br data-start=\"475\" data-end=\"478\" \/>\u2022 Tegul l\u0117k\u0161tut\u0117 \u012fkvepia ma\u017eyl\u012f dr\u0105siai ragauti ir atrasti maisto pasaul\u012f<\/p>\n<p class=\"\" data-start=\"38\" data-end=\"75\"><strong data-start=\"38\" data-end=\"65\">Rekomenduojamas am\u017eius:\u00a0<\/strong>0+ m\u0117n.<\/p>\n<p class=\"\" data-start=\"77\" data-end=\"107\"><strong data-start=\"77\" data-end=\"92\">Dydis:\u00a0<\/strong>\u00d818 x H 3 cm<\/p>\n<p class=\"\" data-start=\"109\" data-end=\"261\"><strong data-start=\"109\" data-end=\"134\">Kaip \u00a0pasir\u016bpinti l\u0117k\u0161te:<\/strong><br data-start=\"134\" data-end=\"137\" \/>Galima plauti indaplov\u0117je iki 100 \u00b0C.<br data-start=\"174\" data-end=\"177\" \/>Tinka naudoti mikrobang\u0173 krosnel\u0117je.<br data-start=\"213\" data-end=\"216\" \/>Atsparus temperat\u016brai: nuo -40 \u00b0C iki 230 \u00b0C.<\/p>\n<p class=\"\" data-start=\"109\" data-end=\"261\"><strong data-start=\"21\" data-end=\"46\">L\u0117k\u0161t\u0117 pagaminta:\u00a0<\/strong>100 % maistinio silikono<\/p>\n<p>&nbsp;<\/p>\n","protected":false},"excerpt":{"rendered":"<p>\u017daisminga l\u0117k\u0161t\u0117, kuri puikiai prisitvirtina prie pavir\u0161iaus ir n\u0117ra galimyb\u0117s ma\u017eyliui i\u0161mesti l\u0117k\u0161tut\u0119 ant grind\u0173. \u2022 Prakti\u0161kas siurbtuko pagrindas neleid\u017eia ma\u017eyliui stumdyti, versti ar m\u0117tyti \u00a0l\u0117k\u0161t\u0117s\u2022 Pagaminta i\u0161 maistinio silikono, be BPA ir kit\u0173 kenksming\u0173 med\u017eiag\u0173\u2022 Saugiai galima naudoti mikrobang\u0173 krosnel\u0117je, orkait\u0117je ir \u0161aldiklyje\u2022 Tinka plauti indaplov\u0117je \u2013 rekomenduojama naudoti bekvap\u012f plovikl\u012f, skirt\u0105 silikonui\u2022 Patvari [&hellip;]<\/p>\n","protected":false},"featured_media":9153,"template":"","meta":[],"product_brand":[],"product_cat":[65,186],"product_tag":[177,775,776,164,169,337,172,335],"class_list":{"0":"post-9152","1":"product","2":"type-product","3":"status-publish","4":"has-post-thumbnail","6":"product_cat-laikas-pietums","7":"product_cat-naujienos","8":"product_tag-done-by-deer","9":"product_tag-done-by-deer-lekste","10":"product_tag-indai-valgymui","11":"product_tag-laikas-pietums","12":"product_tag-lekste-limpanciu-dugnu","13":"product_tag-maistui","14":"product_tag-silikonine-lekste","15":"product_tag-valgymui","16":"","18":"first","19":"instock","20":"taxable","21":"shipping-taxable","22":"purchasable","23":"product-type-simple"},"_links":{"self":[{"href":"https:\/\/secihouse.lt\/index.php\/wp-json\/wp\/v2\/product\/9152","targetHints":{"allow":["GET"]}}],"collection":[{"href":"https:\/\/secihouse.lt\/index.php\/wp-json\/wp\/v2\/product"}],"about":[{"href":"https:\/\/secihouse.lt\/index.php\/wp-json\/wp\/v2\/types\/product"}],"wp:featuredmedia":[{"embeddable":true,"href":"https:\/\/secihouse.lt\/index.php\/wp-json\/wp\/v2\/media\/9153"}],"wp:attachment":[{"href":"https:\/\/secihouse.lt\/index.php\/wp-json\/wp\/v2\/media?parent=9152"}],"wp:term":[{"taxonomy":"product_brand","embeddable":true,"href":"https:\/\/secihouse.lt\/index.php\/wp-json\/wp\/v2\/product_brand?post=9152"},{"taxonomy":"product_cat","embeddable":true,"href":"https:\/\/secihouse.lt\/index.php\/wp-json\/wp\/v2\/product_cat?post=9152"},{"taxonomy":"product_tag","embeddable":true,"href":"https:\/\/secihouse.lt\/index.php\/wp-json\/wp\/v2\/product_tag?post=9152"}],"curies":[{"name":"wp","href":"https:\/\/api.w.org\/{rel}","templated":true}]}}