{"id":9145,"date":"2025-04-25T07:49:59","date_gmt":"2025-04-25T05:49:59","guid":{"rendered":"https:\/\/secihouse.lt\/?post_type=product&#038;p=9145"},"modified":"2025-04-25T07:49:59","modified_gmt":"2025-04-25T05:49:59","slug":"done-by-deer-lekste-tiny-farm-sand","status":"publish","type":"product","link":"https:\/\/secihouse.lt\/index.php\/product\/done-by-deer-lekste-tiny-farm-sand\/","title":{"rendered":"Done by Deer l\u0117k\u0161t\u0117 Tiny farm &#8211; Sand"},"content":{"rendered":"<p data-start=\"57\" data-end=\"507\">Nuostabi l\u0117k\u0161tut\u0117, kurioje maistas dar skanesnis!<\/p>\n<p class=\"\" data-start=\"57\" data-end=\"507\">\u2022 Prakti\u0161kas neslystantis pagrindas u\u017etikrina, kad l\u0117k\u0161t\u0117s indas i\u0161likt\u0173 vietoje valgymo metu<br data-start=\"161\" data-end=\"164\" \/>\u2022 Trys skyriai padeda atskirti vaiko maist\u0105<br data-start=\"207\" data-end=\"210\" \/>\u2022 Pagaminta i\u0161 maistinio PP plastiko, be BPA ir kit\u0173 kenksming\u0173 med\u017eiag\u0173<br data-start=\"282\" data-end=\"285\" \/>\u2022 Trys atskiri skyriai skirtingiems maisto produktams<br data-start=\"363\" data-end=\"366\" \/>\u2022 \u0160velni sm\u0117lio spalva su \u017eaismingu Dotti ir Sheepy motyvu<br data-start=\"424\" data-end=\"427\" \/>\u2022 Tegul \u0161i l\u0117k\u0161tut\u0117 \u012fkvepia ma\u017eyl\u012f noriai valgyti ir tyrin\u0117ti maist\u0105.<\/p>\n<p class=\"\" data-start=\"38\" data-end=\"75\"><strong data-start=\"38\" data-end=\"65\">Rekomenduojamas am\u017eius:\u00a0<\/strong>0+ m\u0117n.<\/p>\n<p class=\"\" data-start=\"77\" data-end=\"111\"><strong data-start=\"77\" data-end=\"92\">Dydis:\u00a0<\/strong>22 x 18 x H 2 cm<\/p>\n<p class=\"\" data-start=\"113\" data-end=\"344\"><strong data-start=\"113\" data-end=\"138\">Kaip \u00a0pasir\u016bpinti l\u0117k\u0161tute:<\/strong><br data-start=\"138\" data-end=\"141\" \/>Tinka naudoti mikrobang\u0173 krosnel\u0117je.<br data-start=\"177\" data-end=\"180\" \/>Nenaudoti orkait\u0117je.<br data-start=\"200\" data-end=\"203\" \/>Galima plauti indaplov\u0117je (maks. 70 \u00b0C), ta\u010diau rekomenduojama neperkrauti indaplov\u0117s, kad ant TPE pavir\u0161iaus nelikt\u0173 \u017eymi\u0173 nuo kit\u0173 daikt\u0173.<\/p>\n<p class=\"\" data-start=\"113\" data-end=\"344\"><strong data-start=\"21\" data-end=\"46\">L\u0117k\u0161tut\u0117 pagaminta:<\/strong><br data-start=\"46\" data-end=\"49\" \/>100 % maistinio PP plastiko su neslystan\u010diu TPE pagrindu<\/p>\n<p data-start=\"57\" data-end=\"507\">\n","protected":false},"excerpt":{"rendered":"<p>Nuostabi l\u0117k\u0161tut\u0117, kurioje maistas dar skanesnis! \u2022 Prakti\u0161kas neslystantis pagrindas u\u017etikrina, kad l\u0117k\u0161t\u0117s indas i\u0161likt\u0173 vietoje valgymo metu\u2022 Trys skyriai padeda atskirti vaiko maist\u0105\u2022 Pagaminta i\u0161 maistinio PP plastiko, be BPA ir kit\u0173 kenksming\u0173 med\u017eiag\u0173\u2022 Trys atskiri skyriai skirtingiems maisto produktams\u2022 \u0160velni sm\u0117lio spalva su \u017eaismingu Dotti ir Sheepy motyvu\u2022 Tegul \u0161i l\u0117k\u0161tut\u0117 \u012fkvepia ma\u017eyl\u012f [&hellip;]<\/p>\n","protected":false},"featured_media":9146,"template":"","meta":[],"product_brand":[],"product_cat":[65,186],"product_tag":[177,164,170,337,774,335],"class_list":{"0":"post-9145","1":"product","2":"type-product","3":"status-publish","4":"has-post-thumbnail","6":"product_cat-laikas-pietums","7":"product_cat-naujienos","8":"product_tag-done-by-deer","9":"product_tag-laikas-pietums","10":"product_tag-lekste","11":"product_tag-maistui","12":"product_tag-valgymo-lekste","13":"product_tag-valgymui","14":"","16":"first","17":"instock","18":"taxable","19":"shipping-taxable","20":"purchasable","21":"product-type-simple"},"_links":{"self":[{"href":"https:\/\/secihouse.lt\/index.php\/wp-json\/wp\/v2\/product\/9145","targetHints":{"allow":["GET"]}}],"collection":[{"href":"https:\/\/secihouse.lt\/index.php\/wp-json\/wp\/v2\/product"}],"about":[{"href":"https:\/\/secihouse.lt\/index.php\/wp-json\/wp\/v2\/types\/product"}],"wp:featuredmedia":[{"embeddable":true,"href":"https:\/\/secihouse.lt\/index.php\/wp-json\/wp\/v2\/media\/9146"}],"wp:attachment":[{"href":"https:\/\/secihouse.lt\/index.php\/wp-json\/wp\/v2\/media?parent=9145"}],"wp:term":[{"taxonomy":"product_brand","embeddable":true,"href":"https:\/\/secihouse.lt\/index.php\/wp-json\/wp\/v2\/product_brand?post=9145"},{"taxonomy":"product_cat","embeddable":true,"href":"https:\/\/secihouse.lt\/index.php\/wp-json\/wp\/v2\/product_cat?post=9145"},{"taxonomy":"product_tag","embeddable":true,"href":"https:\/\/secihouse.lt\/index.php\/wp-json\/wp\/v2\/product_tag?post=9145"}],"curies":[{"name":"wp","href":"https:\/\/api.w.org\/{rel}","templated":true}]}}