{"id":9138,"date":"2025-04-25T07:37:57","date_gmt":"2025-04-25T05:37:57","guid":{"rendered":"https:\/\/secihouse.lt\/?post_type=product&#038;p=9138"},"modified":"2025-04-25T07:41:55","modified_gmt":"2025-04-25T05:41:55","slug":"done-by-deer-maisto-laikymo-indeliai-powder","status":"publish","type":"product","link":"https:\/\/secihouse.lt\/index.php\/product\/done-by-deer-maisto-laikymo-indeliai-powder\/","title":{"rendered":"Done by Deer maisto laikymo indeliai &#8211; Powder"},"content":{"rendered":"<p>\u2022 Du k\u016bdiki\u0173 maisto indeliai pad\u0117s i\u0161laikyti maist\u0105 \u0161vie\u017ei\u0105<br data-start=\"100\" data-end=\"103\" \/>\u2022 Prisukamas dangtelis u\u017etikrina, kad indeliai b\u016bt\u0173 sandar\u016bs ir nepraleist\u0173 skys\u010di\u0173<br data-start=\"186\" data-end=\"189\" data-is-only-node=\"\" \/>\u2022 Indeliai yra lengvai sudedami vienas ant kito, tod\u0117l juos patogu laikyti kartu<br data-start=\"263\" data-end=\"266\" \/>\u2022 Saugus naudoti mikrobang\u0173 krosnel\u0117je ir indaplov\u0117je<br data-start=\"319\" data-end=\"322\" \/>\u2022 Pagaminti i\u0161 maistui tinkamo Tritan plastiko, be BPA ir kit\u0173 kenksming\u0173 med\u017eiag\u0173<br data-start=\"404\" data-end=\"407\" \/>\u2022 \u0160velnios pudros spalvos su smagiais Pigee ir bra\u0161ki\u0173 motyvais<br data-start=\"470\" data-end=\"473\" \/>\u2022 \u0160ie maisto indeliaipasir\u016bpina, kad u\u017ekand\u017eiai ir maistas b\u016bt\u0173 saug\u016bs keliaujan<\/p>\n<p class=\"\" data-start=\"56\" data-end=\"93\"><strong data-start=\"56\" data-end=\"83\">Rekomenduojamas am\u017eius:\u00a0<\/strong>0+ m\u0117n.<\/p>\n<p class=\"\" data-start=\"95\" data-end=\"124\"><strong data-start=\"95\" data-end=\"110\">Dydis:\u00a0<\/strong>\u00d88 x H 8 cm<\/p>\n<p class=\"\" data-start=\"126\" data-end=\"145\"><strong data-start=\"126\" data-end=\"136\">T\u016bris:\u00a0<\/strong>150 ml<\/p>\n<p class=\"\" data-start=\"147\" data-end=\"326\"><strong data-start=\"147\" data-end=\"172\">Kaip \u00a0pasir\u016bpinti indeliais:<\/strong><br data-start=\"172\" data-end=\"175\" \/>Galima plauti indaplov\u0117je (iki 70 \u00b0C, tik vir\u0161utin\u0117je lentynoje).<br data-start=\"240\" data-end=\"243\" \/>Galima naudoti mikrobang\u0173 krosnel\u0117je (nu\u0117mus dangtel\u012f).<br data-start=\"298\" data-end=\"301\" \/>Tinka \u0161aldyti \u0161aldiklyje.<\/p>\n<p class=\"\" data-start=\"147\" data-end=\"326\"><strong data-start=\"21\" data-end=\"46\">Indeliai pagaminti:<\/strong><br data-start=\"46\" data-end=\"49\" \/>Indelis: 100 % maistinio Tritan plastiko<br data-start=\"89\" data-end=\"92\" \/>Dangtelis: 100 % maistinio PP (polipropileno)<\/p>\n<p>&nbsp;<\/p>\n","protected":false},"excerpt":{"rendered":"<p>\u2022 Du k\u016bdiki\u0173 maisto indeliai pad\u0117s i\u0161laikyti maist\u0105 \u0161vie\u017ei\u0105\u2022 Prisukamas dangtelis u\u017etikrina, kad indeliai b\u016bt\u0173 sandar\u016bs ir nepraleist\u0173 skys\u010di\u0173\u2022 Indeliai yra lengvai sudedami vienas ant kito, tod\u0117l juos patogu laikyti kartu\u2022 Saugus naudoti mikrobang\u0173 krosnel\u0117je ir indaplov\u0117je\u2022 Pagaminti i\u0161 maistui tinkamo Tritan plastiko, be BPA ir kit\u0173 kenksming\u0173 med\u017eiag\u0173\u2022 \u0160velnios pudros spalvos su smagiais Pigee [&hellip;]<\/p>\n","protected":false},"featured_media":9139,"template":"","meta":[],"product_brand":[],"product_cat":[65,186],"product_tag":[177,329,330,164,337,773,335],"class_list":{"0":"post-9138","1":"product","2":"type-product","3":"status-publish","4":"has-post-thumbnail","6":"product_cat-laikas-pietums","7":"product_cat-naujienos","8":"product_tag-done-by-deer","9":"product_tag-indai","10":"product_tag-indeliai","11":"product_tag-laikas-pietums","12":"product_tag-maistui","13":"product_tag-valgymo-indeliai","14":"product_tag-valgymui","15":"","17":"first","18":"instock","19":"taxable","20":"shipping-taxable","21":"purchasable","22":"product-type-simple"},"_links":{"self":[{"href":"https:\/\/secihouse.lt\/index.php\/wp-json\/wp\/v2\/product\/9138","targetHints":{"allow":["GET"]}}],"collection":[{"href":"https:\/\/secihouse.lt\/index.php\/wp-json\/wp\/v2\/product"}],"about":[{"href":"https:\/\/secihouse.lt\/index.php\/wp-json\/wp\/v2\/types\/product"}],"wp:featuredmedia":[{"embeddable":true,"href":"https:\/\/secihouse.lt\/index.php\/wp-json\/wp\/v2\/media\/9139"}],"wp:attachment":[{"href":"https:\/\/secihouse.lt\/index.php\/wp-json\/wp\/v2\/media?parent=9138"}],"wp:term":[{"taxonomy":"product_brand","embeddable":true,"href":"https:\/\/secihouse.lt\/index.php\/wp-json\/wp\/v2\/product_brand?post=9138"},{"taxonomy":"product_cat","embeddable":true,"href":"https:\/\/secihouse.lt\/index.php\/wp-json\/wp\/v2\/product_cat?post=9138"},{"taxonomy":"product_tag","embeddable":true,"href":"https:\/\/secihouse.lt\/index.php\/wp-json\/wp\/v2\/product_tag?post=9138"}],"curies":[{"name":"wp","href":"https:\/\/api.w.org\/{rel}","templated":true}]}}