{"id":9085,"date":"2025-02-13T17:16:32","date_gmt":"2025-02-13T15:16:32","guid":{"rendered":"https:\/\/secihouse.lt\/?post_type=product&#038;p=9085"},"modified":"2025-04-28T08:37:16","modified_gmt":"2025-04-28T06:37:16","slug":"gommu-stilinga-kepure","status":"publish","type":"product","link":"https:\/\/secihouse.lt\/index.php\/product\/gommu-stilinga-kepure\/","title":{"rendered":"GOMMU stilinga kepur\u0117"},"content":{"rendered":"<p>GOMMU stilinga kepur\u0117 puikus aksesuaras visoms Gommu l\u0117l\u0117ms.\u00a0Jame yra reguliuojami rai\u0161teliai, leid\u017eiantys pritvirtinti kepur\u0119 po GOMMU smakru, u\u017etikrinant tvirt\u0105 ir patog\u0173 prigludim\u0105. Mink\u0161tas, kv\u0117puojantis audinys u\u017etikrina, kad j\u016bs\u0173 l\u0117l\u0117 jaust\u0173si patogiai, nesvarbu, ar ji leid\u017eiasi \u012f naujus nuotykius, ar tiesiog ilsisi namuose.<\/p>\n<p>&nbsp;<\/p>\n<p><strong>Med\u017eiaga:<\/strong> 100% medviln\u0117<\/p>\n<p><strong>Rekomenduojamas am\u017eius:<\/strong> nuo 3met\u0173 +<\/p>\n<p>Visi GOMMU gaminiai pagaminti i\u0161 auk\u0161tos kokyb\u0117s med\u017eiag\u0173. Laikykit\u0117s toliau pateikt\u0173 prie\u017ei\u016bros nurodym\u0173, kad u\u017etikrintum\u0117te kuo ilgesn\u012f gaminio tarnavimo laik\u0105:<\/p>\n<p>Skalbti \u0161altai ma\u0161inoje<br \/>\nNebalinkite auk\u0161toje temperat\u016broje.<br \/>\nNed\u017eiovinkite d\u017eiovykl\u0117je<br \/>\nNevalyti cheminiu b\u016bdu<br \/>\nSkalbkite su pana\u0161iomis spalvomis<\/p>\n<p>&nbsp;<\/p>\n","protected":false},"excerpt":{"rendered":"<p>GOMMU stilinga kepur\u0117 puikus aksesuaras visoms Gommu l\u0117l\u0117ms.\u00a0Jame yra reguliuojami rai\u0161teliai, leid\u017eiantys pritvirtinti kepur\u0119 po GOMMU smakru, u\u017etikrinant tvirt\u0105 ir patog\u0173 prigludim\u0105. Mink\u0161tas, kv\u0117puojantis audinys u\u017etikrina, kad j\u016bs\u0173 l\u0117l\u0117 jaust\u0173si patogiai, nesvarbu, ar ji leid\u017eiasi \u012f naujus nuotykius, ar tiesiog ilsisi namuose. &nbsp; Med\u017eiaga: 100% medviln\u0117 Rekomenduojamas am\u017eius: nuo 3met\u0173 + Visi GOMMU gaminiai pagaminti [&hellip;]<\/p>\n","protected":false},"featured_media":9086,"template":"","meta":[],"product_brand":[],"product_cat":[186,66],"product_tag":[403,770,768,411,771,42],"class_list":{"0":"post-9085","1":"product","2":"type-product","3":"status-publish","4":"has-post-thumbnail","6":"product_cat-naujienos","7":"product_cat-zaislai","8":"product_tag-gommu","9":"product_tag-gommu-kepure","10":"product_tag-gommu-rubai","11":"product_tag-gommu-zaislai","12":"product_tag-kepuraite-gommu","13":"product_tag-zaislai","14":"","16":"first","17":"instock","18":"taxable","19":"shipping-taxable","20":"purchasable","21":"product-type-simple"},"_links":{"self":[{"href":"https:\/\/secihouse.lt\/index.php\/wp-json\/wp\/v2\/product\/9085","targetHints":{"allow":["GET"]}}],"collection":[{"href":"https:\/\/secihouse.lt\/index.php\/wp-json\/wp\/v2\/product"}],"about":[{"href":"https:\/\/secihouse.lt\/index.php\/wp-json\/wp\/v2\/types\/product"}],"wp:featuredmedia":[{"embeddable":true,"href":"https:\/\/secihouse.lt\/index.php\/wp-json\/wp\/v2\/media\/9086"}],"wp:attachment":[{"href":"https:\/\/secihouse.lt\/index.php\/wp-json\/wp\/v2\/media?parent=9085"}],"wp:term":[{"taxonomy":"product_brand","embeddable":true,"href":"https:\/\/secihouse.lt\/index.php\/wp-json\/wp\/v2\/product_brand?post=9085"},{"taxonomy":"product_cat","embeddable":true,"href":"https:\/\/secihouse.lt\/index.php\/wp-json\/wp\/v2\/product_cat?post=9085"},{"taxonomy":"product_tag","embeddable":true,"href":"https:\/\/secihouse.lt\/index.php\/wp-json\/wp\/v2\/product_tag?post=9085"}],"curies":[{"name":"wp","href":"https:\/\/api.w.org\/{rel}","templated":true}]}}