{"id":9081,"date":"2025-02-13T17:11:40","date_gmt":"2025-02-13T15:11:40","guid":{"rendered":"https:\/\/secihouse.lt\/?post_type=product&#038;p=9081"},"modified":"2025-04-28T08:37:23","modified_gmt":"2025-04-28T06:37:23","slug":"gommu-komplektukas-suknele-su-pedkelnemis","status":"publish","type":"product","link":"https:\/\/secihouse.lt\/index.php\/product\/gommu-komplektukas-suknele-su-pedkelnemis\/","title":{"rendered":"GOMMU komplektukas &#8211; Suknel\u0117 su p\u0117dkeln\u0117mis"},"content":{"rendered":"<p>Gra\u017eus komplektukas kiekvienai l\u0117lytei!<\/p>\n<p>\u0160iame rinkinyje yra \u017eavinga suknel\u0117, pasi\u016bta i\u0161 \u0161velnaus poplino, marginta \u017eaismingu BLUE SKY ir SAND STRIPES ra\u0161tu, sukurian\u010diu gaiv\u0173 ir linksm\u0105 vaizd\u0105. Suknel\u0119 d\u0117v\u0117kite su jaukiomis GARSTY\u010cI\u0172 P\u0116DKELN\u0116MIS, puikiai tinkan\u010diomis suteikti gyvumo ir \u0161ilumos. Pasipuo\u0161kite savo GOMMU l\u0117lyt\u0119 su \u0161iuo rinkiniu, kad sukurtum\u0117te nuostab\u0173 komforto, mielumo ir nuojautos derin\u012f!<\/p>\n<p>\u0160ie ma\u017ei drabu\u017e\u0117liai puikiai padeda vystytis psichomotorikai, o vaikai smagiai rengs l\u0117lyt\u0119.<\/p>\n<p>&nbsp;<\/p>\n<p><strong>Med\u017eiaga:<\/strong> 100% medviln\u0117<\/p>\n<p><strong>Rekomenduojamas am\u017eius:<\/strong> nuo 3met\u0173 +<\/p>\n<p>Visi GOMMU gaminiai pagaminti i\u0161 auk\u0161tos kokyb\u0117s med\u017eiag\u0173. Laikykit\u0117s toliau pateikt\u0173 prie\u017ei\u016bros nurodym\u0173, kad u\u017etikrintum\u0117te kuo ilgesn\u012f gaminio tarnavimo laik\u0105:<\/p>\n<p>Skalbti \u0161altai ma\u0161inoje<br \/>\nNebalinkite auk\u0161toje temperat\u016broje.<br \/>\nNed\u017eiovinkite d\u017eiovykl\u0117je<br \/>\nNevalyti cheminiu b\u016bdu<br \/>\nSkalbkite su pana\u0161iomis spalvomis<\/p>\n<p>&nbsp;<\/p>\n","protected":false},"excerpt":{"rendered":"<p>Gra\u017eus komplektukas kiekvienai l\u0117lytei! \u0160iame rinkinyje yra \u017eavinga suknel\u0117, pasi\u016bta i\u0161 \u0161velnaus poplino, marginta \u017eaismingu BLUE SKY ir SAND STRIPES ra\u0161tu, sukurian\u010diu gaiv\u0173 ir linksm\u0105 vaizd\u0105. Suknel\u0119 d\u0117v\u0117kite su jaukiomis GARSTY\u010cI\u0172 P\u0116DKELN\u0116MIS, puikiai tinkan\u010diomis suteikti gyvumo ir \u0161ilumos. Pasipuo\u0161kite savo GOMMU l\u0117lyt\u0119 su \u0161iuo rinkiniu, kad sukurtum\u0117te nuostab\u0173 komforto, mielumo ir nuojautos derin\u012f! \u0160ie ma\u017ei [&hellip;]<\/p>\n","protected":false},"featured_media":9082,"template":"","meta":[],"product_brand":[],"product_cat":[186,66],"product_tag":[403,769,768,411,42],"class_list":{"0":"post-9081","1":"product","2":"type-product","3":"status-publish","4":"has-post-thumbnail","6":"product_cat-naujienos","7":"product_cat-zaislai","8":"product_tag-gommu","9":"product_tag-gommu-komplektukas","10":"product_tag-gommu-rubai","11":"product_tag-gommu-zaislai","12":"product_tag-zaislai","13":"","15":"first","16":"instock","17":"taxable","18":"shipping-taxable","19":"purchasable","20":"product-type-simple"},"_links":{"self":[{"href":"https:\/\/secihouse.lt\/index.php\/wp-json\/wp\/v2\/product\/9081","targetHints":{"allow":["GET"]}}],"collection":[{"href":"https:\/\/secihouse.lt\/index.php\/wp-json\/wp\/v2\/product"}],"about":[{"href":"https:\/\/secihouse.lt\/index.php\/wp-json\/wp\/v2\/types\/product"}],"wp:featuredmedia":[{"embeddable":true,"href":"https:\/\/secihouse.lt\/index.php\/wp-json\/wp\/v2\/media\/9082"}],"wp:attachment":[{"href":"https:\/\/secihouse.lt\/index.php\/wp-json\/wp\/v2\/media?parent=9081"}],"wp:term":[{"taxonomy":"product_brand","embeddable":true,"href":"https:\/\/secihouse.lt\/index.php\/wp-json\/wp\/v2\/product_brand?post=9081"},{"taxonomy":"product_cat","embeddable":true,"href":"https:\/\/secihouse.lt\/index.php\/wp-json\/wp\/v2\/product_cat?post=9081"},{"taxonomy":"product_tag","embeddable":true,"href":"https:\/\/secihouse.lt\/index.php\/wp-json\/wp\/v2\/product_tag?post=9081"}],"curies":[{"name":"wp","href":"https:\/\/api.w.org\/{rel}","templated":true}]}}