{"id":9077,"date":"2025-02-13T17:11:03","date_gmt":"2025-02-13T15:11:03","guid":{"rendered":"https:\/\/secihouse.lt\/?post_type=product&#038;p=9077"},"modified":"2025-04-28T08:37:29","modified_gmt":"2025-04-28T06:37:29","slug":"gommu-komplektukas-green-flowers","status":"publish","type":"product","link":"https:\/\/secihouse.lt\/index.php\/product\/gommu-komplektukas-green-flowers\/","title":{"rendered":"GOMMU komplektukas &#8211; Green flowers"},"content":{"rendered":"<p>\u0160ioje GREEN FLOWERS GOMMU aprangoje derinamas vinta\u017einis \u017eavesys su \u012fnoringumu. \u012e rinkin\u012f \u012feina gra\u017e\u016bs \u0161ortukai su apykakle, abu sukurti kerin\u010diais smulki\u0173 \u017dALI\u0172 G\u0116L\u0172 ra\u0161tais, i\u0161sibars\u010diusiais sm\u0117lio fone. \u017dydintys \u0161velniai pap\u016bsti \u017eaismingam, klasikiniam siluetui. Apykakl\u0117 su subtiliu raukini\u0173 apdaila suteikia papildomo gro\u017eio, \u012fr\u0117mina l\u0117l\u0117s veid\u0105.<\/p>\n<p>\u0160ios detal\u0117s padeda vystytis psichomotorikai, o vaikai smagiai rengia GOMMU l\u0117lytes ir derina detales.<\/p>\n<p>&nbsp;<\/p>\n<p><strong>Med\u017eiaga:<\/strong> 100% medviln\u0117<\/p>\n<p><strong>Rekomenduojamas am\u017eius:<\/strong> nuo 3met\u0173 +<\/p>\n<p>Visi GOMMU gaminiai pagaminti i\u0161 auk\u0161tos kokyb\u0117s med\u017eiag\u0173. Laikykit\u0117s toliau pateikt\u0173 prie\u017ei\u016bros nurodym\u0173, kad u\u017etikrintum\u0117te kuo ilgesn\u012f gaminio tarnavimo laik\u0105:<\/p>\n<p>Skalbti \u0161altai ma\u0161inoje<br \/>\nNebalinkite auk\u0161toje temperat\u016broje.<br \/>\nNed\u017eiovinkite d\u017eiovykl\u0117je<br \/>\nNevalyti cheminiu b\u016bdu<br \/>\nSkalbkite su pana\u0161iomis spalvomis<\/p>\n<p>&nbsp;<\/p>\n","protected":false},"excerpt":{"rendered":"<p>\u0160ioje GREEN FLOWERS GOMMU aprangoje derinamas vinta\u017einis \u017eavesys su \u012fnoringumu. \u012e rinkin\u012f \u012feina gra\u017e\u016bs \u0161ortukai su apykakle, abu sukurti kerin\u010diais smulki\u0173 \u017dALI\u0172 G\u0116L\u0172 ra\u0161tais, i\u0161sibars\u010diusiais sm\u0117lio fone. \u017dydintys \u0161velniai pap\u016bsti \u017eaismingam, klasikiniam siluetui. Apykakl\u0117 su subtiliu raukini\u0173 apdaila suteikia papildomo gro\u017eio, \u012fr\u0117mina l\u0117l\u0117s veid\u0105. \u0160ios detal\u0117s padeda vystytis psichomotorikai, o vaikai smagiai rengia GOMMU l\u0117lytes [&hellip;]<\/p>\n","protected":false},"featured_media":9078,"template":"","meta":[],"product_brand":[],"product_cat":[186,66],"product_tag":[403,769,768,411,42],"class_list":{"0":"post-9077","1":"product","2":"type-product","3":"status-publish","4":"has-post-thumbnail","6":"product_cat-naujienos","7":"product_cat-zaislai","8":"product_tag-gommu","9":"product_tag-gommu-komplektukas","10":"product_tag-gommu-rubai","11":"product_tag-gommu-zaislai","12":"product_tag-zaislai","13":"","15":"first","16":"instock","17":"taxable","18":"shipping-taxable","19":"purchasable","20":"product-type-simple"},"_links":{"self":[{"href":"https:\/\/secihouse.lt\/index.php\/wp-json\/wp\/v2\/product\/9077","targetHints":{"allow":["GET"]}}],"collection":[{"href":"https:\/\/secihouse.lt\/index.php\/wp-json\/wp\/v2\/product"}],"about":[{"href":"https:\/\/secihouse.lt\/index.php\/wp-json\/wp\/v2\/types\/product"}],"wp:featuredmedia":[{"embeddable":true,"href":"https:\/\/secihouse.lt\/index.php\/wp-json\/wp\/v2\/media\/9078"}],"wp:attachment":[{"href":"https:\/\/secihouse.lt\/index.php\/wp-json\/wp\/v2\/media?parent=9077"}],"wp:term":[{"taxonomy":"product_brand","embeddable":true,"href":"https:\/\/secihouse.lt\/index.php\/wp-json\/wp\/v2\/product_brand?post=9077"},{"taxonomy":"product_cat","embeddable":true,"href":"https:\/\/secihouse.lt\/index.php\/wp-json\/wp\/v2\/product_cat?post=9077"},{"taxonomy":"product_tag","embeddable":true,"href":"https:\/\/secihouse.lt\/index.php\/wp-json\/wp\/v2\/product_tag?post=9077"}],"curies":[{"name":"wp","href":"https:\/\/api.w.org\/{rel}","templated":true}]}}