{"id":9073,"date":"2025-02-13T17:01:37","date_gmt":"2025-02-13T15:01:37","guid":{"rendered":"https:\/\/secihouse.lt\/?post_type=product&#038;p=9073"},"modified":"2025-04-28T08:37:35","modified_gmt":"2025-04-28T06:37:35","slug":"gommu-merliukas-meskutis-dou-dou","status":"publish","type":"product","link":"https:\/\/secihouse.lt\/index.php\/product\/gommu-merliukas-meskutis-dou-dou\/","title":{"rendered":"GOMMU merliukas me\u0161kutis &#8211; Dou Dou"},"content":{"rendered":"<p>GOMMU DOU DOOU me\u0161kutis \u00a0yra guod\u017eiantis naujagimi\u0173 ir ma\u017eyli\u0173 kompanionas, turintis lygi\u0105 \u00a0me\u0161ku\u010dio galvut\u0119, kuri pagamint\u0105 i\u0161 \u00a0Hevea med\u017eio sul\u010di\u0173 100% nat\u016bralaus (gamtinio) kau\u010diuko ir turintis mink\u0161t\u0105 k\u016bn\u0105, kuris pagamintas i\u0161 100% medviln\u0117s.<\/p>\n<p>\u0160is \u017eavus merliukas dou dou puikiai tinka miego metu! Suteiks j\u016bs\u0173 vaikui saugumo ir \u0161ilumos jausm\u0105. Nesvarbu, ar esate namuose, ar keliaujate, GOMMU DOU DOU me\u0161kutis sukurtas taip, kad lyd\u0117t\u0173 j\u016bs\u0173 ma\u017eylius \u012f j\u0173 nuotykius, tod\u0117l jis yra idealus prisiglaudimo draugas, padedantis jiems jaustis saugiai.<\/p>\n<p><strong>Dydisi:<\/strong> 35cmx35cm.<\/p>\n<p><strong>Rekomenduojamas am\u017eius:<\/strong> 0m+<\/p>\n<p><strong>Sud\u0117tis:<\/strong> 100% Hevea + medviln\u0117<\/p>\n<p>Visi GOMMU gaminiai pagaminti i\u0161 auk\u0161tos kokyb\u0117s med\u017eiag\u0173. Laikykit\u0117s toliau pateikt\u0173 prie\u017ei\u016bros nurodym\u0173, kad u\u017etikrintum\u0117te kuo ilgesn\u012f gaminio tarnavimo laik\u0105:<\/p>\n<p>Nelaikykite auk\u0161toje temperat\u016broje.<br \/>\nNeplaukite abrazyviniais produktais.<br \/>\nNelaikykite s\u016briame vandenyje.<br \/>\nNat\u016bral\u0173 kau\u010diuk\u0105 dr\u0117kinkite nat\u016braliais dr\u0117kinamaisiais kremais.<\/p>\n<p>&nbsp;<\/p>\n","protected":false},"excerpt":{"rendered":"<p>GOMMU DOU DOOU me\u0161kutis \u00a0yra guod\u017eiantis naujagimi\u0173 ir ma\u017eyli\u0173 kompanionas, turintis lygi\u0105 \u00a0me\u0161ku\u010dio galvut\u0119, kuri pagamint\u0105 i\u0161 \u00a0Hevea med\u017eio sul\u010di\u0173 100% nat\u016bralaus (gamtinio) kau\u010diuko ir turintis mink\u0161t\u0105 k\u016bn\u0105, kuris pagamintas i\u0161 100% medviln\u0117s. \u0160is \u017eavus merliukas dou dou puikiai tinka miego metu! Suteiks j\u016bs\u0173 vaikui saugumo ir \u0161ilumos jausm\u0105. Nesvarbu, ar esate namuose, ar keliaujate, [&hellip;]<\/p>\n","protected":false},"featured_media":9074,"template":"","meta":[],"product_brand":[],"product_cat":[59,186],"product_tag":[403,766,767,191],"class_list":{"0":"post-9073","1":"product","2":"type-product","3":"status-publish","4":"has-post-thumbnail","6":"product_cat-miegas-prieziura","7":"product_cat-naujienos","8":"product_tag-gommu","9":"product_tag-gommu-merliukas","10":"product_tag-gommu-meskutis-merliukas","11":"product_tag-merliukas","12":"","14":"first","15":"instock","16":"taxable","17":"shipping-taxable","18":"purchasable","19":"product-type-simple"},"_links":{"self":[{"href":"https:\/\/secihouse.lt\/index.php\/wp-json\/wp\/v2\/product\/9073","targetHints":{"allow":["GET"]}}],"collection":[{"href":"https:\/\/secihouse.lt\/index.php\/wp-json\/wp\/v2\/product"}],"about":[{"href":"https:\/\/secihouse.lt\/index.php\/wp-json\/wp\/v2\/types\/product"}],"wp:featuredmedia":[{"embeddable":true,"href":"https:\/\/secihouse.lt\/index.php\/wp-json\/wp\/v2\/media\/9074"}],"wp:attachment":[{"href":"https:\/\/secihouse.lt\/index.php\/wp-json\/wp\/v2\/media?parent=9073"}],"wp:term":[{"taxonomy":"product_brand","embeddable":true,"href":"https:\/\/secihouse.lt\/index.php\/wp-json\/wp\/v2\/product_brand?post=9073"},{"taxonomy":"product_cat","embeddable":true,"href":"https:\/\/secihouse.lt\/index.php\/wp-json\/wp\/v2\/product_cat?post=9073"},{"taxonomy":"product_tag","embeddable":true,"href":"https:\/\/secihouse.lt\/index.php\/wp-json\/wp\/v2\/product_tag?post=9073"}],"curies":[{"name":"wp","href":"https:\/\/api.w.org\/{rel}","templated":true}]}}