{"id":9069,"date":"2025-02-13T16:52:22","date_gmt":"2025-02-13T14:52:22","guid":{"rendered":"https:\/\/secihouse.lt\/?post_type=product&#038;p=9069"},"modified":"2025-04-28T08:37:41","modified_gmt":"2025-04-28T06:37:41","slug":"gommu-minksta-lele-kudikis","status":"publish","type":"product","link":"https:\/\/secihouse.lt\/index.php\/product\/gommu-minksta-lele-kudikis\/","title":{"rendered":"GOMMU mink\u0161ta l\u0117l\u0117 &#8211; k\u016bdikis"},"content":{"rendered":"<p>Mink\u0161tut\u0117 l\u0117lyt\u0117 k\u016bdikis Gommu !<\/p>\n<p>\u0160ios \u017eavios l\u0117l\u0117s korpusas pagamintas tik i\u0161 mink\u0161tos, auk\u0161tos kokyb\u0117s med\u017eiagos, tod\u0117l ji \u0161velniai priglunda prie j\u016bs\u0173 ma\u017eylio odos ir i\u0161laiko savo i\u0161skirtin\u012f \u0161velnum\u0105. \u0160i l\u0117lyt\u0117 idealiai tinka prisiglausti, \u017eaisti ir puosel\u0117ti akimirkas.<\/p>\n<p>Gommu mink\u0161ta l\u0117lyt\u0117 taip pat padeda tobulinti smulki\u0105j\u0105 motorik\u0105 ir skatina emocin\u012f vystym\u0105si, kai vaikai vaidina \u017eaidim\u0105 ir kuria prasmingus ry\u0161ius su savo GOMMU kompanionu.<\/p>\n<p>&nbsp;<\/p>\n<p><strong>Med\u017eiaga<\/strong>:\u00a0i\u0161 100% lino + medviln\u0117s + perdirbtas poliesteris<\/p>\n<p><strong>Dydis<\/strong>: 32cm.<\/p>\n<p><strong>Rekomenduojamas am\u017eius:<\/strong> \u00a00m+<\/p>\n<p>Visi GOMMU gaminiai pagaminti i\u0161 auk\u0161tos kokyb\u0117s med\u017eiag\u0173. Laikykit\u0117s toliau pateikt\u0173 prie\u017ei\u016bros nurodym\u0173, kad u\u017etikrintum\u0117te kuo ilgesn\u012f gaminio tarnavimo laik\u0105:<\/p>\n<p>Skalbti \u0161altai ma\u0161inoje<br \/>\nNebalinkite auk\u0161toje temperat\u016broje.<br \/>\nNed\u017eiovinkite d\u017eiovykl\u0117je<br \/>\nNevalyti cheminiu b\u016bdu<br \/>\nSkalbkite su pana\u0161iomis spalvomis<\/p>\n<p>&nbsp;<\/p>\n","protected":false},"excerpt":{"rendered":"<p>Mink\u0161tut\u0117 l\u0117lyt\u0117 k\u016bdikis Gommu ! \u0160ios \u017eavios l\u0117l\u0117s korpusas pagamintas tik i\u0161 mink\u0161tos, auk\u0161tos kokyb\u0117s med\u017eiagos, tod\u0117l ji \u0161velniai priglunda prie j\u016bs\u0173 ma\u017eylio odos ir i\u0161laiko savo i\u0161skirtin\u012f \u0161velnum\u0105. \u0160i l\u0117lyt\u0117 idealiai tinka prisiglausti, \u017eaisti ir puosel\u0117ti akimirkas. Gommu mink\u0161ta l\u0117lyt\u0117 taip pat padeda tobulinti smulki\u0105j\u0105 motorik\u0105 ir skatina emocin\u012f vystym\u0105si, kai vaikai vaidina \u017eaidim\u0105 [&hellip;]<\/p>\n","protected":false},"featured_media":9070,"template":"","meta":[],"product_brand":[],"product_cat":[186,66],"product_tag":[403,406,765,764,184,42],"class_list":{"0":"post-9069","1":"product","2":"type-product","3":"status-publish","4":"has-post-thumbnail","6":"product_cat-naujienos","7":"product_cat-zaislai","8":"product_tag-gommu","9":"product_tag-gommu-lele","10":"product_tag-gommu-lele-kudikis","11":"product_tag-gommu-minksta-lele","12":"product_tag-lele","13":"product_tag-zaislai","14":"","16":"first","17":"instock","18":"taxable","19":"shipping-taxable","20":"purchasable","21":"product-type-simple"},"_links":{"self":[{"href":"https:\/\/secihouse.lt\/index.php\/wp-json\/wp\/v2\/product\/9069","targetHints":{"allow":["GET"]}}],"collection":[{"href":"https:\/\/secihouse.lt\/index.php\/wp-json\/wp\/v2\/product"}],"about":[{"href":"https:\/\/secihouse.lt\/index.php\/wp-json\/wp\/v2\/types\/product"}],"wp:featuredmedia":[{"embeddable":true,"href":"https:\/\/secihouse.lt\/index.php\/wp-json\/wp\/v2\/media\/9070"}],"wp:attachment":[{"href":"https:\/\/secihouse.lt\/index.php\/wp-json\/wp\/v2\/media?parent=9069"}],"wp:term":[{"taxonomy":"product_brand","embeddable":true,"href":"https:\/\/secihouse.lt\/index.php\/wp-json\/wp\/v2\/product_brand?post=9069"},{"taxonomy":"product_cat","embeddable":true,"href":"https:\/\/secihouse.lt\/index.php\/wp-json\/wp\/v2\/product_cat?post=9069"},{"taxonomy":"product_tag","embeddable":true,"href":"https:\/\/secihouse.lt\/index.php\/wp-json\/wp\/v2\/product_tag?post=9069"}],"curies":[{"name":"wp","href":"https:\/\/api.w.org\/{rel}","templated":true}]}}