{"id":8992,"date":"2024-12-06T16:18:06","date_gmt":"2024-12-06T14:18:06","guid":{"rendered":"https:\/\/secihouse.lt\/?post_type=product&#038;p=8992"},"modified":"2025-08-29T12:40:23","modified_gmt":"2025-08-29T10:40:23","slug":"olli-ella-lelyte-lila-lavender","status":"publish","type":"product","link":"https:\/\/secihouse.lt\/index.php\/product\/olli-ella-lelyte-lila-lavender\/","title":{"rendered":"Olli Ella l\u0117lyt\u0117 &#8211; Lila lavender"},"content":{"rendered":"<p>Stilinga ir be galo miela l\u0117lyt\u0117, kuria bus gera r\u016bpintis.\u00a0\u00a0Po purpuriniu trumpuoju paltuku ji vilki gra\u017eaus ra\u0161to gelton\u0105 suknel\u0119, o prie viso to d\u0117vi \u2013 balt\u0105 beret\u0119. \u0160i l\u0117lyt\u0117 pasiruo\u0161usi u\u017ekariauti pasaul\u012f, nesvarbu, koks oras! Galb\u016bt ji taps mados ie\u0161kotoja \u017eiemos \u017eygyje arba pavasario arbatos vakar\u0117lio vie\u0161nia, kad ir kokia ji b\u016bt\u0173, l\u0117lyt\u0117s ateitis yra tokia pat didel\u0117, kaip ir j\u016bs\u0173 ma\u017eylio vaizduot\u0117!<\/p>\n<p>\u017daiskite ir kiekvien\u0105 kart\u0105 papasakokite nauj\u0105 istorij\u0105 \ud83d\ude42<\/p>\n<p>\u0160i l\u0117lyt\u0117 be galo mink\u0161ta ir \u0161velnios med\u017eiagos.<\/p>\n<p><strong>L\u0117lyt\u0117 pagaminta:<\/strong>\u00a0i\u0161 medviln\u0117s ir poliesterio.<br \/>\n<strong>Am\u017eiaus rekomendacija:<\/strong> 3+ m\u0117n<\/p>\n<p><strong>Dydis:<\/strong><br \/>\nL\u0117l\u0117 23x17cm<\/p>\n<p><strong>Pakuot\u0117s dydis:<\/strong><br \/>\nP 18,5 x A 7,8 x P 27,7 cm<\/p>\n<p><strong>Svoris:<\/strong> 0,26 kg<\/p>\n<p><strong>Prie\u017ei\u016bra:<\/strong>\u00a0Skalbkite skalbini\u0173 mai\u0161elyje \u0161velniu \u0161alto ciklu, leiskite i\u0161d\u017ei\u016bti savaime.<\/p>\n<p>&nbsp;<\/p>\n","protected":false},"excerpt":{"rendered":"<p>Stilinga ir be galo miela l\u0117lyt\u0117, kuria bus gera r\u016bpintis.\u00a0\u00a0Po purpuriniu trumpuoju paltuku ji vilki gra\u017eaus ra\u0161to gelton\u0105 suknel\u0119, o prie viso to d\u0117vi \u2013 balt\u0105 beret\u0119. \u0160i l\u0117lyt\u0117 pasiruo\u0161usi u\u017ekariauti pasaul\u012f, nesvarbu, koks oras! Galb\u016bt ji taps mados ie\u0161kotoja \u017eiemos \u017eygyje arba pavasario arbatos vakar\u0117lio vie\u0161nia, kad ir kokia ji b\u016bt\u0173, l\u0117lyt\u0117s ateitis yra [&hellip;]<\/p>\n","protected":false},"featured_media":8993,"template":"","meta":[],"product_brand":[],"product_cat":[186,66],"product_tag":[184,254,724,763,250,256,607,42],"class_list":{"0":"post-8992","1":"product","2":"type-product","3":"status-publish","4":"has-post-thumbnail","6":"product_cat-naujienos","7":"product_cat-zaislai","8":"product_tag-lele","9":"product_tag-lelyte","10":"product_tag-minksta-lele","11":"product_tag-minksta-lelyte","12":"product_tag-olli-ella","13":"product_tag-olli-ella-lelyte","14":"product_tag-olli-ella-zaislai","15":"product_tag-zaislai","16":"","18":"first","19":"instock","20":"taxable","21":"shipping-taxable","22":"purchasable","23":"product-type-simple"},"_links":{"self":[{"href":"https:\/\/secihouse.lt\/index.php\/wp-json\/wp\/v2\/product\/8992","targetHints":{"allow":["GET"]}}],"collection":[{"href":"https:\/\/secihouse.lt\/index.php\/wp-json\/wp\/v2\/product"}],"about":[{"href":"https:\/\/secihouse.lt\/index.php\/wp-json\/wp\/v2\/types\/product"}],"wp:featuredmedia":[{"embeddable":true,"href":"https:\/\/secihouse.lt\/index.php\/wp-json\/wp\/v2\/media\/8993"}],"wp:attachment":[{"href":"https:\/\/secihouse.lt\/index.php\/wp-json\/wp\/v2\/media?parent=8992"}],"wp:term":[{"taxonomy":"product_brand","embeddable":true,"href":"https:\/\/secihouse.lt\/index.php\/wp-json\/wp\/v2\/product_brand?post=8992"},{"taxonomy":"product_cat","embeddable":true,"href":"https:\/\/secihouse.lt\/index.php\/wp-json\/wp\/v2\/product_cat?post=8992"},{"taxonomy":"product_tag","embeddable":true,"href":"https:\/\/secihouse.lt\/index.php\/wp-json\/wp\/v2\/product_tag?post=8992"}],"curies":[{"name":"wp","href":"https:\/\/api.w.org\/{rel}","templated":true}]}}