{"id":8991,"date":"2024-12-04T11:18:16","date_gmt":"2024-12-04T09:18:16","guid":{"rendered":"https:\/\/secihouse.lt\/?post_type=product&#038;p=8991"},"modified":"2025-08-17T14:53:10","modified_gmt":"2025-08-17T12:53:10","slug":"mrs-ertha-mano-pirmasis-skaitmeninis-fotoaparatas-rusted-little-garden","status":"publish","type":"product","link":"https:\/\/secihouse.lt\/index.php\/product\/mrs-ertha-mano-pirmasis-skaitmeninis-fotoaparatas-rusted-little-garden\/","title":{"rendered":"Mrs Ertha mano pirmasis skaitmeninis fotoaparatas &#8211; Rusted Little Garden"},"content":{"rendered":"<p>M\u016bs\u0173 skaitmeninis fotoaparatas yra ypa\u010d lengvas ir patogus ne\u0161iotis d\u0117l savo dir\u017eelio, kur\u012f galima lengvai ne\u0161ioti ant kaklo. Be to, kad galima fotografuoti ir filmuoti iki 40 Mp, jis turi antr\u0105 kamer\u0105 asmenuk\u0117ms. Jame taip pat yra 4 \u017eaidimai ir ma\u017edaug 50 juoking\u0173 efekt\u0173 ir kadr\u0173, kad visi gal\u0117t\u0173 smagiai praleisti laik\u0105. Jie taip pat gali \u012f aparat\u0105 \u012fterpti dain\u0173 s\u0105ra\u0161\u0105 ir klausytis v\u0117liau. Yra 4 GB atminties kortel\u0117.<\/p>\n<p>&nbsp;<\/p>\n<p><strong>FUNKCIJOS<\/strong><\/p>\n<p>&#8211; Priekin\u0117 kamera<\/p>\n<p>&#8211; Selfie kamera<\/p>\n<p>&#8211; Skaitmenin\u0117s nuotraukos iki 40 MP<\/p>\n<p>&#8211; Vaizdo \u012fra\u0161as iki 40 MP<\/p>\n<p>&#8211; \u012etraukti 4 \u017eaidimai<\/p>\n<p>&#8211; +50 juoking\u0173 kadr\u0173 ir efekt\u0173<\/p>\n<p>&#8211; Leid\u017eia muzik\u0105, \u012fd\u0117t\u0105 \u012f atminties kortel\u0119<\/p>\n<p>&#8211; Pridedama 4 Gb atminties kortel\u0117<\/p>\n","protected":false},"excerpt":{"rendered":"<p>M\u016bs\u0173 skaitmeninis fotoaparatas yra ypa\u010d lengvas ir patogus ne\u0161iotis d\u0117l savo dir\u017eelio, kur\u012f galima lengvai ne\u0161ioti ant kaklo. Be to, kad galima fotografuoti ir filmuoti iki 40 Mp, jis turi antr\u0105 kamer\u0105 asmenuk\u0117ms. Jame taip pat yra 4 \u017eaidimai ir ma\u017edaug 50 juoking\u0173 efekt\u0173 ir kadr\u0173, kad visi gal\u0117t\u0173 smagiai praleisti laik\u0105. Jie taip pat [&hellip;]<\/p>\n","protected":false},"featured_media":8007,"template":"","meta":[],"product_brand":[],"product_cat":[186,66],"product_tag":[618,640,620,42,619],"class_list":{"0":"post-8991","1":"product","2":"type-product","3":"status-publish","4":"has-post-thumbnail","6":"product_cat-naujienos","7":"product_cat-zaislai","8":"product_tag-fotoaparatas","9":"product_tag-nauja","10":"product_tag-vaikiskas-fotoapratas","11":"product_tag-zaislai","12":"product_tag-zaislinis-fotoapratas","13":"","15":"first","16":"outofstock","17":"taxable","18":"shipping-taxable","19":"purchasable","20":"product-type-simple"},"_links":{"self":[{"href":"https:\/\/secihouse.lt\/index.php\/wp-json\/wp\/v2\/product\/8991","targetHints":{"allow":["GET"]}}],"collection":[{"href":"https:\/\/secihouse.lt\/index.php\/wp-json\/wp\/v2\/product"}],"about":[{"href":"https:\/\/secihouse.lt\/index.php\/wp-json\/wp\/v2\/types\/product"}],"wp:featuredmedia":[{"embeddable":true,"href":"https:\/\/secihouse.lt\/index.php\/wp-json\/wp\/v2\/media\/8007"}],"wp:attachment":[{"href":"https:\/\/secihouse.lt\/index.php\/wp-json\/wp\/v2\/media?parent=8991"}],"wp:term":[{"taxonomy":"product_brand","embeddable":true,"href":"https:\/\/secihouse.lt\/index.php\/wp-json\/wp\/v2\/product_brand?post=8991"},{"taxonomy":"product_cat","embeddable":true,"href":"https:\/\/secihouse.lt\/index.php\/wp-json\/wp\/v2\/product_cat?post=8991"},{"taxonomy":"product_tag","embeddable":true,"href":"https:\/\/secihouse.lt\/index.php\/wp-json\/wp\/v2\/product_tag?post=8991"}],"curies":[{"name":"wp","href":"https:\/\/api.w.org\/{rel}","templated":true}]}}