{"id":8960,"date":"2024-11-27T10:54:33","date_gmt":"2024-11-27T08:54:33","guid":{"rendered":"https:\/\/secihouse.lt\/?post_type=product&#038;p=8960"},"modified":"2025-11-01T09:40:15","modified_gmt":"2025-11-01T07:40:15","slug":"konges-slojd-nuotoliniu-valdymu-masinele-police","status":"publish","type":"product","link":"https:\/\/secihouse.lt\/index.php\/product\/konges-slojd-nuotoliniu-valdymu-masinele-police\/","title":{"rendered":"Konges Slojd nuotoliniu valdymu ma\u0161in\u0117l\u0117 &#8211; Police"},"content":{"rendered":"<p>Policijos ma\u0161ina, kurioje s\u0117di katin\u0117liai ir laukia, kada ma\u017eylis su pulteliu ma\u0161in\u0105 valdys.<\/p>\n<p>\u0160is policijos automobilis yra paruo\u0161tas lenktyn\u0117ms. Paspaudus mygtuk\u0105 vir\u0161uje, automobilis skleid\u017eia pa\u017e\u012fstamus garsus ir ir tuo pa\u010diu gali groti \u00a0melodij\u0105. Smagiai valdykite j\u012f nuotolinio valdymo pultu.<\/p>\n<p>&nbsp;<\/p>\n<p><strong>Rekomenduojamas am\u017eius: \u00a0nuo 12m\u0117n. +<\/strong><\/p>\n<p><strong>Prie\u0161 naudojim\u0105 \u012f automobil\u012f \u012fd\u0117kite 3 x AA baterijas (nepridedama) ir 2 x AAA baterijas \u012f nuotolinio valdymo pult\u0105 (nepridedama) <\/strong><\/p>\n<p><strong>Pagaminta i\u0161:<\/strong> PP, ABS ir metalo<\/p>\n<p>&nbsp;<\/p>\n<p>&nbsp;<\/p>\n","protected":false},"excerpt":{"rendered":"<p>Policijos ma\u0161ina, kurioje s\u0117di katin\u0117liai ir laukia, kada ma\u017eylis su pulteliu ma\u0161in\u0105 valdys. \u0160is policijos automobilis yra paruo\u0161tas lenktyn\u0117ms. Paspaudus mygtuk\u0105 vir\u0161uje, automobilis skleid\u017eia pa\u017e\u012fstamus garsus ir ir tuo pa\u010diu gali groti \u00a0melodij\u0105. Smagiai valdykite j\u012f nuotolinio valdymo pultu. &nbsp; Rekomenduojamas am\u017eius: \u00a0nuo 12m\u0117n. + Prie\u0161 naudojim\u0105 \u012f automobil\u012f \u012fd\u0117kite 3 x AA baterijas (nepridedama) [&hellip;]<\/p>\n","protected":false},"featured_media":8961,"template":"","meta":[],"product_brand":[],"product_cat":[186,66],"product_tag":[762,236,761,760,42],"class_list":{"0":"post-8960","1":"product","2":"type-product","3":"status-publish","4":"has-post-thumbnail","6":"product_cat-naujienos","7":"product_cat-zaislai","8":"product_tag-konges-sloj-zaislai","9":"product_tag-konges-slojd","10":"product_tag-konges-slojd-masinele","11":"product_tag-konges-slojd-valdoma-masinele","12":"product_tag-zaislai","13":"","15":"first","16":"instock","17":"taxable","18":"shipping-taxable","19":"purchasable","20":"product-type-simple"},"_links":{"self":[{"href":"https:\/\/secihouse.lt\/index.php\/wp-json\/wp\/v2\/product\/8960","targetHints":{"allow":["GET"]}}],"collection":[{"href":"https:\/\/secihouse.lt\/index.php\/wp-json\/wp\/v2\/product"}],"about":[{"href":"https:\/\/secihouse.lt\/index.php\/wp-json\/wp\/v2\/types\/product"}],"wp:featuredmedia":[{"embeddable":true,"href":"https:\/\/secihouse.lt\/index.php\/wp-json\/wp\/v2\/media\/8961"}],"wp:attachment":[{"href":"https:\/\/secihouse.lt\/index.php\/wp-json\/wp\/v2\/media?parent=8960"}],"wp:term":[{"taxonomy":"product_brand","embeddable":true,"href":"https:\/\/secihouse.lt\/index.php\/wp-json\/wp\/v2\/product_brand?post=8960"},{"taxonomy":"product_cat","embeddable":true,"href":"https:\/\/secihouse.lt\/index.php\/wp-json\/wp\/v2\/product_cat?post=8960"},{"taxonomy":"product_tag","embeddable":true,"href":"https:\/\/secihouse.lt\/index.php\/wp-json\/wp\/v2\/product_tag?post=8960"}],"curies":[{"name":"wp","href":"https:\/\/api.w.org\/{rel}","templated":true}]}}